{"id":65145,"date":"2025-08-26T09:07:44","date_gmt":"2025-08-26T09:07:44","guid":{"rendered":"https:\/\/semarahhotels.com\/?post_type=product&#038;p=65145"},"modified":"2025-08-26T09:12:31","modified_gmt":"2025-08-26T09:12:31","slug":"peldesanas-piedzivojums-pirmklasniekiem-par-brivu","status":"publish","type":"product","link":"https:\/\/semarahhotels.com\/ru\/product\/peldesanas-piedzivojums-pirmklasniekiem-par-brivu\/","title":{"rendered":"PELD\u0112\u0160ANAS PIEDZ\u012aVOJUMS, PIRMKLASNIEKIEM PAR BR\u012aVU!"},"content":{"rendered":"<div class=\"offer-text-block\" data-cya11y-org-font-size=\"16\">\n<p data-cya11y-org-font-size=\"16\"><span data-cya11y-org-font-size=\"13\"><img loading=\"lazy\" decoding=\"async\" class=\"alignnone size-full wp-image-64894\" src=\"http:\/\/semarahhotels.com\/wp-content\/uploads\/2025\/08\/escape_school_test-9.jpg\" alt=\"\" width=\"1240\" height=\"827\" srcset=\"https:\/\/semarahhotels.com\/wp-content\/uploads\/2025\/08\/escape_school_test-9.jpg 1240w, https:\/\/semarahhotels.com\/wp-content\/uploads\/2025\/08\/escape_school_test-9-1024x683.jpg 1024w, https:\/\/semarahhotels.com\/wp-content\/uploads\/2025\/08\/escape_school_test-9-768x512.jpg 768w, https:\/\/semarahhotels.com\/wp-content\/uploads\/2025\/08\/escape_school_test-9-510x340.jpg 510w\" sizes=\"auto, (max-width: 1240px) 100vw, 1240px\" \/><\/span><\/p>\n<p data-cya11y-org-font-size=\"16\"><span data-cya11y-org-font-size=\"13\">Ienirsti\u00a0 pirmaj\u0101 m\u0101c\u012bbu gad\u0101\u00a0 ar liel\u0101m \u0161\u013cakat\u0101m!<\/span><br \/>\n<span data-cya11y-org-font-size=\"13\">K\u0101rdino\u0161s piedz\u012bvojums gaida Wellness centra Lielupe pla\u0161aj\u0101 basein\u0101<\/span><br \/>\n<span data-cya11y-org-font-size=\"13\">Pasteidzies, \u0137er vec\u0101kus un draugus aiz rokas un baudi laiskas peldes visu septembri.<\/span><\/p>\n<p data-cya11y-org-font-size=\"16\"><span data-cya11y-org-font-size=\"13\">Pied\u0101v\u0101jums sp\u0113k\u0101 no 1.09.2025. l\u012bdz 30.09.2025., iz\u0146emot sestdienas.<\/span><\/p>\n<\/div>\n<div class=\"offer-text-block\" data-cya11y-org-font-size=\"16\">\n<p data-cya11y-org-font-size=\"16\"><span data-cya11y-org-font-size=\"13\">K\u0101p\u0113c izv\u0113l\u0113ties Wellness centru Lielupe?\u00a0<\/span><br \/>\n<span data-cya11y-org-font-size=\"13\">T\u0101p\u0113c, ka t\u0101 ir vieta, kur\u0101 vesel\u012bgs dz\u012bves veids tiek piekopts no b\u0113rn\u012bbas.<\/span><\/p>\n<ul>\n<li data-cya11y-org-font-size=\"16\"><span data-cya11y-org-font-size=\"13\">\u0160eit var apvienot pastaigas gar j\u016bras krastu un tad k\u0101rt\u012bgi izkars\u0113ties pirt\u012b vai saun\u0101.<\/span><\/li>\n<li data-cya11y-org-font-size=\"16\"><span data-cya11y-org-font-size=\"13\">Var uztren\u0113t savas peld\u0113\u0161anas prasmes gan j\u016br\u0101, gan wellness centra 25 metrus garaj\u0101 basein\u0101.<\/span><\/li>\n<li data-cya11y-org-font-size=\"16\"><span data-cya11y-org-font-size=\"13\">Maz\u0101kie apmekl\u0113t\u0101ji var izbaud\u012bt laisku \u016bdens peldi b\u0113rnu basein\u0101 ar jautru str\u016bklaku.<\/span><\/li>\n<li data-cya11y-org-font-size=\"16\"><span data-cya11y-org-font-size=\"13\">Ikkatrs var relaks\u0113ties d\u017eakuzi ar skatu uz prie\u017eu me\u017eu.<\/span><\/li>\n<\/ul>\n<\/div>\n<div class=\"offer-text-block\" data-cya11y-org-font-size=\"16\">\n<p data-cya11y-org-font-size=\"16\"><span data-cya11y-org-font-size=\"13\">*Apmekl\u0113jums ir\u00a0<u>bezmaksas tikai pirmklasniekiem vai pirmklasniekam? vecum\u0101 no 6 l\u012bdz 7 gadiem<\/u>, uzr\u0101dot b\u0113rna personu apliecino\u0161u dokumentu.<\/span><br \/>\n<span data-cya11y-org-font-size=\"13\">Wellness centra apmekl\u0113jums ir pieejams vismaz vienas pilngad\u012bgas personas pavad\u012bb\u0101.<\/span><\/p>\n<p data-cya11y-org-font-size=\"16\"><span data-cya11y-org-font-size=\"13\"><strong>DARBA LAIKS WELLNESS CENTRS<\/strong><\/span><br \/>\n<span data-cya11y-org-font-size=\"13\">VII \u2013 IV 9:00 \u2013 21:00<\/span><\/p>\n<p data-cya11y-org-font-size=\"16\"><span data-cya11y-org-font-size=\"13\">V \u2013 VI 9:00 \u2013 22:00<\/span><\/p>\n<p data-cya11y-org-font-size=\"16\"><span data-cya11y-org-font-size=\"13\">*sv\u0113tku dien\u0101s, piektdien\u0101s un sestdien\u0101s ar iepriek\u0161\u0113ju pierakstu.<\/span><\/p>\n<p data-cya11y-org-font-size=\"16\"><span data-cya11y-org-font-size=\"13\">+371 67753306<\/span><br \/>\n<span data-cya11y-org-font-size=\"13\"><a href=\"mailto:wellness@semarahhotels.com\" data-cya11y-org-font-size=\"13\">wellness@semarahhotels.com<\/a><\/span><\/p>\n<\/div>\n","protected":false},"excerpt":{"rendered":"<p><span style=\"font-size: 12px\">Wellness centra apmekl\u0113jums\u00a0<\/span><\/p>\n<p><span style=\"font-size: 12px\">Iek\u013cauts:\u00a0<\/span><\/p>\n<ul>\n<li><span style=\"font-size: 12px\">25m baseins ar div\u0101m kask\u0101d\u0113m<\/span><\/li>\n<li><span style=\"font-size: 12px\">Somu sauna un Turku tvaika pirts<\/span><\/li>\n<li><span style=\"font-size: 12px\">D\u017eakuzi<\/span><\/li>\n<li><span style=\"font-size: 12px\">Kontrastdu\u0161a un Krievu du\u0161a<\/span><\/li>\n<li><span style=\"font-size: 12px\">B\u0113rnu baseins ar str\u016bklaku<\/span><\/li>\n<li><span style=\"font-size: 12px\">Technogym\u00ae sporta z\u0101le<\/span><\/li>\n<\/ul>\n","protected":false},"featured_media":64894,"template":"","meta":{"_acf_changed":false,"inline_featured_image":false},"product_brand":[],"product_cat":[119],"product_tag":[],"class_list":{"0":"post-65145","1":"product","2":"type-product","3":"status-publish","4":"has-post-thumbnail","6":"product_cat-uncategorized-lv","8":"first","9":"instock","10":"shipping-taxable","11":"purchasable","12":"product-type-simple"},"acf":[],"yoast_head":"<!-- This site is optimized with the Yoast SEO plugin v26.2 - https:\/\/yoast.com\/wordpress\/plugins\/seo\/ -->\n<title>PELD\u0112\u0160ANAS PIEDZ\u012aVOJUMS, PIRMKLASNIEKIEM PAR BR\u012aVU! - Semarah Hotels<\/title>\n<meta name=\"robots\" content=\"index, follow, max-snippet:-1, max-image-preview:large, max-video-preview:-1\" \/>\n<link rel=\"canonical\" href=\"https:\/\/semarahhotels.com\/ru\/product\/peldesanas-piedzivojums-pirmklasniekiem-par-brivu\/\" \/>\n<meta property=\"og:locale\" content=\"ru_RU\" \/>\n<meta property=\"og:type\" content=\"article\" \/>\n<meta property=\"og:title\" content=\"PELD\u0112\u0160ANAS PIEDZ\u012aVOJUMS, PIRMKLASNIEKIEM PAR BR\u012aVU! - Semarah Hotels\" \/>\n<meta property=\"og:description\" content=\"Wellness centra apmekl\u0113jums\u00a0  Iek\u013cauts:\u00a0   25m baseins ar div\u0101m kask\u0101d\u0113m  Somu sauna un Turku tvaika pirts  D\u017eakuzi  Kontrastdu\u0161a un Krievu du\u0161a  B\u0113rnu baseins ar str\u016bklaku  Technogym\u00ae sporta z\u0101le\" \/>\n<meta property=\"og:url\" content=\"https:\/\/semarahhotels.com\/ru\/product\/peldesanas-piedzivojums-pirmklasniekiem-par-brivu\/\" \/>\n<meta property=\"og:site_name\" content=\"Semarah Hotels\" \/>\n<meta property=\"article:publisher\" content=\"https:\/\/www.facebook.com\/semarahhotels\" \/>\n<meta property=\"article:modified_time\" content=\"2025-08-26T09:12:31+00:00\" \/>\n<meta property=\"og:image\" content=\"https:\/\/semarahhotels.com\/wp-content\/uploads\/2025\/08\/escape_school_test-9.jpg\" \/>\n\t<meta property=\"og:image:width\" content=\"1240\" \/>\n\t<meta property=\"og:image:height\" content=\"827\" \/>\n\t<meta property=\"og:image:type\" content=\"image\/jpeg\" \/>\n<meta name=\"twitter:card\" content=\"summary_large_image\" \/>\n<script type=\"application\/ld+json\" class=\"yoast-schema-graph\">{\"@context\":\"https:\/\/schema.org\",\"@graph\":[{\"@type\":\"WebPage\",\"@id\":\"https:\/\/semarahhotels.com\/ru\/product\/peldesanas-piedzivojums-pirmklasniekiem-par-brivu\/\",\"url\":\"https:\/\/semarahhotels.com\/ru\/product\/peldesanas-piedzivojums-pirmklasniekiem-par-brivu\/\",\"name\":\"PELD\u0112\u0160ANAS PIEDZ\u012aVOJUMS, PIRMKLASNIEKIEM PAR BR\u012aVU! - Semarah Hotels\",\"isPartOf\":{\"@id\":\"https:\/\/semarahhotels.com\/ru\/#website\"},\"primaryImageOfPage\":{\"@id\":\"https:\/\/semarahhotels.com\/ru\/product\/peldesanas-piedzivojums-pirmklasniekiem-par-brivu\/#primaryimage\"},\"image\":{\"@id\":\"https:\/\/semarahhotels.com\/ru\/product\/peldesanas-piedzivojums-pirmklasniekiem-par-brivu\/#primaryimage\"},\"thumbnailUrl\":\"https:\/\/semarahhotels.com\/wp-content\/uploads\/2025\/08\/escape_school_test-9.jpg\",\"datePublished\":\"2025-08-26T09:07:44+00:00\",\"dateModified\":\"2025-08-26T09:12:31+00:00\",\"breadcrumb\":{\"@id\":\"https:\/\/semarahhotels.com\/ru\/product\/peldesanas-piedzivojums-pirmklasniekiem-par-brivu\/#breadcrumb\"},\"inLanguage\":\"ru-RU\",\"potentialAction\":[{\"@type\":\"ReadAction\",\"target\":[\"https:\/\/semarahhotels.com\/ru\/product\/peldesanas-piedzivojums-pirmklasniekiem-par-brivu\/\"]}]},{\"@type\":\"ImageObject\",\"inLanguage\":\"ru-RU\",\"@id\":\"https:\/\/semarahhotels.com\/ru\/product\/peldesanas-piedzivojums-pirmklasniekiem-par-brivu\/#primaryimage\",\"url\":\"https:\/\/semarahhotels.com\/wp-content\/uploads\/2025\/08\/escape_school_test-9.jpg\",\"contentUrl\":\"https:\/\/semarahhotels.com\/wp-content\/uploads\/2025\/08\/escape_school_test-9.jpg\",\"width\":1240,\"height\":827},{\"@type\":\"BreadcrumbList\",\"@id\":\"https:\/\/semarahhotels.com\/ru\/product\/peldesanas-piedzivojums-pirmklasniekiem-par-brivu\/#breadcrumb\",\"itemListElement\":[{\"@type\":\"ListItem\",\"position\":1,\"name\":\"Home\",\"item\":\"https:\/\/semarahhotels.com\/ru\/\"},{\"@type\":\"ListItem\",\"position\":2,\"name\":\"\u041c\u0430\u0433\u0430\u0437\u0438\u043d\",\"item\":\"https:\/\/semarahhotels.com\/ru\/magazin\/\"},{\"@type\":\"ListItem\",\"position\":3,\"name\":\"PELD\u0112\u0160ANAS PIEDZ\u012aVOJUMS, PIRMKLASNIEKIEM PAR BR\u012aVU!\"}]},{\"@type\":\"WebSite\",\"@id\":\"https:\/\/semarahhotels.com\/ru\/#website\",\"url\":\"https:\/\/semarahhotels.com\/ru\/\",\"name\":\"Semarah Hotels\",\"description\":\"Semarah\",\"potentialAction\":[{\"@type\":\"SearchAction\",\"target\":{\"@type\":\"EntryPoint\",\"urlTemplate\":\"https:\/\/semarahhotels.com\/ru\/?s={search_term_string}\"},\"query-input\":{\"@type\":\"PropertyValueSpecification\",\"valueRequired\":true,\"valueName\":\"search_term_string\"}}],\"inLanguage\":\"ru-RU\"}]}<\/script>\n<!-- \/ Yoast SEO plugin. -->","yoast_head_json":{"title":"PELD\u0112\u0160ANAS PIEDZ\u012aVOJUMS, PIRMKLASNIEKIEM PAR BR\u012aVU! - Semarah Hotels","robots":{"index":"index","follow":"follow","max-snippet":"max-snippet:-1","max-image-preview":"max-image-preview:large","max-video-preview":"max-video-preview:-1"},"canonical":"https:\/\/semarahhotels.com\/ru\/product\/peldesanas-piedzivojums-pirmklasniekiem-par-brivu\/","og_locale":"ru_RU","og_type":"article","og_title":"PELD\u0112\u0160ANAS PIEDZ\u012aVOJUMS, PIRMKLASNIEKIEM PAR BR\u012aVU! - Semarah Hotels","og_description":"Wellness centra apmekl\u0113jums\u00a0  Iek\u013cauts:\u00a0   25m baseins ar div\u0101m kask\u0101d\u0113m  Somu sauna un Turku tvaika pirts  D\u017eakuzi  Kontrastdu\u0161a un Krievu du\u0161a  B\u0113rnu baseins ar str\u016bklaku  Technogym\u00ae sporta z\u0101le","og_url":"https:\/\/semarahhotels.com\/ru\/product\/peldesanas-piedzivojums-pirmklasniekiem-par-brivu\/","og_site_name":"Semarah Hotels","article_publisher":"https:\/\/www.facebook.com\/semarahhotels","article_modified_time":"2025-08-26T09:12:31+00:00","og_image":[{"width":1240,"height":827,"url":"https:\/\/semarahhotels.com\/wp-content\/uploads\/2025\/08\/escape_school_test-9.jpg","type":"image\/jpeg"}],"twitter_card":"summary_large_image","schema":{"@context":"https:\/\/schema.org","@graph":[{"@type":"WebPage","@id":"https:\/\/semarahhotels.com\/ru\/product\/peldesanas-piedzivojums-pirmklasniekiem-par-brivu\/","url":"https:\/\/semarahhotels.com\/ru\/product\/peldesanas-piedzivojums-pirmklasniekiem-par-brivu\/","name":"PELD\u0112\u0160ANAS PIEDZ\u012aVOJUMS, PIRMKLASNIEKIEM PAR BR\u012aVU! - Semarah Hotels","isPartOf":{"@id":"https:\/\/semarahhotels.com\/ru\/#website"},"primaryImageOfPage":{"@id":"https:\/\/semarahhotels.com\/ru\/product\/peldesanas-piedzivojums-pirmklasniekiem-par-brivu\/#primaryimage"},"image":{"@id":"https:\/\/semarahhotels.com\/ru\/product\/peldesanas-piedzivojums-pirmklasniekiem-par-brivu\/#primaryimage"},"thumbnailUrl":"https:\/\/semarahhotels.com\/wp-content\/uploads\/2025\/08\/escape_school_test-9.jpg","datePublished":"2025-08-26T09:07:44+00:00","dateModified":"2025-08-26T09:12:31+00:00","breadcrumb":{"@id":"https:\/\/semarahhotels.com\/ru\/product\/peldesanas-piedzivojums-pirmklasniekiem-par-brivu\/#breadcrumb"},"inLanguage":"ru-RU","potentialAction":[{"@type":"ReadAction","target":["https:\/\/semarahhotels.com\/ru\/product\/peldesanas-piedzivojums-pirmklasniekiem-par-brivu\/"]}]},{"@type":"ImageObject","inLanguage":"ru-RU","@id":"https:\/\/semarahhotels.com\/ru\/product\/peldesanas-piedzivojums-pirmklasniekiem-par-brivu\/#primaryimage","url":"https:\/\/semarahhotels.com\/wp-content\/uploads\/2025\/08\/escape_school_test-9.jpg","contentUrl":"https:\/\/semarahhotels.com\/wp-content\/uploads\/2025\/08\/escape_school_test-9.jpg","width":1240,"height":827},{"@type":"BreadcrumbList","@id":"https:\/\/semarahhotels.com\/ru\/product\/peldesanas-piedzivojums-pirmklasniekiem-par-brivu\/#breadcrumb","itemListElement":[{"@type":"ListItem","position":1,"name":"Home","item":"https:\/\/semarahhotels.com\/ru\/"},{"@type":"ListItem","position":2,"name":"\u041c\u0430\u0433\u0430\u0437\u0438\u043d","item":"https:\/\/semarahhotels.com\/ru\/magazin\/"},{"@type":"ListItem","position":3,"name":"PELD\u0112\u0160ANAS PIEDZ\u012aVOJUMS, PIRMKLASNIEKIEM PAR BR\u012aVU!"}]},{"@type":"WebSite","@id":"https:\/\/semarahhotels.com\/ru\/#website","url":"https:\/\/semarahhotels.com\/ru\/","name":"Semarah Hotels","description":"Semarah","potentialAction":[{"@type":"SearchAction","target":{"@type":"EntryPoint","urlTemplate":"https:\/\/semarahhotels.com\/ru\/?s={search_term_string}"},"query-input":{"@type":"PropertyValueSpecification","valueRequired":true,"valueName":"search_term_string"}}],"inLanguage":"ru-RU"}]}},"_links":{"self":[{"href":"https:\/\/semarahhotels.com\/ru\/wp-json\/wp\/v2\/product\/65145","targetHints":{"allow":["GET"]}}],"collection":[{"href":"https:\/\/semarahhotels.com\/ru\/wp-json\/wp\/v2\/product"}],"about":[{"href":"https:\/\/semarahhotels.com\/ru\/wp-json\/wp\/v2\/types\/product"}],"wp:featuredmedia":[{"embeddable":true,"href":"https:\/\/semarahhotels.com\/ru\/wp-json\/wp\/v2\/media\/64894"}],"wp:attachment":[{"href":"https:\/\/semarahhotels.com\/ru\/wp-json\/wp\/v2\/media?parent=65145"}],"wp:term":[{"taxonomy":"product_brand","embeddable":true,"href":"https:\/\/semarahhotels.com\/ru\/wp-json\/wp\/v2\/product_brand?post=65145"},{"taxonomy":"product_cat","embeddable":true,"href":"https:\/\/semarahhotels.com\/ru\/wp-json\/wp\/v2\/product_cat?post=65145"},{"taxonomy":"product_tag","embeddable":true,"href":"https:\/\/semarahhotels.com\/ru\/wp-json\/wp\/v2\/product_tag?post=65145"}],"curies":[{"name":"wp","href":"https:\/\/api.w.org\/{rel}","templated":true}]}}