{"id":63063,"date":"2025-05-20T21:22:19","date_gmt":"2025-05-20T18:22:19","guid":{"rendered":"https:\/\/semarahhotels.com\/grabjoy-ipasie-piedavajumi-copy-black\/"},"modified":"2025-06-03T12:35:20","modified_gmt":"2025-06-03T12:35:20","slug":"grabjoy-ipasie-piedavajumi-copy-black","status":"publish","type":"page","link":"https:\/\/semarahhotels.com\/ru\/grabjoy-ipasie-piedavajumi-copy-black\/","title":{"rendered":"Grab&amp;joy &#8212; ipa\u0161ie pied\u0101v\u0101jumi Copy &#8212; black"},"content":{"rendered":"\n\t<section class=\"section\" id=\"section_106662344\">\n\t\t<div class=\"section-bg fill\" >\n\t\t\t<img loading=\"lazy\" decoding=\"async\" width=\"1920\" height=\"1500\" src=\"https:\/\/semarahhotels.com\/wp-content\/uploads\/2025\/05\/2024-08-20_3f8bd4640efad71fe823699ff51d920a_BlackFriday_06.2024_1920x1500px_promo_bg.png\" class=\"bg attachment- size-\" alt=\"\" \/>\t\t\t\t\t\t\n\t\t\t\n\n\t\t<\/div>\n\n\t\t\n\n\t\t<div class=\"section-content relative\">\n\t\t\t\n<div class=\"row\"  id=\"row-1356751058\">\n\n\t<div id=\"col-1087666258\" class=\"col text-white small-12 large-12\"  >\n\t\t\t\t<div class=\"col-inner text-center\"  >\n\t\t\t\n\t\t\t\n\t<div class=\"img has-hover x md-x lg-x y md-y lg-y\" id=\"image_251206580\">\n\t\t\t\t\t\t\t\t<div class=\"img-inner dark\" >\n\t\t\t<img loading=\"lazy\" decoding=\"async\" width=\"1020\" height=\"328\" src=\"https:\/\/semarahhotels.com\/wp-content\/uploads\/2025\/05\/2024-11-15_4fe4e7dc26f621918d829dc597824efc_BF_11.2024_1400x450pxdatums_header-1024x329.png\" class=\"attachment-large size-large\" alt=\"\" srcset=\"https:\/\/semarahhotels.com\/wp-content\/uploads\/2025\/05\/2024-11-15_4fe4e7dc26f621918d829dc597824efc_BF_11.2024_1400x450pxdatums_header-1024x329.png 1024w, https:\/\/semarahhotels.com\/wp-content\/uploads\/2025\/05\/2024-11-15_4fe4e7dc26f621918d829dc597824efc_BF_11.2024_1400x450pxdatums_header-768x247.png 768w, https:\/\/semarahhotels.com\/wp-content\/uploads\/2025\/05\/2024-11-15_4fe4e7dc26f621918d829dc597824efc_BF_11.2024_1400x450pxdatums_header.png 1400w\" sizes=\"auto, (max-width: 1020px) 100vw, 1020px\" \/>\t\t\t\t\t\t\n\t\t\t\t\t<\/div>\n\t\t\t\t\t\t\t\t\n<style>\n#image_251206580 {\n  width: 100%;\n}\n<\/style>\n\t<\/div>\n\t\n\t<div class=\"img has-hover x md-x lg-x y md-y lg-y\" id=\"image_36121517\">\n\t\t\t\t\t\t\t\t<div class=\"img-inner dark\" >\n\t\t\t<img loading=\"lazy\" decoding=\"async\" width=\"128\" height=\"67\" src=\"https:\/\/semarahhotels.com\/wp-content\/uploads\/2025\/03\/Lielupe-logo-1.png\" class=\"attachment-thumbnail size-thumbnail\" alt=\"\" srcset=\"https:\/\/semarahhotels.com\/wp-content\/uploads\/2025\/03\/Lielupe-logo-1.png 1500w, https:\/\/semarahhotels.com\/wp-content\/uploads\/2025\/03\/Lielupe-logo-1-1024x536.png 1024w, https:\/\/semarahhotels.com\/wp-content\/uploads\/2025\/03\/Lielupe-logo-1-768x402.png 768w, https:\/\/semarahhotels.com\/wp-content\/uploads\/2025\/03\/Lielupe-logo-1-510x267.png 510w\" sizes=\"auto, (max-width: 128px) 100vw, 128px\" \/>\t\t\t\t\t\t\n\t\t\t\t\t<\/div>\n\t\t\t\t\t\t\t\t\n<style>\n#image_36121517 {\n  width: 30%;\n}\n@media (min-width:550px) {\n  #image_36121517 {\n    width: 14%;\n  }\n}\n<\/style>\n\t<\/div>\n\t\n<p><\/p>\n<div class=\"lielupe-offers\">        <div class=\"featured-offers\">\r\n            <div class=\"special-blog promo-blog template1\">\r\n\r\n                                            <div class=\"special-post offers-promo\">\r\n                                <a class=\"special-post__link\" href=\"https:\/\/semarahhotels.com\/ru\/promo-offer\/solyanaya-komnata-jurmala\/\">\r\n                                    <div class=\"special-post__img\" style=\"background:url(https:\/\/semarahhotels.com\/wp-content\/uploads\/2025\/04\/Salt-Room-LIELUPE_by-Semarah-Hotels_-models_jurmala-7-Copy.jpg)\"><\/div>\r\n                                    <!-- <i class=\"special-post__icon\"><\/i> -->\r\n                                    <span class=\"special-post__button\"  style='background:#f3b095' >\u0412\u044b\u0431\u0440\u0430\u0442\u044c<\/span>\r\n                                    <div class=\"special-post__title\">\r\n                                        <h4  >\u041f\u041e\u0421\u0415\u0429\u0415\u041d\u0418\u0415 \u0421\u041e\u041b\u042f\u041d\u041e\u0419 \u041a\u041e\u041c\u041d\u0410\u0422\u042b<\/h4>\r\n                                    <\/div>\r\n                                    <div class=\"special-post__excerpt\">\r\n                                        <p><\/p>\r\n                                    <\/div>\r\n                                <\/a>\r\n                            <\/div>\r\n                            \r\n                                            <div class=\"special-post offers-promo\">\r\n                                <a class=\"special-post__link\" href=\"https:\/\/semarahhotels.com\/ru\/promo-offer\/relaksiruyushhij-aroma-massazh\/\">\r\n                                    <div class=\"special-post__img\" style=\"background:url(https:\/\/semarahhotels.com\/wp-content\/uploads\/2025\/04\/SPA_LIELUPE-by-Semarah-Hotels_models_jurmala-4-Copy.jpg)\"><\/div>\r\n                                    <!-- <i class=\"special-post__icon\"><\/i> -->\r\n                                    <span class=\"special-post__button\"  style='background:#f3b095' >\u0412\u044b\u0431\u0440\u0430\u0442\u044c<\/span>\r\n                                    <div class=\"special-post__title\">\r\n                                        <h4  >\u0420\u0435\u043b\u0430\u043a\u0441\u0438\u0440\u0443\u044e\u0449\u0438\u0439 \u0430\u0440\u043e\u043c\u0430 \u043c\u0430\u0441\u0441\u0430\u0436<\/h4>\r\n                                    <\/div>\r\n                                    <div class=\"special-post__excerpt\">\r\n                                        <p><\/p>\r\n                                    <\/div>\r\n                                <\/a>\r\n                            <\/div>\r\n                            \r\n                                            <div class=\"special-post offers-promo\">\r\n                                <a class=\"special-post__link\" href=\"https:\/\/semarahhotels.com\/ru\/promo-offer\/poseshhenie-wellness-czentra\/\">\r\n                                    <div class=\"special-post__img\" style=\"background:url(https:\/\/semarahhotels.com\/wp-content\/uploads\/2025\/04\/Wellness_LIELUPE-by-Semarah-Hotels_-jurmala-1-Copy.jpg)\"><\/div>\r\n                                    <!-- <i class=\"special-post__icon\"><\/i> -->\r\n                                    <span class=\"special-post__button\"  style='background:#f3b095' >\u0412\u044b\u0431\u0440\u0430\u0442\u044c<\/span>\r\n                                    <div class=\"special-post__title\">\r\n                                        <h4  >\u041f\u043e\u0441\u0435\u0449\u0435\u043d\u0438\u0435 Wellness \u0446\u0435\u043d\u0442\u0440\u0430<\/h4>\r\n                                    <\/div>\r\n                                    <div class=\"special-post__excerpt\">\r\n                                        <p><\/p>\r\n                                    <\/div>\r\n                                <\/a>\r\n                            <\/div>\r\n                            \r\n                            <\/div>\r\n        <\/div>\r\n    <\/div>\n<p><\/p>\n\n\t<div id=\"gap-888221681\" class=\"gap-element clearfix\" style=\"display:block; height:auto;\">\n\t\t\n<style>\n#gap-888221681 {\n  padding-top: 30px;\n}\n<\/style>\n\t<\/div>\n\t\n\t<div class=\"img has-hover text-center x md-x lg-x y md-y lg-y\" id=\"image_1392498194\">\n\t\t\t\t\t\t\t\t<div class=\"img-inner dark\" >\n\t\t\t<img loading=\"lazy\" decoding=\"async\" width=\"1020\" height=\"1020\" src=\"https:\/\/semarahhotels.com\/wp-content\/uploads\/2020\/09\/GrandPoet_white.svg\" class=\"attachment-large size-large\" alt=\"\" \/>\t\t\t\t\t\t\n\t\t\t\t\t<\/div>\n\t\t\t\t\t\t\t\t\n<style>\n#image_1392498194 {\n  width: 50%;\n}\n@media (min-width:550px) {\n  #image_1392498194 {\n    width: 30%;\n  }\n}\n<\/style>\n\t<\/div>\n\t\n<p><\/p>\n<div class=\"lielupe-offers\">        <div class=\"featured-offers\">\r\n            <div class=\"special-blog promo-blog template1\">\r\n\r\n                                            <div class=\"special-post offers-promo\">\r\n                                <a class=\"special-post__link\" href=\"https:\/\/semarahhotels.com\/ru\/promo-offer\/poseshhenie-wellness-czentra-2\/\">\r\n                                    <div class=\"special-post__img\" style=\"background:url()\"><\/div>\r\n                                    <!-- <i class=\"special-post__icon\"><\/i> -->\r\n                                    <span class=\"special-post__button\"  style='background:#f3b095' >\u0412\u044b\u0431\u0440\u0430\u0442\u044c<\/span>\r\n                                    <div class=\"special-post__title\">\r\n                                        <h4  >\u041f\u043e\u0441\u0435\u0449\u0435\u043d\u0438\u0435 Wellness \u0446\u0435\u043d\u0442\u0440\u0430<\/h4>\r\n                                    <\/div>\r\n                                    <div class=\"special-post__excerpt\">\r\n                                        <p><\/p>\r\n                                    <\/div>\r\n                                <\/a>\r\n                            <\/div>\r\n                            \r\n                            <\/div>\r\n        <\/div>\r\n        <\/div>\n<p><\/p>\n\n\t\t<\/div>\n\t\t\t\t\n<style>\n#col-1087666258 > .col-inner {\n  padding: 15px 0px 0px 0px;\n}\n<\/style>\n\t<\/div>\n\n\t\n\n<style>\n#row-1356751058 > .col > .col-inner {\n  padding: 0px 15px 0px 15px;\n}\n<\/style>\n<\/div>\n\t\t<\/div>\n\n\t\t\n<style>\n#section_106662344 {\n  padding-top: 30px;\n  padding-bottom: 30px;\n  background-color: rgb(0,0,0);\n}\n#section_106662344 .section-bg img {\n  object-position: top;\n}\n<\/style>\n\t<\/section>\n\t\n","protected":false},"excerpt":{"rendered":"","protected":false},"author":3,"featured_media":0,"parent":0,"menu_order":70,"comment_status":"closed","ping_status":"closed","template":"page-blank-promopage.php","meta":{"_acf_changed":false,"inline_featured_image":false,"footnotes":""},"class_list":["post-63063","page","type-page","status-publish","hentry"],"acf":[],"yoast_head":"<!-- This site is optimized with the Yoast SEO plugin v26.2 - https:\/\/yoast.com\/wordpress\/plugins\/seo\/ -->\n<title>Grab&amp;joy - ipa\u0161ie pied\u0101v\u0101jumi Copy - black - Semarah Hotels<\/title>\n<meta name=\"robots\" content=\"index, follow, max-snippet:-1, max-image-preview:large, max-video-preview:-1\" \/>\n<link rel=\"canonical\" href=\"https:\/\/semarahhotels.com\/ru\/grabjoy-ipasie-piedavajumi-copy-black\/\" \/>\n<meta property=\"og:locale\" content=\"ru_RU\" \/>\n<meta property=\"og:type\" content=\"article\" \/>\n<meta property=\"og:title\" content=\"Grab&amp;joy - ipa\u0161ie pied\u0101v\u0101jumi Copy - black - Semarah Hotels\" \/>\n<meta property=\"og:url\" content=\"https:\/\/semarahhotels.com\/ru\/grabjoy-ipasie-piedavajumi-copy-black\/\" \/>\n<meta property=\"og:site_name\" content=\"Semarah Hotels\" \/>\n<meta property=\"article:publisher\" content=\"https:\/\/www.facebook.com\/semarahhotels\" \/>\n<meta property=\"article:modified_time\" content=\"2025-06-03T12:35:20+00:00\" \/>\n<meta property=\"og:image\" content=\"https:\/\/semarahhotels.com\/wp-content\/uploads\/2020\/11\/DavanuKarte_1110x420_01.2020_C-new.jpg\" \/>\n\t<meta property=\"og:image:width\" content=\"1110\" \/>\n\t<meta property=\"og:image:height\" content=\"400\" \/>\n\t<meta property=\"og:image:type\" content=\"image\/jpeg\" \/>\n<meta name=\"twitter:card\" content=\"summary_large_image\" \/>\n<script type=\"application\/ld+json\" class=\"yoast-schema-graph\">{\"@context\":\"https:\/\/schema.org\",\"@graph\":[{\"@type\":\"WebPage\",\"@id\":\"https:\/\/semarahhotels.com\/ru\/grabjoy-ipasie-piedavajumi-copy-black\/\",\"url\":\"https:\/\/semarahhotels.com\/ru\/grabjoy-ipasie-piedavajumi-copy-black\/\",\"name\":\"Grab&amp;joy - ipa\u0161ie pied\u0101v\u0101jumi Copy - black - Semarah Hotels\",\"isPartOf\":{\"@id\":\"https:\/\/semarahhotels.com\/ru\/#website\"},\"datePublished\":\"2025-05-20T18:22:19+00:00\",\"dateModified\":\"2025-06-03T12:35:20+00:00\",\"breadcrumb\":{\"@id\":\"https:\/\/semarahhotels.com\/ru\/grabjoy-ipasie-piedavajumi-copy-black\/#breadcrumb\"},\"inLanguage\":\"ru-RU\",\"potentialAction\":[{\"@type\":\"ReadAction\",\"target\":[\"https:\/\/semarahhotels.com\/ru\/grabjoy-ipasie-piedavajumi-copy-black\/\"]}]},{\"@type\":\"BreadcrumbList\",\"@id\":\"https:\/\/semarahhotels.com\/ru\/grabjoy-ipasie-piedavajumi-copy-black\/#breadcrumb\",\"itemListElement\":[{\"@type\":\"ListItem\",\"position\":1,\"name\":\"Home\",\"item\":\"https:\/\/semarahhotels.com\/ru\/\"},{\"@type\":\"ListItem\",\"position\":2,\"name\":\"Grab&amp;joy &#8211; ipa\u0161ie pied\u0101v\u0101jumi Copy &#8212; black\"}]},{\"@type\":\"WebSite\",\"@id\":\"https:\/\/semarahhotels.com\/ru\/#website\",\"url\":\"https:\/\/semarahhotels.com\/ru\/\",\"name\":\"Semarah Hotels\",\"description\":\"Semarah\",\"potentialAction\":[{\"@type\":\"SearchAction\",\"target\":{\"@type\":\"EntryPoint\",\"urlTemplate\":\"https:\/\/semarahhotels.com\/ru\/?s={search_term_string}\"},\"query-input\":{\"@type\":\"PropertyValueSpecification\",\"valueRequired\":true,\"valueName\":\"search_term_string\"}}],\"inLanguage\":\"ru-RU\"}]}<\/script>\n<!-- \/ Yoast SEO plugin. -->","yoast_head_json":{"title":"Grab&amp;joy - ipa\u0161ie pied\u0101v\u0101jumi Copy - black - Semarah Hotels","robots":{"index":"index","follow":"follow","max-snippet":"max-snippet:-1","max-image-preview":"max-image-preview:large","max-video-preview":"max-video-preview:-1"},"canonical":"https:\/\/semarahhotels.com\/ru\/grabjoy-ipasie-piedavajumi-copy-black\/","og_locale":"ru_RU","og_type":"article","og_title":"Grab&amp;joy - ipa\u0161ie pied\u0101v\u0101jumi Copy - black - Semarah Hotels","og_url":"https:\/\/semarahhotels.com\/ru\/grabjoy-ipasie-piedavajumi-copy-black\/","og_site_name":"Semarah Hotels","article_publisher":"https:\/\/www.facebook.com\/semarahhotels","article_modified_time":"2025-06-03T12:35:20+00:00","og_image":[{"width":1110,"height":400,"url":"https:\/\/semarahhotels.com\/wp-content\/uploads\/2020\/11\/DavanuKarte_1110x420_01.2020_C-new.jpg","type":"image\/jpeg"}],"twitter_card":"summary_large_image","schema":{"@context":"https:\/\/schema.org","@graph":[{"@type":"WebPage","@id":"https:\/\/semarahhotels.com\/ru\/grabjoy-ipasie-piedavajumi-copy-black\/","url":"https:\/\/semarahhotels.com\/ru\/grabjoy-ipasie-piedavajumi-copy-black\/","name":"Grab&amp;joy - ipa\u0161ie pied\u0101v\u0101jumi Copy - black - Semarah Hotels","isPartOf":{"@id":"https:\/\/semarahhotels.com\/ru\/#website"},"datePublished":"2025-05-20T18:22:19+00:00","dateModified":"2025-06-03T12:35:20+00:00","breadcrumb":{"@id":"https:\/\/semarahhotels.com\/ru\/grabjoy-ipasie-piedavajumi-copy-black\/#breadcrumb"},"inLanguage":"ru-RU","potentialAction":[{"@type":"ReadAction","target":["https:\/\/semarahhotels.com\/ru\/grabjoy-ipasie-piedavajumi-copy-black\/"]}]},{"@type":"BreadcrumbList","@id":"https:\/\/semarahhotels.com\/ru\/grabjoy-ipasie-piedavajumi-copy-black\/#breadcrumb","itemListElement":[{"@type":"ListItem","position":1,"name":"Home","item":"https:\/\/semarahhotels.com\/ru\/"},{"@type":"ListItem","position":2,"name":"Grab&amp;joy &#8211; ipa\u0161ie pied\u0101v\u0101jumi Copy &#8212; black"}]},{"@type":"WebSite","@id":"https:\/\/semarahhotels.com\/ru\/#website","url":"https:\/\/semarahhotels.com\/ru\/","name":"Semarah Hotels","description":"Semarah","potentialAction":[{"@type":"SearchAction","target":{"@type":"EntryPoint","urlTemplate":"https:\/\/semarahhotels.com\/ru\/?s={search_term_string}"},"query-input":{"@type":"PropertyValueSpecification","valueRequired":true,"valueName":"search_term_string"}}],"inLanguage":"ru-RU"}]}},"_links":{"self":[{"href":"https:\/\/semarahhotels.com\/ru\/wp-json\/wp\/v2\/pages\/63063","targetHints":{"allow":["GET"]}}],"collection":[{"href":"https:\/\/semarahhotels.com\/ru\/wp-json\/wp\/v2\/pages"}],"about":[{"href":"https:\/\/semarahhotels.com\/ru\/wp-json\/wp\/v2\/types\/page"}],"author":[{"embeddable":true,"href":"https:\/\/semarahhotels.com\/ru\/wp-json\/wp\/v2\/users\/3"}],"replies":[{"embeddable":true,"href":"https:\/\/semarahhotels.com\/ru\/wp-json\/wp\/v2\/comments?post=63063"}],"version-history":[{"count":0,"href":"https:\/\/semarahhotels.com\/ru\/wp-json\/wp\/v2\/pages\/63063\/revisions"}],"wp:attachment":[{"href":"https:\/\/semarahhotels.com\/ru\/wp-json\/wp\/v2\/media?parent=63063"}],"curies":[{"name":"wp","href":"https:\/\/api.w.org\/{rel}","templated":true}]}}