{"id":3064,"date":"2020-09-18T12:24:23","date_gmt":"2020-09-18T09:24:23","guid":{"rendered":"http:\/\/semarahhotels.com\/%d0%bf%d0%be%d0%bb%d0%b8%d1%82%d0%b8%d0%ba%d0%b0-%d0%bf%d1%80%d0%b8%d0%b2%d0%b0%d1%82%d0%bd%d0%be%d1%81%d1%82%d0%b8\/"},"modified":"2025-07-19T12:21:12","modified_gmt":"2025-07-19T12:21:12","slug":"politika-konfidencialnosti","status":"publish","type":"page","link":"https:\/\/semarahhotels.com\/ru\/politika-konfidencialnosti\/","title":{"rendered":"\u041f\u041e\u041b\u0418\u0422\u0418\u041a\u0410 \u041f\u0420\u0418\u0412\u0410\u0422\u041d\u041e\u0421\u0422\u0418"},"content":{"rendered":"\n\t<section class=\"section\" id=\"section_1162289706\">\n\t\t<div class=\"section-bg fill\" >\n\t\t\t\t\t\t\t\t\t\n\t\t\t\n\n\t\t<\/div>\n\n\t\t\n\n\t\t<div class=\"section-content relative\">\n\t\t\t\n<div class=\"container section-title-container\" ><h1 class=\"section-title section-title-bold\"><b><\/b><span class=\"section-title-main\" >\u041e\u041e\u041e SEMARAH HOTEL MANAGEMENT \u041f\u041e\u041b\u0418\u0422\u0418\u041a\u0410 \u041f\u0420\u0418\u0412\u0410\u0422\u041d\u041e\u0421\u0422\u0418<\/span><b><\/b><\/h1><\/div>\n<p><span style=\"font-size: 14px\">P\u0113d\u0113joreiz p\u0101rskat\u012bta 2019.gada 11.janv\u0101r\u012b<\/span><\/p>\n<p style=\"text-align: center\"><span style=\"font-size: 14px\">Priv\u0101tuma politik\u0101, turpm\u0101k \u2013 Politika, ir aprakst\u012bta k\u0101rt\u012bba, k\u0101d\u0101 SIA \u201cSEMARAH HOTEL MANAGEMENT\u201d apstr\u0101d\u0101 personas datus.<\/span><\/p>\n<p><span style=\"font-size: 14px\">SIA \u201cSEMARAH HOTEL MANAGEMENT\u201d ir ap\u0146\u0113musies aizsarg\u0101t savu Klientu priv\u0101tumu, izmantojot m\u016bsdienu tehnolo\u0123iju iesp\u0113jas, \u0146emot v\u0113r\u0101 past\u0101vo\u0161os priv\u0101tuma riskus un SIA \u201cSEMARAH HOTEL MANAGEMENT\u201d sapr\u0101t\u012bgi pieejamos organizatoriskos, finansi\u0101los un tehniskos resursus, l\u012bdz ar to Politika ir piem\u0113rojama SIA \u201cSEMARAH HOTEL MANAGEMENT\u201d attiec\u012bb\u0101s ar Klientiem, taj\u0101 skait\u0101 t\u0101d\u0101s, kas nodibin\u0101tas pirms \u0161\u012bs Politikas sp\u0113k\u0101 st\u0101\u0161an\u0101s, k\u0101 ar\u012b attiec\u012bb\u0101 uz tre\u0161aj\u0101m person\u0101m, kuras saist\u012bb\u0101 ar pakalpojumu snieg\u0161anu Klientiem sa\u0146em vai nodod SIA \u201cSEMARAH HOTEL MANAGEMENT\u201d jebk\u0101dus personas datus (taj\u0101 skait\u0101, kontaktpersonu, maks\u0101t\u0101ju u.c. inform\u0101ciju).<\/span><\/p>\n<p><span style=\"font-size: 14px\"><strong>1. Defin\u012bcijas<\/strong><\/span><br \/><span style=\"font-size: 14px\"><strong>Klients<\/strong>\u00a0ir jebkura fiziska persona, kura izmanto, ir izmantojusi vai ir izteikusi v\u0113l\u0113\u0161anos izmantot jebkurus SIA \u201cSEMARAH HOTEL MANAGEMENT\u201d pakalpojumus, taj\u0101 skait\u0101 viesi, SIA \u201cSEMARAH HOTEL MANAGEMENT\u201d biroja un viesn\u012bcu apmekl\u0113t\u0101ji un SIA \u201cSEMARAH HOTEL MANAGEMENT\u201d uztur\u0113to interneta m\u0101jas lapu apmekl\u0113t\u0101ji.\u00a0<strong>Personas dati<\/strong>\u00a0ir jebkura inform\u0101cija, kas attiecas uz identific\u0113tu vai identific\u0113jamu fizisku personu (\u201cdatu subjekts\u201d). Identific\u0113jama fiziska persona ir t\u0101da, kuru var tie\u0161i vai netie\u0161i identific\u0113t, jo \u012bpa\u0161i atsaucoties uz identifikatoru, piem\u0113ram, min\u0113t\u0101s personas v\u0101rdu, uzv\u0101rdu, identifik\u0101cijas numuru, atra\u0161an\u0101s vietas datiem, tie\u0161saistes identifikatoru vai vienu vai vair\u0101kiem min\u0113tajai fiziskajai personai rakstur\u012bgiem fizisk\u0101s, fiziolo\u0123isk\u0101s, \u0123en\u0113tisk\u0101s, gar\u012bg\u0101s, ekonomisk\u0101s, kult\u016bras vai soci\u0101l\u0101s identit\u0101tes faktoriem.<\/span><\/p>\n<p><span style=\"font-size: 14px\"><strong>Apstr\u0101de<\/strong>\u00a0ir jebkura ar personas datiem vai personas datu kop\u0101m veikta darb\u012bba vai darb\u012bbu kopums, ko veic ar vai bez automatiz\u0113tiem l\u012bdzek\u013ciem, piem\u0113ram, datu v\u0101k\u0161ana, re\u0123istr\u0101cija, organiz\u0113\u0161ana, struktur\u0113\u0161ana, glab\u0101\u0161ana, piel\u0101go\u0161ana vai p\u0101rveido\u0161ana, atg\u016b\u0161ana, iztirz\u0101\u0161ana, izmanto\u0161ana, izpau\u0161ana p\u0101rs\u016btot, izplatot vai cit\u0101di darot datus pieejamus, saska\u0146o\u0161ana vai kombin\u0113\u0161ana, ierobe\u017eo\u0161ana, dz\u0113\u0161ana vai izn\u012bcin\u0101\u0161ana.<\/span><\/p>\n<p><span style=\"font-size: 14px\"><strong>2. Personas datu apstr\u0101des p\u0101rzinis<\/strong><\/span><br \/><span style=\"font-size: 14px\">2.1. Personas datu apstr\u0101des p\u0101rzinis ir SIA \u201cSEMARAH HOTEL MANAGEMENT\u201d, re\u0123.Nr. 40103576889, juridisk\u0101 adrese Skanstes iela 7 k-1, R\u012bga, LV-1013, t\u0101lrunis +37166118465 (turpm\u0101k \u2013 un\/vai Pakalpojumu sniedz\u0113js),\u00a0<a href=\"https:\/\/www.semarahhotels.com\/\">https:\/\/www.semarahhotels.com\/<\/a>.<\/span><\/p>\n<p><span style=\"font-size: 14px\"><strong>3. Piem\u0113rojamie ties\u012bbu akti<\/strong><\/span><br \/><span style=\"font-size: 14px\">3.1. Eiropas Parlamenta un padomes Regula Nr.2016\/679 (2016. gada 27.apr\u012blis) par fizisku personu aizsardz\u012bbu attiec\u012bb\u0101 uz personas datu apstr\u0101di un \u0161\u0101du datu br\u012bvu apriti) (turpm\u0101k \u2013 Visp\u0101r\u012bg\u0101 datu aizsardz\u012bbas regula).<\/span><br \/><span style=\"font-size: 14px\">3.2. Fizisko personu datu apstr\u0101des likums un citi piem\u0113rojamie ties\u012bbu akti priv\u0101tuma un datu apstr\u0101des jom\u0101.<\/span><br \/><span style=\"font-size: 14px\">3.3. Citi normat\u012bvie akti, kas nosaka P\u0101rzi\u0146a pien\u0101kumus veikt konkr\u0113tas darb\u012bbas ar personas datiem.<\/span><\/p>\n<p><span style=\"font-size: 14px\"><strong>4. SEMARAH HOTEL MANAGEMENT Priv\u0101tuma politika<\/strong><\/span><br \/><span style=\"font-size: 14px\">4.1. Priv\u0101tuma politika nodro\u0161ina, ka SEMARAH HOTEL MANAGEMENT Personas dati tiek apstr\u0101d\u0101ti likum\u012bgi, godpr\u0101t\u012bgi un p\u0101rredzam\u0101 veid\u0101. Politika attiecin\u0101ma uz jebkuru fiziskas personas datu apstr\u0101di, proti, neatkar\u012bgi no t\u0101, k\u0101d\u0101 form\u0101 un\/vai vid\u0113 Klients sniedz personas datus (SEMARAH HOTEL MANAGEMENT uztur\u0113t\u0101s interneta m\u0101jas lap\u0101s, pap\u012bra form\u0101t\u0101, elektroniski vai telefoniski) un k\u0101d\u0101s sist\u0113m\u0101s vai pap\u012bra form\u0101 tie tiek apstr\u0101d\u0101ti.<\/span><br \/><span style=\"font-size: 14px\">4.2. Attiec\u012bb\u0101 uz specifiskiem datu apstr\u0101des veidiem (piem\u0113ram, videonov\u0113ro\u0161anas rezult\u0101t\u0101 ieg\u016bto datu apstr\u0101di u.c.) var tikt noteikti papildu, specifiski noteikumi, par ko Klients tiek inform\u0113ts br\u012bd\u012b, kad vi\u0146\u0161 sniedz attiec\u012bgus datus SEMARAH HOTEL MANAGEMENT.<\/span><br \/><span style=\"font-size: 14px\">4.3. SEMARAH HOTEL MANAGEMENT apstr\u0101d\u0101 Personas datus pakalpojumu snieg\u0161anai un pre\u010du p\u0101rdo\u0161anai, lai nodro\u0161in\u0101tu l\u012bgumsaist\u012bbu izpildi starp SEMARAH HOTEL MANAGEMENT un Klientu, k\u0101 ar\u012b SEMARAH HOTEL MANAGEMENT le\u0123it\u012bm\u0101s interes\u0113s, piem\u0113ram, biznesa pl\u0101no\u0161anai un anal\u012bzei, inform\u0101cijas snieg\u0161anai valsts p\u0101rvaldes iest\u0101d\u0113m un operat\u012bv\u0101s darb\u012bbas subjektiem \u0101r\u0113jos normat\u012bvajos aktos noteiktajos gad\u012bjumos un apjom\u0101, k\u0101 ar\u012b citos specifiskos nol\u016bkos, par kuriem Klients tiek inform\u0113ts br\u012bd\u012b, kad vi\u0146\u0161 sniedz attiec\u012bgus datus SEMARAH HOTEL MANAGEMENT.<\/span><br \/><span style=\"font-size: 14px\">4.4. SEMARAH HOTEL MANAGEMENT neizpau\u017e cit\u0101m person\u0101m Personas datus vai jebk\u0101du citu pakalpojumu snieg\u0161anas vai pre\u010du p\u0101rdo\u0161anas laik\u0101 ieg\u016btu inform\u0101ciju, iz\u0146emot:<\/span><br \/><span style=\"font-size: 14px\">4.4.1. SEMARAH HOTEL MANAGEMENT sadarb\u012bbas partneriem, kas sniedz \u0101rpakalpojumus, kas nepiecie\u0161ami SEMARAH HOTEL MANAGEMENT. \u0160\u0101dos gad\u012bjumos SEMARAH HOTEL MANAGEMENT r\u016bp\u012bgi p\u0101rbauda visus \u0101rpakalpojuma sniedz\u0113jus (personas datu apstr\u0101d\u0101t\u0101jus), kas SEMARAH HOTEL MANAGEMENT v\u0101rd\u0101 un uzdevum\u0101 apstr\u0101d\u0101 Personas datus, lai Personas datu apstr\u0101de notiktu tikai un vien\u012bgi atbilsto\u0161i SEMARAH HOTEL MANAGEMENT uzdevumiem, nor\u0101d\u012bjumiem, instrukcij\u0101m un likumu pras\u012bb\u0101m;<\/span><br \/><span style=\"font-size: 14px\">4.4.2. saska\u0146\u0101 ar Klienta skaidru un nep\u0101rprotamu piekri\u0161anu;<\/span><br \/><span style=\"font-size: 14px\">4.4.3. normat\u012bvajos aktos paredz\u0113taj\u0101m person\u0101m p\u0113c vi\u0146u pamatota piepras\u012bjuma normat\u012bvajos aktos noteiktaj\u0101 k\u0101rt\u012bb\u0101 un apjom\u0101;<\/span><br \/><span style=\"font-size: 14px\">4.4.4. normat\u012bvajos aktos noteiktos gad\u012bjumos SEMARAH HOTEL MANAGEMENT likum\u012bgo intere\u0161u aizsardz\u012bbai, piem\u0113ram, v\u0113r\u0161oties ties\u0101 vai cit\u0101s valsts instit\u016bcij\u0101s pret personu, kura ir aizsk\u0101rusi SEMARAH HOTEL MANAGEMENT likum\u012bg\u0101s intereses.<\/span><\/p>\n<p><span style=\"font-size: 14px\"><strong>5. Apstr\u0101d\u0101to Personas datu kategorijas un avots, Personas datu apstr\u0101des nol\u016bks\/m\u0113r\u0137is un tiesiskais pamats, iesp\u0113jamie datu sa\u0146\u0113m\u0113ji<\/strong><\/span><\/p>\n<ul class=\"privacy-policy-links-list\">\n<li><span style=\"font-size: 14px\"><a href=\"https:\/\/semarahhotels.com\/ru\/5-1-process-bronirovanije-gostinici\/\" target=\"_blank\" rel=\"noopener\">5.1. Viesn\u012bcas rezerv\u0101cijas process<\/a><\/span><\/li>\n<li><span style=\"font-size: 14px\"><a href=\"https:\/\/semarahhotels.com\/ru\/5-2-otcot-o-kreditnom-limite\/\" target=\"_blank\" rel=\"noopener\">5.2. Kred\u012btlimita atskaite<\/a><\/span><\/li>\n<li><span style=\"font-size: 14px\"><a href=\"https:\/\/semarahhotels.com\/ru\/5-3-registracija-v-gostinice-i-vijezd-iz-nejo\/\" target=\"_blank\" rel=\"noopener\">5.3. Re\u0123istr\u0113\u0161an\u0101s viesn\u012bc\u0101 un izrakst\u012b\u0161an\u0101s no t\u0101s<\/a><\/span><\/li>\n<li><span style=\"font-size: 14px\"><a href=\"https:\/\/semarahhotels.com\/ru\/5-4-prozivanije-v-gostinice\/\" target=\"_blank\" rel=\"noopener\">5.4. Uztur\u0113\u0161an\u0101s viesn\u012bc\u0101<\/a><\/span><\/li>\n<li><span style=\"font-size: 14px\"><a href=\"https:\/\/semarahhotels.com\/ru\/5-5-oprosi-udovletvorenosti-gostei\/\" target=\"_blank\" rel=\"noopener\">5.5. Viesu apmierin\u0101t\u012bbas aptaujas<\/a><\/span><\/li>\n<li><span style=\"font-size: 14px\"><a href=\"https:\/\/semarahhotels.com\/ru\/5-6-otkliki-v-socialih-setah-i-onlain\/\" target=\"_blank\" rel=\"noopener\">5.6. Soci\u0101lo t\u012bklu un tie\u0161saistes atsauksmes<\/a><\/span><\/li>\n<li><span style=\"font-size: 14px\"><a href=\"https:\/\/semarahhotels.com\/ru\/5-7-loterei-v-tom-cisle-v-socialnih-setah\/\" target=\"_blank\" rel=\"noopener\">5.7. Izlozes (tai skait\u0101 soci\u0101lajos t\u012bklos)<\/a><\/span><\/li>\n<li><span style=\"font-size: 14px\"><a href=\"https:\/\/semarahhotels.com\/ru\/5-8-abonirovanije-informacionih-marketingovih-soobsenij\/\" target=\"_blank\" rel=\"noopener\">5.8. Informat\u012bvo \/ m\u0101rketinga pazi\u0146ojumu abon\u0113\u0161ana Informat\u012bvie izdevumi un m\u0101rketinga materi\u0101li<\/a><\/span><\/li>\n<li><span style=\"font-size: 14px\"><a href=\"https:\/\/semarahhotels.com\/ru\/5-9-sobranije-i-meroprijatije\/\" target=\"_blank\" rel=\"noopener\">5.9. San\u0101ksmes un pas\u0101kumi San\u0101ksmju un pas\u0101kumu organiz\u0113\u0161ana<\/a><\/span><\/li>\n<li><span style=\"font-size: 14px\"><a href=\"https:\/\/semarahhotels.com\/ru\/5-10-dopolnitelnije-uslugi-i-vozmoznosti\/\" target=\"_blank\" rel=\"noopener\">5.10. Papildu pakalpojumi un iesp\u0113jas viesn\u012bcas viesiem<\/a><\/span><\/li>\n<\/ul>\n<p><span style=\"font-size: 14px\"><strong>6. Klienta k\u0101 datu subjekta ties\u012bbas<br \/>\n<\/strong>6.1. Ties\u012bbas uz inform\u0101ciju, proti, ties\u012bbas sa\u0146emt inform\u0101ciju par to, vai SEMARAH HOTEL MANAGEMENT apstr\u0101d\u0101 Personas datus un, ja apstr\u0101d\u0101, tad sa\u0146emt inform\u0101ciju par saviem Personas datiem, kas tiek apstr\u0101d\u0101ti un k\u0101p\u0113c tie tiek apstr\u0101d\u0101ti.<\/span><br \/><span style=\"font-size: 14px\">6.2. Ties\u012bbas piek\u013c\u016bt saviem datiem, proti, ties\u012bbas piepras\u012bt piek\u013cuvi saviem Personas datiem un sa\u0146emt savus Personas datus, kas glab\u0101jas pie SEMARAH HOTEL MANAGEMENT un kas tiek apstr\u0101d\u0101ti k\u0101d\u0101 no bie\u017e\u0101k izmantotajiem elektroniskajiem form\u0101tiem.<\/span><br \/><span style=\"font-size: 14px\">6.3. Ties\u012bbas labot datus, proti, ties\u012bbas piepras\u012bt savu Personas datu izlabo\u0161anu, ja tie ir neatbilsto\u0161i, nepiln\u012bgi vai nepareizi.<\/span><br \/><span style=\"font-size: 14px\">6.4. Ties\u012bbas dz\u0113st datus, proti, ties\u012bbas pras\u012bt savu Personas datu dz\u0113\u0161anu, piem\u0113ram, ja Personas dati vairs nav vajadz\u012bgi nol\u016bkam, kam tie tika v\u0101kti, vai Personas dati apstr\u0101d\u0101ti nelikum\u012bgi.<\/span><br \/><span style=\"font-size: 14px\">6.5. Ties\u012bbas ierobe\u017eot apstr\u0101di, proti, ties\u012bbas ierobe\u017eot savu Personas datu apstr\u0101di saska\u0146\u0101 ar piem\u0113rojamajiem normat\u012bvajiem aktiem, piem\u0113ram, laik\u0101, kad SEMARAH HOTEL MANAGEMENT izv\u0113rt\u0113, vai ir ties\u012bbas uz Personas datu dz\u0113\u0161anu.<\/span><br \/><span style=\"font-size: 14px\">6.6. Ties\u012bbas uz datu p\u0101rnesam\u012bbu, proti, ties\u012bbas sa\u0146emt savus Personas datus, kuri glab\u0101jas pie SEMARAH HOTEL MANAGEMENT struktur\u0113t\u0101, pla\u0161i izmantot\u0101 un ma\u0161\u012bnlas\u0101m\u0101 form\u0101t\u0101, un tos p\u0101rs\u016bt\u012bt citam Pakalpojumu sniedz\u0113jam.<\/span><br \/><span style=\"font-size: 14px\">6.7. Ties\u012bbas iebilst pret datu apstr\u0101di, proti, ties\u012bbas iebilst pret savu Personas datu apstr\u0101di, kas tiek veikta Pakalpojumu sniedz\u0113ja le\u0123it\u012bm\u0101s interes\u0113s.<\/span><br \/><span style=\"font-size: 14px\">6.8. Ties\u012bbas iesniegt s\u016bdz\u012bbas par Personas datu apstr\u0101di Datu valsts inspekcijai (www.dvi.gov.lv), ja Personas datu apstr\u0101de p\u0101rk\u0101pj personas ties\u012bbas un intereses saska\u0146\u0101 ar piem\u0113rojamajiem normat\u012bvajiem aktiem.<\/span><br \/><span style=\"font-size: 14px\">6.9. Sa\u0146emot Klienta piepras\u012bjumu par savu k\u0101 datu subjekta ties\u012bbu \u012bsteno\u0161anu, SEMARAH HOTEL MANAGEMENT p\u0101rliecin\u0101s par Klienta identit\u0101ti, izv\u0113rt\u0113 piepras\u012bjumu un izpilda to saska\u0146\u0101 ar normat\u012bvajiem aktiem. SEMARAH HOTEL MANAGEMENT atbildi Klientam nos\u016bta pa pastu uz vi\u0146a nor\u0101d\u012bto kontaktadresi ierakst\u012bt\u0101 v\u0113stul\u0113, elektroniski parakst\u012btu atbildi e-past\u0101 p\u0113c Klienta piepras\u012bjuma, p\u0113c iesp\u0113jas \u0146emot v\u0113r\u0101 Klienta nor\u0101d\u012bto atbildes sa\u0146em\u0161anas veidu.<\/span><\/p>\n<p><span style=\"font-size: 14px\"><strong>7. Klienta k\u0101 datu subjekta pien\u0101kumi<\/strong><\/span><br \/><span style=\"font-size: 14px\">7.1. Datu subjekts ir atbild\u012bgs par patiesu, sp\u0113k\u0101 eso\u0161u un piln\u012bgu datu nodro\u0161in\u0101\u0161anu gan sl\u0113dzot l\u012bgumu (pas\u016btot pakalpojumu), gan l\u012bguma izpildes laik\u0101 (pakalpojuma snieg\u0161anas laik\u0101).<\/span><br \/><span style=\"font-size: 14px\">7.2. Datu subjektam personas datu izmai\u0146u gad\u012bjum\u0101 ir pien\u0101kums nekav\u0113joties par to inform\u0113t SEMARAH HOTEL MANAGEMENT, nos\u016btot rakstisku inform\u0101ciju uz \u0161o noteikumu 10.punkt\u0101 min\u0113to elektronisko pasta adresi vai uz SEMARAH HOTEL MANAGEMENT juridisko adresi.<\/span><\/p>\n<p><span style=\"font-size: 14px\"><strong>8 Datu apstr\u0101des \u0123eogr\u0101fisk\u0101 teritorija.<\/strong><\/span><br \/><span style=\"font-size: 14px\">Personas dati tiks apstr\u0101d\u0101ti Eiropas Savien\u012bb\u0101\/ Eiropas Ekonomiskaj\u0101 zon\u0101.<\/span><\/p>\n<p><span style=\"font-size: 14px\"><strong>9. Datu glab\u0101\u0161anas ilgums<\/strong><\/span><br \/><span style=\"font-size: 14px\">Personas dati tiks apstr\u0101d\u0101ti tikai tik ilgi, cik tas ir nepiecie\u0161ams apstr\u0101des m\u0113r\u0137a sasnieg\u0161anai. Glab\u0101\u0161anas periods var b\u016bt pamatots ar nosl\u0113gto l\u012bgumu ar Klientu (p\u0113c attiec\u012bbu starp SEMARAH HOTEL MANAGEMENT un Klientu izbeig\u0161anas Personas dati tiek dz\u0113sti, ja to saglab\u0101\u0161ana nav nepiecie\u0161ama cita apstr\u0101des m\u0113r\u0137a sasnieg\u0161anai, SEMARAH HOTEL MANAGEMENT le\u0123it\u012bmo intere\u0161u nodro\u0161in\u0101\u0161anai vai piem\u0113rojamo normat\u012bvo aktu pras\u012bbu izpildei (piem\u0113ram, likumiem par gr\u0101matved\u012bbu, noziedz\u012bgi ieg\u016btu l\u012bdzek\u013cu legaliz\u0113\u0161anas nov\u0113r\u0161anu, noilgumu, civilties\u012bb\u0101m u.tml.).<\/span><\/p>\n<p><span style=\"font-size: 14px\"><strong>10. Kontaktinform\u0101cija<\/strong><\/span><br \/><span style=\"font-size: 14px\">Klients var sazin\u0101ties ar SEMARAH HOTEL MANAGEMENT jaut\u0101jumos par personas datu aizsardz\u012bbu, taj\u0101 skait\u0101 piekri\u0161anas atsauk\u0161anu, piepras\u012bjumiem, datu subjekta ties\u012bbu izmanto\u0161anu un s\u016bdz\u012bb\u0101m par personas datu apstr\u0101di.<br \/>\nSEMARAH HOTEL MANAGEMENT atbild\u012bg\u0101s personas jaut\u0101jumos par personas datu aizsardz\u012bbu kontaktinform\u0101cija t\u0101lrunis +37166118465, e-pasts privacypolicy@semarahhotels.com, Skanstes iela 7 k-1, R\u012bga, LV-1013.<\/span><\/p>\n<p>&nbsp;<\/p>\n\t\t<\/div>\n\n\t\t\n<style>\n#section_1162289706 {\n  padding-top: 30px;\n  padding-bottom: 30px;\n}\n<\/style>\n\t<\/section>\n\t\n","protected":false},"excerpt":{"rendered":"","protected":false},"author":3,"featured_media":0,"parent":0,"menu_order":90,"comment_status":"closed","ping_status":"closed","template":"","meta":{"_acf_changed":false,"inline_featured_image":false,"footnotes":""},"class_list":["post-3064","page","type-page","status-publish","hentry"],"acf":[],"yoast_head":"<!-- This site is optimized with the Yoast SEO plugin v26.2 - https:\/\/yoast.com\/wordpress\/plugins\/seo\/ -->\n<title>\u041f\u041e\u041b\u0418\u0422\u0418\u041a\u0410 \u041f\u0420\u0418\u0412\u0410\u0422\u041d\u041e\u0421\u0422\u0418 - Semarah Hotels<\/title>\n<meta name=\"robots\" content=\"index, follow, max-snippet:-1, max-image-preview:large, max-video-preview:-1\" \/>\n<link rel=\"canonical\" href=\"https:\/\/semarahhotels.com\/ru\/politika-konfidencialnosti\/\" \/>\n<meta property=\"og:locale\" content=\"ru_RU\" \/>\n<meta property=\"og:type\" content=\"article\" \/>\n<meta property=\"og:title\" content=\"\u041f\u041e\u041b\u0418\u0422\u0418\u041a\u0410 \u041f\u0420\u0418\u0412\u0410\u0422\u041d\u041e\u0421\u0422\u0418 - Semarah Hotels\" \/>\n<meta property=\"og:url\" content=\"https:\/\/semarahhotels.com\/ru\/politika-konfidencialnosti\/\" \/>\n<meta property=\"og:site_name\" content=\"Semarah Hotels\" \/>\n<meta property=\"article:publisher\" content=\"https:\/\/www.facebook.com\/semarahhotels\" \/>\n<meta property=\"article:modified_time\" content=\"2025-07-19T12:21:12+00:00\" \/>\n<meta property=\"og:image\" content=\"https:\/\/semarahhotels.com\/wp-content\/uploads\/2020\/11\/DavanuKarte_1110x420_01.2020_C-new.jpg\" \/>\n\t<meta property=\"og:image:width\" content=\"1110\" \/>\n\t<meta property=\"og:image:height\" content=\"400\" \/>\n\t<meta property=\"og:image:type\" content=\"image\/jpeg\" \/>\n<meta name=\"twitter:card\" content=\"summary_large_image\" \/>\n<script type=\"application\/ld+json\" class=\"yoast-schema-graph\">{\"@context\":\"https:\/\/schema.org\",\"@graph\":[{\"@type\":\"WebPage\",\"@id\":\"https:\/\/semarahhotels.com\/ru\/politika-konfidencialnosti\/\",\"url\":\"https:\/\/semarahhotels.com\/ru\/politika-konfidencialnosti\/\",\"name\":\"\u041f\u041e\u041b\u0418\u0422\u0418\u041a\u0410 \u041f\u0420\u0418\u0412\u0410\u0422\u041d\u041e\u0421\u0422\u0418 - Semarah Hotels\",\"isPartOf\":{\"@id\":\"https:\/\/semarahhotels.com\/ru\/#website\"},\"datePublished\":\"2020-09-18T09:24:23+00:00\",\"dateModified\":\"2025-07-19T12:21:12+00:00\",\"breadcrumb\":{\"@id\":\"https:\/\/semarahhotels.com\/ru\/politika-konfidencialnosti\/#breadcrumb\"},\"inLanguage\":\"ru-RU\",\"potentialAction\":[{\"@type\":\"ReadAction\",\"target\":[\"https:\/\/semarahhotels.com\/ru\/politika-konfidencialnosti\/\"]}]},{\"@type\":\"BreadcrumbList\",\"@id\":\"https:\/\/semarahhotels.com\/ru\/politika-konfidencialnosti\/#breadcrumb\",\"itemListElement\":[{\"@type\":\"ListItem\",\"position\":1,\"name\":\"Home\",\"item\":\"https:\/\/semarahhotels.com\/ru\/\"},{\"@type\":\"ListItem\",\"position\":2,\"name\":\"\u041f\u041e\u041b\u0418\u0422\u0418\u041a\u0410 \u041f\u0420\u0418\u0412\u0410\u0422\u041d\u041e\u0421\u0422\u0418\"}]},{\"@type\":\"WebSite\",\"@id\":\"https:\/\/semarahhotels.com\/ru\/#website\",\"url\":\"https:\/\/semarahhotels.com\/ru\/\",\"name\":\"Semarah Hotels\",\"description\":\"Semarah\",\"potentialAction\":[{\"@type\":\"SearchAction\",\"target\":{\"@type\":\"EntryPoint\",\"urlTemplate\":\"https:\/\/semarahhotels.com\/ru\/?s={search_term_string}\"},\"query-input\":{\"@type\":\"PropertyValueSpecification\",\"valueRequired\":true,\"valueName\":\"search_term_string\"}}],\"inLanguage\":\"ru-RU\"}]}<\/script>\n<!-- \/ Yoast SEO plugin. -->","yoast_head_json":{"title":"\u041f\u041e\u041b\u0418\u0422\u0418\u041a\u0410 \u041f\u0420\u0418\u0412\u0410\u0422\u041d\u041e\u0421\u0422\u0418 - Semarah Hotels","robots":{"index":"index","follow":"follow","max-snippet":"max-snippet:-1","max-image-preview":"max-image-preview:large","max-video-preview":"max-video-preview:-1"},"canonical":"https:\/\/semarahhotels.com\/ru\/politika-konfidencialnosti\/","og_locale":"ru_RU","og_type":"article","og_title":"\u041f\u041e\u041b\u0418\u0422\u0418\u041a\u0410 \u041f\u0420\u0418\u0412\u0410\u0422\u041d\u041e\u0421\u0422\u0418 - Semarah Hotels","og_url":"https:\/\/semarahhotels.com\/ru\/politika-konfidencialnosti\/","og_site_name":"Semarah Hotels","article_publisher":"https:\/\/www.facebook.com\/semarahhotels","article_modified_time":"2025-07-19T12:21:12+00:00","og_image":[{"width":1110,"height":400,"url":"https:\/\/semarahhotels.com\/wp-content\/uploads\/2020\/11\/DavanuKarte_1110x420_01.2020_C-new.jpg","type":"image\/jpeg"}],"twitter_card":"summary_large_image","schema":{"@context":"https:\/\/schema.org","@graph":[{"@type":"WebPage","@id":"https:\/\/semarahhotels.com\/ru\/politika-konfidencialnosti\/","url":"https:\/\/semarahhotels.com\/ru\/politika-konfidencialnosti\/","name":"\u041f\u041e\u041b\u0418\u0422\u0418\u041a\u0410 \u041f\u0420\u0418\u0412\u0410\u0422\u041d\u041e\u0421\u0422\u0418 - Semarah Hotels","isPartOf":{"@id":"https:\/\/semarahhotels.com\/ru\/#website"},"datePublished":"2020-09-18T09:24:23+00:00","dateModified":"2025-07-19T12:21:12+00:00","breadcrumb":{"@id":"https:\/\/semarahhotels.com\/ru\/politika-konfidencialnosti\/#breadcrumb"},"inLanguage":"ru-RU","potentialAction":[{"@type":"ReadAction","target":["https:\/\/semarahhotels.com\/ru\/politika-konfidencialnosti\/"]}]},{"@type":"BreadcrumbList","@id":"https:\/\/semarahhotels.com\/ru\/politika-konfidencialnosti\/#breadcrumb","itemListElement":[{"@type":"ListItem","position":1,"name":"Home","item":"https:\/\/semarahhotels.com\/ru\/"},{"@type":"ListItem","position":2,"name":"\u041f\u041e\u041b\u0418\u0422\u0418\u041a\u0410 \u041f\u0420\u0418\u0412\u0410\u0422\u041d\u041e\u0421\u0422\u0418"}]},{"@type":"WebSite","@id":"https:\/\/semarahhotels.com\/ru\/#website","url":"https:\/\/semarahhotels.com\/ru\/","name":"Semarah Hotels","description":"Semarah","potentialAction":[{"@type":"SearchAction","target":{"@type":"EntryPoint","urlTemplate":"https:\/\/semarahhotels.com\/ru\/?s={search_term_string}"},"query-input":{"@type":"PropertyValueSpecification","valueRequired":true,"valueName":"search_term_string"}}],"inLanguage":"ru-RU"}]}},"_links":{"self":[{"href":"https:\/\/semarahhotels.com\/ru\/wp-json\/wp\/v2\/pages\/3064","targetHints":{"allow":["GET"]}}],"collection":[{"href":"https:\/\/semarahhotels.com\/ru\/wp-json\/wp\/v2\/pages"}],"about":[{"href":"https:\/\/semarahhotels.com\/ru\/wp-json\/wp\/v2\/types\/page"}],"author":[{"embeddable":true,"href":"https:\/\/semarahhotels.com\/ru\/wp-json\/wp\/v2\/users\/3"}],"replies":[{"embeddable":true,"href":"https:\/\/semarahhotels.com\/ru\/wp-json\/wp\/v2\/comments?post=3064"}],"version-history":[{"count":0,"href":"https:\/\/semarahhotels.com\/ru\/wp-json\/wp\/v2\/pages\/3064\/revisions"}],"wp:attachment":[{"href":"https:\/\/semarahhotels.com\/ru\/wp-json\/wp\/v2\/media?parent=3064"}],"curies":[{"name":"wp","href":"https:\/\/api.w.org\/{rel}","templated":true}]}}