{"id":67858,"date":"2026-02-11T13:32:50","date_gmt":"2026-02-11T11:32:50","guid":{"rendered":"https:\/\/semarahhotels.com\/?post_type=product&#038;p=67858"},"modified":"2026-02-12T15:22:27","modified_gmt":"2026-02-12T13:22:27","slug":"latvijas-spa-rituals","status":"publish","type":"product","link":"https:\/\/semarahhotels.com\/lt\/produktas\/latvijas-spa-rituals\/","title":{"rendered":"Latvijas dabas SPA ritu\u0101ls"},"content":{"rendered":"<p>D\u0101vanu karte ir izmantojama: SPA un wellness pakalpojumiem<br \/>\nAr d\u0101vanu karti iesp\u0113jams nor\u0113\u0137in\u0101ties uz vietas viesn\u012bc\u0101, veicot samaksu par izv\u0113l\u0113to pakalpojumu<\/p>\n<strong><span style=\"font-size: 13px;\">Dovan\u0173 kortel\u0117s naudojimo taisykl\u0117s \u2013 NUORODA<\/span><\/strong>\n","protected":false},"excerpt":{"rendered":"<p>D\u0101vanu karte ir izmantojama: SPA un wellness pakalpojumiem Ar d\u0101vanu karti iesp\u0113jams nor\u0113\u0137in\u0101ties uz vietas viesn\u012bc\u0101, veicot samaksu par izv\u0113l\u0113to pakalpojumu<\/p>\n","protected":false},"featured_media":67898,"template":"","meta":{"_acf_changed":false,"inline_featured_image":false},"product_brand":[],"product_cat":[100,139,119],"product_tag":[],"class_list":{"0":"post-67858","1":"product","2":"type-product","3":"status-publish","4":"has-post-thumbnail","6":"product_cat-semarah-hotels-kartes","7":"product_cat-lielupe-hotel-kartes","8":"product_cat-uncategorized-lv","10":"first","11":"instock","12":"shipping-taxable","13":"purchasable","14":"product-type-pw-gift-card","15":"has-default-attributes"},"acf":[],"yoast_head":"<!-- This site is optimized with the Yoast SEO plugin v26.2 - https:\/\/yoast.com\/wordpress\/plugins\/seo\/ -->\n<title>Lielupe SPA d\u0101vanu karte | SPA proced\u016bras J\u016brmal\u0101<\/title>\n<meta name=\"description\" content=\"Semarah Hotels d\u0101vanu karte \u013cauj atp\u016bsties un izbaud\u012bt spa proced\u016bru viesn\u012bc\u0101 Lielupe. Ide\u0101la d\u0101vana spa pieredzei J\u016brmal\u0101\" \/>\n<meta name=\"robots\" content=\"noindex, follow\" \/>\n<meta property=\"og:locale\" content=\"lt_LT\" \/>\n<meta property=\"og:type\" content=\"article\" \/>\n<meta property=\"og:title\" content=\"Lielupe SPA d\u0101vanu karte | SPA proced\u016bras J\u016brmal\u0101\" \/>\n<meta property=\"og:description\" content=\"Semarah Hotels d\u0101vanu karte \u013cauj atp\u016bsties un izbaud\u012bt spa proced\u016bru viesn\u012bc\u0101 Lielupe. Ide\u0101la d\u0101vana spa pieredzei J\u016brmal\u0101\" \/>\n<meta property=\"og:url\" content=\"https:\/\/semarahhotels.com\/lt\/produktas\/latvijas-spa-rituals\/\" \/>\n<meta property=\"og:site_name\" content=\"Semarah Hotels\" \/>\n<meta property=\"article:publisher\" content=\"https:\/\/www.facebook.com\/semarahhotels\" \/>\n<meta property=\"article:modified_time\" content=\"2026-02-12T13:22:27+00:00\" \/>\n<meta property=\"og:image\" content=\"https:\/\/semarahhotels.com\/wp-content\/uploads\/2026\/02\/foto_laumakalnina-4489_a-scaled.jpg\" \/>\n\t<meta property=\"og:image:width\" content=\"1707\" \/>\n\t<meta property=\"og:image:height\" content=\"2560\" \/>\n\t<meta property=\"og:image:type\" content=\"image\/jpeg\" \/>\n<meta name=\"twitter:card\" content=\"summary_large_image\" \/>\n<script type=\"application\/ld+json\" class=\"yoast-schema-graph\">{\"@context\":\"https:\/\/schema.org\",\"@graph\":[{\"@type\":\"WebPage\",\"@id\":\"https:\/\/semarahhotels.com\/lt\/produktas\/latvijas-spa-rituals\/\",\"url\":\"https:\/\/semarahhotels.com\/lt\/produktas\/latvijas-spa-rituals\/\",\"name\":\"Lielupe SPA d\u0101vanu karte | SPA proced\u016bras J\u016brmal\u0101\",\"isPartOf\":{\"@id\":\"https:\/\/semarahhotels.com\/lt\/#website\"},\"primaryImageOfPage\":{\"@id\":\"https:\/\/semarahhotels.com\/lt\/produktas\/latvijas-spa-rituals\/#primaryimage\"},\"image\":{\"@id\":\"https:\/\/semarahhotels.com\/lt\/produktas\/latvijas-spa-rituals\/#primaryimage\"},\"thumbnailUrl\":\"https:\/\/semarahhotels.com\/wp-content\/uploads\/2026\/02\/foto_laumakalnina-4489_a-scaled.jpg\",\"datePublished\":\"2026-02-11T11:32:50+00:00\",\"dateModified\":\"2026-02-12T13:22:27+00:00\",\"description\":\"Semarah Hotels d\u0101vanu karte \u013cauj atp\u016bsties un izbaud\u012bt spa proced\u016bru viesn\u012bc\u0101 Lielupe. Ide\u0101la d\u0101vana spa pieredzei J\u016brmal\u0101\",\"breadcrumb\":{\"@id\":\"https:\/\/semarahhotels.com\/lt\/produktas\/latvijas-spa-rituals\/#breadcrumb\"},\"inLanguage\":\"lt-LT\",\"potentialAction\":[{\"@type\":\"ReadAction\",\"target\":[\"https:\/\/semarahhotels.com\/lt\/produktas\/latvijas-spa-rituals\/\"]}]},{\"@type\":\"ImageObject\",\"inLanguage\":\"lt-LT\",\"@id\":\"https:\/\/semarahhotels.com\/lt\/produktas\/latvijas-spa-rituals\/#primaryimage\",\"url\":\"https:\/\/semarahhotels.com\/wp-content\/uploads\/2026\/02\/foto_laumakalnina-4489_a-scaled.jpg\",\"contentUrl\":\"https:\/\/semarahhotels.com\/wp-content\/uploads\/2026\/02\/foto_laumakalnina-4489_a-scaled.jpg\",\"width\":1707,\"height\":2560},{\"@type\":\"BreadcrumbList\",\"@id\":\"https:\/\/semarahhotels.com\/lt\/produktas\/latvijas-spa-rituals\/#breadcrumb\",\"itemListElement\":[{\"@type\":\"ListItem\",\"position\":1,\"name\":\"Home\",\"item\":\"https:\/\/semarahhotels.com\/lt\/\"},{\"@type\":\"ListItem\",\"position\":2,\"name\":\"Shop\",\"item\":\"https:\/\/semarahhotels.com\/shop\/\"},{\"@type\":\"ListItem\",\"position\":3,\"name\":\"Latvijas dabas SPA ritu\u0101ls\"}]},{\"@type\":\"WebSite\",\"@id\":\"https:\/\/semarahhotels.com\/lt\/#website\",\"url\":\"https:\/\/semarahhotels.com\/lt\/\",\"name\":\"Semarah Hotels\",\"description\":\"Semarah\",\"potentialAction\":[{\"@type\":\"SearchAction\",\"target\":{\"@type\":\"EntryPoint\",\"urlTemplate\":\"https:\/\/semarahhotels.com\/lt\/?s={search_term_string}\"},\"query-input\":{\"@type\":\"PropertyValueSpecification\",\"valueRequired\":true,\"valueName\":\"search_term_string\"}}],\"inLanguage\":\"lt-LT\"}]}<\/script>\n<!-- \/ Yoast SEO plugin. -->","yoast_head_json":{"title":"Lielupe SPA d\u0101vanu karte | SPA proced\u016bras J\u016brmal\u0101","description":"Semarah Hotels d\u0101vanu karte \u013cauj atp\u016bsties un izbaud\u012bt spa proced\u016bru viesn\u012bc\u0101 Lielupe. Ide\u0101la d\u0101vana spa pieredzei J\u016brmal\u0101","robots":{"index":"noindex","follow":"follow"},"og_locale":"lt_LT","og_type":"article","og_title":"Lielupe SPA d\u0101vanu karte | SPA proced\u016bras J\u016brmal\u0101","og_description":"Semarah Hotels d\u0101vanu karte \u013cauj atp\u016bsties un izbaud\u012bt spa proced\u016bru viesn\u012bc\u0101 Lielupe. Ide\u0101la d\u0101vana spa pieredzei J\u016brmal\u0101","og_url":"https:\/\/semarahhotels.com\/lt\/produktas\/latvijas-spa-rituals\/","og_site_name":"Semarah Hotels","article_publisher":"https:\/\/www.facebook.com\/semarahhotels","article_modified_time":"2026-02-12T13:22:27+00:00","og_image":[{"width":1707,"height":2560,"url":"https:\/\/semarahhotels.com\/wp-content\/uploads\/2026\/02\/foto_laumakalnina-4489_a-scaled.jpg","type":"image\/jpeg"}],"twitter_card":"summary_large_image","schema":{"@context":"https:\/\/schema.org","@graph":[{"@type":"WebPage","@id":"https:\/\/semarahhotels.com\/lt\/produktas\/latvijas-spa-rituals\/","url":"https:\/\/semarahhotels.com\/lt\/produktas\/latvijas-spa-rituals\/","name":"Lielupe SPA d\u0101vanu karte | SPA proced\u016bras J\u016brmal\u0101","isPartOf":{"@id":"https:\/\/semarahhotels.com\/lt\/#website"},"primaryImageOfPage":{"@id":"https:\/\/semarahhotels.com\/lt\/produktas\/latvijas-spa-rituals\/#primaryimage"},"image":{"@id":"https:\/\/semarahhotels.com\/lt\/produktas\/latvijas-spa-rituals\/#primaryimage"},"thumbnailUrl":"https:\/\/semarahhotels.com\/wp-content\/uploads\/2026\/02\/foto_laumakalnina-4489_a-scaled.jpg","datePublished":"2026-02-11T11:32:50+00:00","dateModified":"2026-02-12T13:22:27+00:00","description":"Semarah Hotels d\u0101vanu karte \u013cauj atp\u016bsties un izbaud\u012bt spa proced\u016bru viesn\u012bc\u0101 Lielupe. Ide\u0101la d\u0101vana spa pieredzei J\u016brmal\u0101","breadcrumb":{"@id":"https:\/\/semarahhotels.com\/lt\/produktas\/latvijas-spa-rituals\/#breadcrumb"},"inLanguage":"lt-LT","potentialAction":[{"@type":"ReadAction","target":["https:\/\/semarahhotels.com\/lt\/produktas\/latvijas-spa-rituals\/"]}]},{"@type":"ImageObject","inLanguage":"lt-LT","@id":"https:\/\/semarahhotels.com\/lt\/produktas\/latvijas-spa-rituals\/#primaryimage","url":"https:\/\/semarahhotels.com\/wp-content\/uploads\/2026\/02\/foto_laumakalnina-4489_a-scaled.jpg","contentUrl":"https:\/\/semarahhotels.com\/wp-content\/uploads\/2026\/02\/foto_laumakalnina-4489_a-scaled.jpg","width":1707,"height":2560},{"@type":"BreadcrumbList","@id":"https:\/\/semarahhotels.com\/lt\/produktas\/latvijas-spa-rituals\/#breadcrumb","itemListElement":[{"@type":"ListItem","position":1,"name":"Home","item":"https:\/\/semarahhotels.com\/lt\/"},{"@type":"ListItem","position":2,"name":"Shop","item":"https:\/\/semarahhotels.com\/shop\/"},{"@type":"ListItem","position":3,"name":"Latvijas dabas SPA ritu\u0101ls"}]},{"@type":"WebSite","@id":"https:\/\/semarahhotels.com\/lt\/#website","url":"https:\/\/semarahhotels.com\/lt\/","name":"Semarah Hotels","description":"Semarah","potentialAction":[{"@type":"SearchAction","target":{"@type":"EntryPoint","urlTemplate":"https:\/\/semarahhotels.com\/lt\/?s={search_term_string}"},"query-input":{"@type":"PropertyValueSpecification","valueRequired":true,"valueName":"search_term_string"}}],"inLanguage":"lt-LT"}]}},"_links":{"self":[{"href":"https:\/\/semarahhotels.com\/lt\/wp-json\/wp\/v2\/product\/67858","targetHints":{"allow":["GET"]}}],"collection":[{"href":"https:\/\/semarahhotels.com\/lt\/wp-json\/wp\/v2\/product"}],"about":[{"href":"https:\/\/semarahhotels.com\/lt\/wp-json\/wp\/v2\/types\/product"}],"wp:featuredmedia":[{"embeddable":true,"href":"https:\/\/semarahhotels.com\/lt\/wp-json\/wp\/v2\/media\/67898"}],"wp:attachment":[{"href":"https:\/\/semarahhotels.com\/lt\/wp-json\/wp\/v2\/media?parent=67858"}],"wp:term":[{"taxonomy":"product_brand","embeddable":true,"href":"https:\/\/semarahhotels.com\/lt\/wp-json\/wp\/v2\/product_brand?post=67858"},{"taxonomy":"product_cat","embeddable":true,"href":"https:\/\/semarahhotels.com\/lt\/wp-json\/wp\/v2\/product_cat?post=67858"},{"taxonomy":"product_tag","embeddable":true,"href":"https:\/\/semarahhotels.com\/lt\/wp-json\/wp\/v2\/product_tag?post=67858"}],"curies":[{"name":"wp","href":"https:\/\/api.w.org\/{rel}","templated":true}]}}