{"id":61220,"date":"2025-03-14T09:50:51","date_gmt":"2025-03-14T09:50:51","guid":{"rendered":"https:\/\/semarahhotels.com\/5-9-susitikimai-ir-renginiai-susitikimu-ir-renginiu-organizavimas\/"},"modified":"2025-03-14T09:50:51","modified_gmt":"2025-03-14T09:50:51","slug":"5-9-susitikimai-ir-renginiai-susitikimu-ir-renginiu-organizavimas","status":"publish","type":"page","link":"https:\/\/semarahhotels.com\/lt\/5-9-susitikimai-ir-renginiai-susitikimu-ir-renginiu-organizavimas\/","title":{"rendered":"5.9. Susitikimai ir renginiai Susitikim\u0173 ir rengini\u0173 organizavimas"},"content":{"rendered":"<p style=\"text-align: center\"><strong><span style=\"font-size: 14px\">5.9. Susitikimai ir renginiai Susitikim\u0173 ir rengini\u0173 organizavimas<\/span><\/strong><\/p>\n<p><strong><span style=\"font-size: 12px\">Organization of meetings and events<\/span><\/strong><br \/>\n<span style=\"font-size: 12px\">If you wish to organize a meeting or event at one of our hotels or if you wish to find out about the <\/span><span style=\"font-size: 12px\">possibilities of organizing such events, please contact us. The personal data collected will be processed in <\/span><span style=\"font-size: 12px\">order to fulfil your request for organization of a meeting or event.<\/span><\/p>\n<p><strong><span style=\"font-size: 12px\">Categories of data processed:<\/span><\/strong><\/p>\n<ul>\n<li><span style=\"font-size: 12px\">Address<\/span><\/li>\n<li><span style=\"font-size: 12px\">Email address<\/span><\/li>\n<li><span style=\"font-size: 12px\">Name\/surname<\/span><\/li>\n<li><span style=\"font-size: 12px\">Telephone number<\/span><\/li>\n<\/ul>\n<p><strong><span style=\"font-size: 12px\">Data source:<\/span><\/strong><br \/>\n<span style=\"font-size: 12px\">Directly from you at the time of booking an event.<\/span><\/p>\n<p><strong><span style=\"font-size: 12px\">Reason for data processing:<\/span><\/strong><br \/>\n<span style=\"font-size: 12px\">Depending on whether you have contacted us on behalf of yourself or your company:<\/span><\/p>\n<ul>\n<li><span style=\"font-size: 12px\">Data processing is necessary for the conclusion and performance of the contract<\/span><\/li>\n<\/ul>\n<p><strong><span style=\"font-size: 12px\">Recipients of the data:<\/span><\/strong><\/p>\n<ul>\n<li><span style=\"font-size: 12px\">Hotel of your choice<\/span><\/li>\n<li><span style=\"font-size: 12px\">Other structural units of SEMARAH HOTEL MANAGEMENT involved<\/span><\/li>\n<li><span style=\"font-size: 12px\">Providers of IT services<\/span><\/li>\n<\/ul>\n","protected":false},"excerpt":{"rendered":"<p>5.9. Susitikimai ir renginiai Susitikim\u0173 ir rengini\u0173 organizavimas Organization of meetings and events If you wish to organize a meeting or event at one of our hotels or if you wish to find out about the possibilities of organizing such events, please contact us. The personal data collected will be processed in order to fulfil[&#8230;]\n","protected":false},"author":3,"featured_media":0,"parent":0,"menu_order":137,"comment_status":"closed","ping_status":"closed","template":"","meta":{"_acf_changed":false,"inline_featured_image":false,"footnotes":""},"class_list":["post-61220","page","type-page","status-publish","hentry"],"acf":[],"yoast_head":"<!-- This site is optimized with the Yoast SEO plugin v26.2 - https:\/\/yoast.com\/wordpress\/plugins\/seo\/ -->\n<title>5.9. Susitikimai ir renginiai Susitikim\u0173 ir rengini\u0173 organizavimas - Semarah Hotels<\/title>\n<meta name=\"robots\" content=\"index, follow, max-snippet:-1, max-image-preview:large, max-video-preview:-1\" \/>\n<link rel=\"canonical\" href=\"https:\/\/semarahhotels.com\/lt\/5-9-susitikimai-ir-renginiai-susitikimu-ir-renginiu-organizavimas\/\" \/>\n<meta property=\"og:locale\" content=\"lt_LT\" \/>\n<meta property=\"og:type\" content=\"article\" \/>\n<meta property=\"og:title\" content=\"5.9. Susitikimai ir renginiai Susitikim\u0173 ir rengini\u0173 organizavimas - Semarah Hotels\" \/>\n<meta property=\"og:description\" content=\"5.9. Susitikimai ir renginiai Susitikim\u0173 ir rengini\u0173 organizavimas Organization of meetings and events If you wish to organize a meeting or event at one of our hotels or if you wish to find out about the possibilities of organizing such events, please contact us. The personal data collected will be processed in order to fulfil[...]\" \/>\n<meta property=\"og:url\" content=\"https:\/\/semarahhotels.com\/lt\/5-9-susitikimai-ir-renginiai-susitikimu-ir-renginiu-organizavimas\/\" \/>\n<meta property=\"og:site_name\" content=\"Semarah Hotels\" \/>\n<meta property=\"article:publisher\" content=\"https:\/\/www.facebook.com\/semarahhotels\" \/>\n<meta property=\"og:image\" content=\"https:\/\/semarahhotels.com\/wp-content\/uploads\/2020\/11\/DavanuKarte_1110x420_01.2020_C-new.jpg\" \/>\n\t<meta property=\"og:image:width\" content=\"1110\" \/>\n\t<meta property=\"og:image:height\" content=\"400\" \/>\n\t<meta property=\"og:image:type\" content=\"image\/jpeg\" \/>\n<meta name=\"twitter:card\" content=\"summary_large_image\" \/>\n<script type=\"application\/ld+json\" class=\"yoast-schema-graph\">{\"@context\":\"https:\/\/schema.org\",\"@graph\":[{\"@type\":\"WebPage\",\"@id\":\"https:\/\/semarahhotels.com\/lt\/5-9-susitikimai-ir-renginiai-susitikimu-ir-renginiu-organizavimas\/\",\"url\":\"https:\/\/semarahhotels.com\/lt\/5-9-susitikimai-ir-renginiai-susitikimu-ir-renginiu-organizavimas\/\",\"name\":\"5.9. Susitikimai ir renginiai Susitikim\u0173 ir rengini\u0173 organizavimas - Semarah Hotels\",\"isPartOf\":{\"@id\":\"https:\/\/semarahhotels.com\/lt\/#website\"},\"datePublished\":\"2025-03-14T09:50:51+00:00\",\"breadcrumb\":{\"@id\":\"https:\/\/semarahhotels.com\/lt\/5-9-susitikimai-ir-renginiai-susitikimu-ir-renginiu-organizavimas\/#breadcrumb\"},\"inLanguage\":\"lt-LT\",\"potentialAction\":[{\"@type\":\"ReadAction\",\"target\":[\"https:\/\/semarahhotels.com\/lt\/5-9-susitikimai-ir-renginiai-susitikimu-ir-renginiu-organizavimas\/\"]}]},{\"@type\":\"BreadcrumbList\",\"@id\":\"https:\/\/semarahhotels.com\/lt\/5-9-susitikimai-ir-renginiai-susitikimu-ir-renginiu-organizavimas\/#breadcrumb\",\"itemListElement\":[{\"@type\":\"ListItem\",\"position\":1,\"name\":\"Home\",\"item\":\"https:\/\/semarahhotels.com\/lt\/\"},{\"@type\":\"ListItem\",\"position\":2,\"name\":\"5.9. Susitikimai ir renginiai Susitikim\u0173 ir rengini\u0173 organizavimas\"}]},{\"@type\":\"WebSite\",\"@id\":\"https:\/\/semarahhotels.com\/lt\/#website\",\"url\":\"https:\/\/semarahhotels.com\/lt\/\",\"name\":\"Semarah Hotels\",\"description\":\"Semarah\",\"potentialAction\":[{\"@type\":\"SearchAction\",\"target\":{\"@type\":\"EntryPoint\",\"urlTemplate\":\"https:\/\/semarahhotels.com\/lt\/?s={search_term_string}\"},\"query-input\":{\"@type\":\"PropertyValueSpecification\",\"valueRequired\":true,\"valueName\":\"search_term_string\"}}],\"inLanguage\":\"lt-LT\"}]}<\/script>\n<!-- \/ Yoast SEO plugin. -->","yoast_head_json":{"title":"5.9. Susitikimai ir renginiai Susitikim\u0173 ir rengini\u0173 organizavimas - Semarah Hotels","robots":{"index":"index","follow":"follow","max-snippet":"max-snippet:-1","max-image-preview":"max-image-preview:large","max-video-preview":"max-video-preview:-1"},"canonical":"https:\/\/semarahhotels.com\/lt\/5-9-susitikimai-ir-renginiai-susitikimu-ir-renginiu-organizavimas\/","og_locale":"lt_LT","og_type":"article","og_title":"5.9. Susitikimai ir renginiai Susitikim\u0173 ir rengini\u0173 organizavimas - Semarah Hotels","og_description":"5.9. Susitikimai ir renginiai Susitikim\u0173 ir rengini\u0173 organizavimas Organization of meetings and events If you wish to organize a meeting or event at one of our hotels or if you wish to find out about the possibilities of organizing such events, please contact us. The personal data collected will be processed in order to fulfil[...]","og_url":"https:\/\/semarahhotels.com\/lt\/5-9-susitikimai-ir-renginiai-susitikimu-ir-renginiu-organizavimas\/","og_site_name":"Semarah Hotels","article_publisher":"https:\/\/www.facebook.com\/semarahhotels","og_image":[{"width":1110,"height":400,"url":"https:\/\/semarahhotels.com\/wp-content\/uploads\/2020\/11\/DavanuKarte_1110x420_01.2020_C-new.jpg","type":"image\/jpeg"}],"twitter_card":"summary_large_image","schema":{"@context":"https:\/\/schema.org","@graph":[{"@type":"WebPage","@id":"https:\/\/semarahhotels.com\/lt\/5-9-susitikimai-ir-renginiai-susitikimu-ir-renginiu-organizavimas\/","url":"https:\/\/semarahhotels.com\/lt\/5-9-susitikimai-ir-renginiai-susitikimu-ir-renginiu-organizavimas\/","name":"5.9. Susitikimai ir renginiai Susitikim\u0173 ir rengini\u0173 organizavimas - Semarah Hotels","isPartOf":{"@id":"https:\/\/semarahhotels.com\/lt\/#website"},"datePublished":"2025-03-14T09:50:51+00:00","breadcrumb":{"@id":"https:\/\/semarahhotels.com\/lt\/5-9-susitikimai-ir-renginiai-susitikimu-ir-renginiu-organizavimas\/#breadcrumb"},"inLanguage":"lt-LT","potentialAction":[{"@type":"ReadAction","target":["https:\/\/semarahhotels.com\/lt\/5-9-susitikimai-ir-renginiai-susitikimu-ir-renginiu-organizavimas\/"]}]},{"@type":"BreadcrumbList","@id":"https:\/\/semarahhotels.com\/lt\/5-9-susitikimai-ir-renginiai-susitikimu-ir-renginiu-organizavimas\/#breadcrumb","itemListElement":[{"@type":"ListItem","position":1,"name":"Home","item":"https:\/\/semarahhotels.com\/lt\/"},{"@type":"ListItem","position":2,"name":"5.9. Susitikimai ir renginiai Susitikim\u0173 ir rengini\u0173 organizavimas"}]},{"@type":"WebSite","@id":"https:\/\/semarahhotels.com\/lt\/#website","url":"https:\/\/semarahhotels.com\/lt\/","name":"Semarah Hotels","description":"Semarah","potentialAction":[{"@type":"SearchAction","target":{"@type":"EntryPoint","urlTemplate":"https:\/\/semarahhotels.com\/lt\/?s={search_term_string}"},"query-input":{"@type":"PropertyValueSpecification","valueRequired":true,"valueName":"search_term_string"}}],"inLanguage":"lt-LT"}]}},"_links":{"self":[{"href":"https:\/\/semarahhotels.com\/lt\/wp-json\/wp\/v2\/pages\/61220","targetHints":{"allow":["GET"]}}],"collection":[{"href":"https:\/\/semarahhotels.com\/lt\/wp-json\/wp\/v2\/pages"}],"about":[{"href":"https:\/\/semarahhotels.com\/lt\/wp-json\/wp\/v2\/types\/page"}],"author":[{"embeddable":true,"href":"https:\/\/semarahhotels.com\/lt\/wp-json\/wp\/v2\/users\/3"}],"replies":[{"embeddable":true,"href":"https:\/\/semarahhotels.com\/lt\/wp-json\/wp\/v2\/comments?post=61220"}],"version-history":[{"count":0,"href":"https:\/\/semarahhotels.com\/lt\/wp-json\/wp\/v2\/pages\/61220\/revisions"}],"wp:attachment":[{"href":"https:\/\/semarahhotels.com\/lt\/wp-json\/wp\/v2\/media?parent=61220"}],"curies":[{"name":"wp","href":"https:\/\/api.w.org\/{rel}","templated":true}]}}