{"id":61213,"date":"2025-03-14T09:43:18","date_gmt":"2025-03-14T09:43:18","guid":{"rendered":"https:\/\/semarahhotels.com\/5-8-naujienlaiskiu-rinkodaros-pranesimu-prenumerata-informaciniai-leidiniai-ir-rinkodaros-medziaga\/"},"modified":"2025-03-14T09:43:18","modified_gmt":"2025-03-14T09:43:18","slug":"5-8-naujienlaiskiu-rinkodaros-pranesimu-prenumerata-informaciniai-leidiniai-ir-rinkodaros-medziaga","status":"publish","type":"page","link":"https:\/\/semarahhotels.com\/lt\/5-8-naujienlaiskiu-rinkodaros-pranesimu-prenumerata-informaciniai-leidiniai-ir-rinkodaros-medziaga\/","title":{"rendered":"5.8. Naujienlai\u0161ki\u0173 \/ rinkodaros prane\u0161im\u0173 prenumerata Informaciniai leidiniai ir rinkodaros med\u017eiaga"},"content":{"rendered":"<p style=\"text-align: center\"><strong><span style=\"font-size: 14px\">5.8. Naujienlai\u0161ki\u0173 \/ rinkodaros prane\u0161im\u0173 prenumerata Informaciniai leidiniai ir rinkodaros med\u017eiaga<\/span><\/strong><\/p>\n<p><strong><span style=\"font-size: 12px\">Newsletters and marketing materials<\/span><\/strong><br \/>\n<span style=\"font-size: 12px\">If you have expressly agreed to receive our newsletters or marketing materials, we may contact you from <\/span><span style=\"font-size: 12px\">time to time and provide you with information about our services and latest offers, and process your <\/span><span style=\"font-size: 12px\">personal data for this purpose.<\/span><br \/>\n<span style=\"font-size: 12px\">If you no longer wish to receive our newsletters or marketing materials, please let us know by writing to: <\/span><span style=\"font-size: 12px\">marketing@semarahhotels.com.<\/span><br \/>\n<span style=\"font-size: 12px\">You can also opt out of receiving our marketing emails by clicking on the unsubscribe link in the emails <\/span><span style=\"font-size: 12px\">sent to you.<br \/>\n<\/span><br \/>\n<strong><span style=\"font-size: 12px\">Categories of data processed:<\/span><\/strong><\/p>\n<ul>\n<li><span style=\"font-size: 12px\">Email address<\/span><\/li>\n<li><span style=\"font-size: 12px\">Name, surname<\/span><\/li>\n<li><span style=\"font-size: 12px\">Telephone number<\/span><\/li>\n<\/ul>\n<p><strong><span style=\"font-size: 12px\">Data source:<\/span><\/strong><br \/>\n<span style=\"font-size: 12px\">Directly from you as you express your wish to subscribe to our newsletter\/marketing materials.<\/span><\/p>\n<p><strong><span style=\"font-size: 12px\">Reason for data processing:<\/span><\/strong><br \/>\n<span style=\"font-size: 12px\">Special consent obtained during subscription to our newsletter\/marketing materials.<\/span><\/p>\n<p><strong><span style=\"font-size: 12px\">Recipients of the data:<\/span><\/strong><\/p>\n<ul>\n<li><span style=\"font-size: 12px\">Other structural units of SEMARAH HOTEL MANAGEMENT involved<\/span><\/li>\n<li><span style=\"font-size: 12px\">Providers of IT services<\/span><\/li>\n<li><span style=\"font-size: 12px\">Mailbox provider<\/span><\/li>\n<\/ul>\n","protected":false},"excerpt":{"rendered":"<p>5.8. Naujienlai\u0161ki\u0173 \/ rinkodaros prane\u0161im\u0173 prenumerata Informaciniai leidiniai ir rinkodaros med\u017eiaga Newsletters and marketing materials If you have expressly agreed to receive our newsletters or marketing materials, we may contact you from time to time and provide you with information about our services and latest offers, and process your personal data for this purpose. If[&#8230;]\n","protected":false},"author":3,"featured_media":0,"parent":0,"menu_order":130,"comment_status":"closed","ping_status":"closed","template":"","meta":{"_acf_changed":false,"inline_featured_image":false,"footnotes":""},"class_list":["post-61213","page","type-page","status-publish","hentry"],"acf":[],"yoast_head":"<!-- This site is optimized with the Yoast SEO plugin v26.2 - https:\/\/yoast.com\/wordpress\/plugins\/seo\/ -->\n<title>5.8. Naujienlai\u0161ki\u0173 \/ rinkodaros prane\u0161im\u0173 prenumerata Informaciniai leidiniai ir rinkodaros med\u017eiaga - Semarah Hotels<\/title>\n<meta name=\"robots\" content=\"index, follow, max-snippet:-1, max-image-preview:large, max-video-preview:-1\" \/>\n<link rel=\"canonical\" href=\"https:\/\/semarahhotels.com\/lt\/5-8-naujienlaiskiu-rinkodaros-pranesimu-prenumerata-informaciniai-leidiniai-ir-rinkodaros-medziaga\/\" \/>\n<meta property=\"og:locale\" content=\"lt_LT\" \/>\n<meta property=\"og:type\" content=\"article\" \/>\n<meta property=\"og:title\" content=\"5.8. Naujienlai\u0161ki\u0173 \/ rinkodaros prane\u0161im\u0173 prenumerata Informaciniai leidiniai ir rinkodaros med\u017eiaga - Semarah Hotels\" \/>\n<meta property=\"og:description\" content=\"5.8. Naujienlai\u0161ki\u0173 \/ rinkodaros prane\u0161im\u0173 prenumerata Informaciniai leidiniai ir rinkodaros med\u017eiaga Newsletters and marketing materials If you have expressly agreed to receive our newsletters or marketing materials, we may contact you from time to time and provide you with information about our services and latest offers, and process your personal data for this purpose. If[...]\" \/>\n<meta property=\"og:url\" content=\"https:\/\/semarahhotels.com\/lt\/5-8-naujienlaiskiu-rinkodaros-pranesimu-prenumerata-informaciniai-leidiniai-ir-rinkodaros-medziaga\/\" \/>\n<meta property=\"og:site_name\" content=\"Semarah Hotels\" \/>\n<meta property=\"article:publisher\" content=\"https:\/\/www.facebook.com\/semarahhotels\" \/>\n<meta property=\"og:image\" content=\"https:\/\/semarahhotels.com\/wp-content\/uploads\/2020\/11\/DavanuKarte_1110x420_01.2020_C-new.jpg\" \/>\n\t<meta property=\"og:image:width\" content=\"1110\" \/>\n\t<meta property=\"og:image:height\" content=\"400\" \/>\n\t<meta property=\"og:image:type\" content=\"image\/jpeg\" \/>\n<meta name=\"twitter:card\" content=\"summary_large_image\" \/>\n<script type=\"application\/ld+json\" class=\"yoast-schema-graph\">{\"@context\":\"https:\/\/schema.org\",\"@graph\":[{\"@type\":\"WebPage\",\"@id\":\"https:\/\/semarahhotels.com\/lt\/5-8-naujienlaiskiu-rinkodaros-pranesimu-prenumerata-informaciniai-leidiniai-ir-rinkodaros-medziaga\/\",\"url\":\"https:\/\/semarahhotels.com\/lt\/5-8-naujienlaiskiu-rinkodaros-pranesimu-prenumerata-informaciniai-leidiniai-ir-rinkodaros-medziaga\/\",\"name\":\"5.8. Naujienlai\u0161ki\u0173 \/ rinkodaros prane\u0161im\u0173 prenumerata Informaciniai leidiniai ir rinkodaros med\u017eiaga - Semarah Hotels\",\"isPartOf\":{\"@id\":\"https:\/\/semarahhotels.com\/lt\/#website\"},\"datePublished\":\"2025-03-14T09:43:18+00:00\",\"breadcrumb\":{\"@id\":\"https:\/\/semarahhotels.com\/lt\/5-8-naujienlaiskiu-rinkodaros-pranesimu-prenumerata-informaciniai-leidiniai-ir-rinkodaros-medziaga\/#breadcrumb\"},\"inLanguage\":\"lt-LT\",\"potentialAction\":[{\"@type\":\"ReadAction\",\"target\":[\"https:\/\/semarahhotels.com\/lt\/5-8-naujienlaiskiu-rinkodaros-pranesimu-prenumerata-informaciniai-leidiniai-ir-rinkodaros-medziaga\/\"]}]},{\"@type\":\"BreadcrumbList\",\"@id\":\"https:\/\/semarahhotels.com\/lt\/5-8-naujienlaiskiu-rinkodaros-pranesimu-prenumerata-informaciniai-leidiniai-ir-rinkodaros-medziaga\/#breadcrumb\",\"itemListElement\":[{\"@type\":\"ListItem\",\"position\":1,\"name\":\"Home\",\"item\":\"https:\/\/semarahhotels.com\/lt\/\"},{\"@type\":\"ListItem\",\"position\":2,\"name\":\"5.8. Naujienlai\u0161ki\u0173 \/ rinkodaros prane\u0161im\u0173 prenumerata Informaciniai leidiniai ir rinkodaros med\u017eiaga\"}]},{\"@type\":\"WebSite\",\"@id\":\"https:\/\/semarahhotels.com\/lt\/#website\",\"url\":\"https:\/\/semarahhotels.com\/lt\/\",\"name\":\"Semarah Hotels\",\"description\":\"Semarah\",\"potentialAction\":[{\"@type\":\"SearchAction\",\"target\":{\"@type\":\"EntryPoint\",\"urlTemplate\":\"https:\/\/semarahhotels.com\/lt\/?s={search_term_string}\"},\"query-input\":{\"@type\":\"PropertyValueSpecification\",\"valueRequired\":true,\"valueName\":\"search_term_string\"}}],\"inLanguage\":\"lt-LT\"}]}<\/script>\n<!-- \/ Yoast SEO plugin. -->","yoast_head_json":{"title":"5.8. Naujienlai\u0161ki\u0173 \/ rinkodaros prane\u0161im\u0173 prenumerata Informaciniai leidiniai ir rinkodaros med\u017eiaga - Semarah Hotels","robots":{"index":"index","follow":"follow","max-snippet":"max-snippet:-1","max-image-preview":"max-image-preview:large","max-video-preview":"max-video-preview:-1"},"canonical":"https:\/\/semarahhotels.com\/lt\/5-8-naujienlaiskiu-rinkodaros-pranesimu-prenumerata-informaciniai-leidiniai-ir-rinkodaros-medziaga\/","og_locale":"lt_LT","og_type":"article","og_title":"5.8. Naujienlai\u0161ki\u0173 \/ rinkodaros prane\u0161im\u0173 prenumerata Informaciniai leidiniai ir rinkodaros med\u017eiaga - Semarah Hotels","og_description":"5.8. Naujienlai\u0161ki\u0173 \/ rinkodaros prane\u0161im\u0173 prenumerata Informaciniai leidiniai ir rinkodaros med\u017eiaga Newsletters and marketing materials If you have expressly agreed to receive our newsletters or marketing materials, we may contact you from time to time and provide you with information about our services and latest offers, and process your personal data for this purpose. If[...]","og_url":"https:\/\/semarahhotels.com\/lt\/5-8-naujienlaiskiu-rinkodaros-pranesimu-prenumerata-informaciniai-leidiniai-ir-rinkodaros-medziaga\/","og_site_name":"Semarah Hotels","article_publisher":"https:\/\/www.facebook.com\/semarahhotels","og_image":[{"width":1110,"height":400,"url":"https:\/\/semarahhotels.com\/wp-content\/uploads\/2020\/11\/DavanuKarte_1110x420_01.2020_C-new.jpg","type":"image\/jpeg"}],"twitter_card":"summary_large_image","schema":{"@context":"https:\/\/schema.org","@graph":[{"@type":"WebPage","@id":"https:\/\/semarahhotels.com\/lt\/5-8-naujienlaiskiu-rinkodaros-pranesimu-prenumerata-informaciniai-leidiniai-ir-rinkodaros-medziaga\/","url":"https:\/\/semarahhotels.com\/lt\/5-8-naujienlaiskiu-rinkodaros-pranesimu-prenumerata-informaciniai-leidiniai-ir-rinkodaros-medziaga\/","name":"5.8. Naujienlai\u0161ki\u0173 \/ rinkodaros prane\u0161im\u0173 prenumerata Informaciniai leidiniai ir rinkodaros med\u017eiaga - Semarah Hotels","isPartOf":{"@id":"https:\/\/semarahhotels.com\/lt\/#website"},"datePublished":"2025-03-14T09:43:18+00:00","breadcrumb":{"@id":"https:\/\/semarahhotels.com\/lt\/5-8-naujienlaiskiu-rinkodaros-pranesimu-prenumerata-informaciniai-leidiniai-ir-rinkodaros-medziaga\/#breadcrumb"},"inLanguage":"lt-LT","potentialAction":[{"@type":"ReadAction","target":["https:\/\/semarahhotels.com\/lt\/5-8-naujienlaiskiu-rinkodaros-pranesimu-prenumerata-informaciniai-leidiniai-ir-rinkodaros-medziaga\/"]}]},{"@type":"BreadcrumbList","@id":"https:\/\/semarahhotels.com\/lt\/5-8-naujienlaiskiu-rinkodaros-pranesimu-prenumerata-informaciniai-leidiniai-ir-rinkodaros-medziaga\/#breadcrumb","itemListElement":[{"@type":"ListItem","position":1,"name":"Home","item":"https:\/\/semarahhotels.com\/lt\/"},{"@type":"ListItem","position":2,"name":"5.8. Naujienlai\u0161ki\u0173 \/ rinkodaros prane\u0161im\u0173 prenumerata Informaciniai leidiniai ir rinkodaros med\u017eiaga"}]},{"@type":"WebSite","@id":"https:\/\/semarahhotels.com\/lt\/#website","url":"https:\/\/semarahhotels.com\/lt\/","name":"Semarah Hotels","description":"Semarah","potentialAction":[{"@type":"SearchAction","target":{"@type":"EntryPoint","urlTemplate":"https:\/\/semarahhotels.com\/lt\/?s={search_term_string}"},"query-input":{"@type":"PropertyValueSpecification","valueRequired":true,"valueName":"search_term_string"}}],"inLanguage":"lt-LT"}]}},"_links":{"self":[{"href":"https:\/\/semarahhotels.com\/lt\/wp-json\/wp\/v2\/pages\/61213","targetHints":{"allow":["GET"]}}],"collection":[{"href":"https:\/\/semarahhotels.com\/lt\/wp-json\/wp\/v2\/pages"}],"about":[{"href":"https:\/\/semarahhotels.com\/lt\/wp-json\/wp\/v2\/types\/page"}],"author":[{"embeddable":true,"href":"https:\/\/semarahhotels.com\/lt\/wp-json\/wp\/v2\/users\/3"}],"replies":[{"embeddable":true,"href":"https:\/\/semarahhotels.com\/lt\/wp-json\/wp\/v2\/comments?post=61213"}],"version-history":[{"count":0,"href":"https:\/\/semarahhotels.com\/lt\/wp-json\/wp\/v2\/pages\/61213\/revisions"}],"wp:attachment":[{"href":"https:\/\/semarahhotels.com\/lt\/wp-json\/wp\/v2\/media?parent=61213"}],"curies":[{"name":"wp","href":"https:\/\/api.w.org\/{rel}","templated":true}]}}