{"id":61196,"date":"2025-03-14T09:21:22","date_gmt":"2025-03-14T09:21:22","guid":{"rendered":"https:\/\/semarahhotels.com\/5-5-sveciu-pasitenkinimo-apklausos\/"},"modified":"2025-03-14T09:21:22","modified_gmt":"2025-03-14T09:21:22","slug":"5-5-sveciu-pasitenkinimo-apklausos","status":"publish","type":"page","link":"https:\/\/semarahhotels.com\/lt\/5-5-sveciu-pasitenkinimo-apklausos\/","title":{"rendered":"5.5. Sve\u010di\u0173 pasitenkinimo apklausos"},"content":{"rendered":"<p style=\"text-align: center\"><span style=\"font-size: 14px\"><strong>5.5. Sve\u010di\u0173 pasitenkinimo apklausos<\/strong><\/span><\/p>\n<p><span style=\"font-size: 12px\">After your stay at the hotel, we will send you a customer satisfaction survey by email so you could rate <\/span><span style=\"font-size: 12px\">the performance of our hotels.<\/span><\/p>\n<p><strong><span style=\"font-size: 12px\">Categories of data processed:<\/span><\/strong><\/p>\n<ul>\n<li><span style=\"font-size: 12px\">Country of domicile<\/span><\/li>\n<li><span style=\"font-size: 12px\">Check-in and check-out dates<\/span><\/li>\n<li><span style=\"font-size: 12px\">Email address, name\/surname, nationality, information about your stay at the hotel<\/span><\/li>\n<\/ul>\n<p><strong><span style=\"font-size: 12px\">Data source:<\/span><\/strong><br \/>\n<span style=\"font-size: 12px\">Guest satisfaction survey<\/span><br \/>\n<span style=\"font-size: 12px\">Reason for data processing:<\/span><br \/>\n<span style=\"font-size: 12px\">Data processing is necessary to ensure proper performance of the contract we have concluded with you<\/span><br \/>\n<span style=\"font-size: 12px\">and to safeguard our legitimate interests in improving the quality of the services provided.<\/span><\/p>\n<p><strong><span style=\"font-size: 12px\">Recipients of the data:<\/span><\/strong><\/p>\n<ul>\n<li><span style=\"font-size: 12px\">Other structural units of SEMARAH HOTEL MANAGEMENT involved<\/span><\/li>\n<li><span style=\"font-size: 12px\">Guest satisfaction survey provider Guest Joy, ReviewPro<\/span><\/li>\n<\/ul>\n","protected":false},"excerpt":{"rendered":"<p>5.5. Sve\u010di\u0173 pasitenkinimo apklausos After your stay at the hotel, we will send you a customer satisfaction survey by email so you could rate the performance of our hotels. Categories of data processed: Country of domicile Check-in and check-out dates Email address, name\/surname, nationality, information about your stay at the hotel Data source: Guest satisfaction[&#8230;]\n","protected":false},"author":3,"featured_media":0,"parent":0,"menu_order":117,"comment_status":"closed","ping_status":"closed","template":"","meta":{"_acf_changed":false,"inline_featured_image":false,"footnotes":""},"class_list":["post-61196","page","type-page","status-publish","hentry"],"acf":[],"yoast_head":"<!-- This site is optimized with the Yoast SEO plugin v26.2 - https:\/\/yoast.com\/wordpress\/plugins\/seo\/ -->\n<title>5.5. Sve\u010di\u0173 pasitenkinimo apklausos - Semarah Hotels<\/title>\n<meta name=\"robots\" content=\"index, follow, max-snippet:-1, max-image-preview:large, max-video-preview:-1\" \/>\n<link rel=\"canonical\" href=\"https:\/\/semarahhotels.com\/lt\/5-5-sveciu-pasitenkinimo-apklausos\/\" \/>\n<meta property=\"og:locale\" content=\"lt_LT\" \/>\n<meta property=\"og:type\" content=\"article\" \/>\n<meta property=\"og:title\" content=\"5.5. Sve\u010di\u0173 pasitenkinimo apklausos - Semarah Hotels\" \/>\n<meta property=\"og:description\" content=\"5.5. Sve\u010di\u0173 pasitenkinimo apklausos After your stay at the hotel, we will send you a customer satisfaction survey by email so you could rate the performance of our hotels. Categories of data processed: Country of domicile Check-in and check-out dates Email address, name\/surname, nationality, information about your stay at the hotel Data source: Guest satisfaction[...]\" \/>\n<meta property=\"og:url\" content=\"https:\/\/semarahhotels.com\/lt\/5-5-sveciu-pasitenkinimo-apklausos\/\" \/>\n<meta property=\"og:site_name\" content=\"Semarah Hotels\" \/>\n<meta property=\"article:publisher\" content=\"https:\/\/www.facebook.com\/semarahhotels\" \/>\n<meta property=\"og:image\" content=\"https:\/\/semarahhotels.com\/wp-content\/uploads\/2020\/11\/DavanuKarte_1110x420_01.2020_C-new.jpg\" \/>\n\t<meta property=\"og:image:width\" content=\"1110\" \/>\n\t<meta property=\"og:image:height\" content=\"400\" \/>\n\t<meta property=\"og:image:type\" content=\"image\/jpeg\" \/>\n<meta name=\"twitter:card\" content=\"summary_large_image\" \/>\n<script type=\"application\/ld+json\" class=\"yoast-schema-graph\">{\"@context\":\"https:\/\/schema.org\",\"@graph\":[{\"@type\":\"WebPage\",\"@id\":\"https:\/\/semarahhotels.com\/lt\/5-5-sveciu-pasitenkinimo-apklausos\/\",\"url\":\"https:\/\/semarahhotels.com\/lt\/5-5-sveciu-pasitenkinimo-apklausos\/\",\"name\":\"5.5. Sve\u010di\u0173 pasitenkinimo apklausos - Semarah Hotels\",\"isPartOf\":{\"@id\":\"https:\/\/semarahhotels.com\/lt\/#website\"},\"datePublished\":\"2025-03-14T09:21:22+00:00\",\"breadcrumb\":{\"@id\":\"https:\/\/semarahhotels.com\/lt\/5-5-sveciu-pasitenkinimo-apklausos\/#breadcrumb\"},\"inLanguage\":\"lt-LT\",\"potentialAction\":[{\"@type\":\"ReadAction\",\"target\":[\"https:\/\/semarahhotels.com\/lt\/5-5-sveciu-pasitenkinimo-apklausos\/\"]}]},{\"@type\":\"BreadcrumbList\",\"@id\":\"https:\/\/semarahhotels.com\/lt\/5-5-sveciu-pasitenkinimo-apklausos\/#breadcrumb\",\"itemListElement\":[{\"@type\":\"ListItem\",\"position\":1,\"name\":\"Home\",\"item\":\"https:\/\/semarahhotels.com\/lt\/\"},{\"@type\":\"ListItem\",\"position\":2,\"name\":\"5.5. Sve\u010di\u0173 pasitenkinimo apklausos\"}]},{\"@type\":\"WebSite\",\"@id\":\"https:\/\/semarahhotels.com\/lt\/#website\",\"url\":\"https:\/\/semarahhotels.com\/lt\/\",\"name\":\"Semarah Hotels\",\"description\":\"Semarah\",\"potentialAction\":[{\"@type\":\"SearchAction\",\"target\":{\"@type\":\"EntryPoint\",\"urlTemplate\":\"https:\/\/semarahhotels.com\/lt\/?s={search_term_string}\"},\"query-input\":{\"@type\":\"PropertyValueSpecification\",\"valueRequired\":true,\"valueName\":\"search_term_string\"}}],\"inLanguage\":\"lt-LT\"}]}<\/script>\n<!-- \/ Yoast SEO plugin. -->","yoast_head_json":{"title":"5.5. Sve\u010di\u0173 pasitenkinimo apklausos - Semarah Hotels","robots":{"index":"index","follow":"follow","max-snippet":"max-snippet:-1","max-image-preview":"max-image-preview:large","max-video-preview":"max-video-preview:-1"},"canonical":"https:\/\/semarahhotels.com\/lt\/5-5-sveciu-pasitenkinimo-apklausos\/","og_locale":"lt_LT","og_type":"article","og_title":"5.5. Sve\u010di\u0173 pasitenkinimo apklausos - Semarah Hotels","og_description":"5.5. Sve\u010di\u0173 pasitenkinimo apklausos After your stay at the hotel, we will send you a customer satisfaction survey by email so you could rate the performance of our hotels. Categories of data processed: Country of domicile Check-in and check-out dates Email address, name\/surname, nationality, information about your stay at the hotel Data source: Guest satisfaction[...]","og_url":"https:\/\/semarahhotels.com\/lt\/5-5-sveciu-pasitenkinimo-apklausos\/","og_site_name":"Semarah Hotels","article_publisher":"https:\/\/www.facebook.com\/semarahhotels","og_image":[{"width":1110,"height":400,"url":"https:\/\/semarahhotels.com\/wp-content\/uploads\/2020\/11\/DavanuKarte_1110x420_01.2020_C-new.jpg","type":"image\/jpeg"}],"twitter_card":"summary_large_image","schema":{"@context":"https:\/\/schema.org","@graph":[{"@type":"WebPage","@id":"https:\/\/semarahhotels.com\/lt\/5-5-sveciu-pasitenkinimo-apklausos\/","url":"https:\/\/semarahhotels.com\/lt\/5-5-sveciu-pasitenkinimo-apklausos\/","name":"5.5. Sve\u010di\u0173 pasitenkinimo apklausos - Semarah Hotels","isPartOf":{"@id":"https:\/\/semarahhotels.com\/lt\/#website"},"datePublished":"2025-03-14T09:21:22+00:00","breadcrumb":{"@id":"https:\/\/semarahhotels.com\/lt\/5-5-sveciu-pasitenkinimo-apklausos\/#breadcrumb"},"inLanguage":"lt-LT","potentialAction":[{"@type":"ReadAction","target":["https:\/\/semarahhotels.com\/lt\/5-5-sveciu-pasitenkinimo-apklausos\/"]}]},{"@type":"BreadcrumbList","@id":"https:\/\/semarahhotels.com\/lt\/5-5-sveciu-pasitenkinimo-apklausos\/#breadcrumb","itemListElement":[{"@type":"ListItem","position":1,"name":"Home","item":"https:\/\/semarahhotels.com\/lt\/"},{"@type":"ListItem","position":2,"name":"5.5. Sve\u010di\u0173 pasitenkinimo apklausos"}]},{"@type":"WebSite","@id":"https:\/\/semarahhotels.com\/lt\/#website","url":"https:\/\/semarahhotels.com\/lt\/","name":"Semarah Hotels","description":"Semarah","potentialAction":[{"@type":"SearchAction","target":{"@type":"EntryPoint","urlTemplate":"https:\/\/semarahhotels.com\/lt\/?s={search_term_string}"},"query-input":{"@type":"PropertyValueSpecification","valueRequired":true,"valueName":"search_term_string"}}],"inLanguage":"lt-LT"}]}},"_links":{"self":[{"href":"https:\/\/semarahhotels.com\/lt\/wp-json\/wp\/v2\/pages\/61196","targetHints":{"allow":["GET"]}}],"collection":[{"href":"https:\/\/semarahhotels.com\/lt\/wp-json\/wp\/v2\/pages"}],"about":[{"href":"https:\/\/semarahhotels.com\/lt\/wp-json\/wp\/v2\/types\/page"}],"author":[{"embeddable":true,"href":"https:\/\/semarahhotels.com\/lt\/wp-json\/wp\/v2\/users\/3"}],"replies":[{"embeddable":true,"href":"https:\/\/semarahhotels.com\/lt\/wp-json\/wp\/v2\/comments?post=61196"}],"version-history":[{"count":0,"href":"https:\/\/semarahhotels.com\/lt\/wp-json\/wp\/v2\/pages\/61196\/revisions"}],"wp:attachment":[{"href":"https:\/\/semarahhotels.com\/lt\/wp-json\/wp\/v2\/media?parent=61196"}],"curies":[{"name":"wp","href":"https:\/\/api.w.org\/{rel}","templated":true}]}}