{"id":61189,"date":"2025-03-14T08:28:37","date_gmt":"2025-03-14T08:28:37","guid":{"rendered":"https:\/\/semarahhotels.com\/5-4-viesnage-viesbutyje\/"},"modified":"2025-03-14T08:28:37","modified_gmt":"2025-03-14T08:28:37","slug":"5-4-viesnage-viesbutyje","status":"publish","type":"page","link":"https:\/\/semarahhotels.com\/lt\/5-4-viesnage-viesbutyje\/","title":{"rendered":"5.4. Vie\u0161nag\u0117 vie\u0161butyje"},"content":{"rendered":"<p style=\"text-align: center\"><strong><span style=\"font-size: 14px\">5.4. Vie\u0161nag\u0117 vie\u0161butyje<\/span><\/strong><\/p>\n<p style=\"text-align: left\"><span style=\"font-size: 12px\">When you are staying in one of our hotels, we make sure that your stay is as pleasant as possible. For<\/span><br \/>\n<span style=\"font-size: 12px\">this purpose, we process your personal data in order to:<\/span><br \/>\n<span style=\"font-size: 12px\">Provide room cleaning and maintenance services during your stay<\/span><br \/>\n<span style=\"font-size: 12px\">Return lost or forgotten belonging to the owner<\/span><br \/>\n<span style=\"font-size: 12px\">Provide for your or your guests\u2019 wishes, such as nutritional requirements, additional amenities<\/span><\/p>\n<p style=\"text-align: left\"><strong><span style=\"font-size: 12px\">Categories of data processed:<\/span><\/strong><\/p>\n<ul>\n<li style=\"text-align: left\"><span style=\"font-size: 12px\">Address<\/span><\/li>\n<li style=\"text-align: left\"><span style=\"font-size: 12px\">Habits of the guest<\/span><\/li>\n<li style=\"text-align: left\"><span style=\"font-size: 12px\">Check-in and check-out dates<\/span><\/li>\n<li style=\"text-align: left\"><span style=\"font-size: 12px\">Nutritional needs<\/span><\/li>\n<li style=\"text-align: left\"><span style=\"font-size: 12px\">Email address<\/span><\/li>\n<li style=\"text-align: left\"><span style=\"font-size: 12px\">Telephone number<\/span><\/li>\n<li style=\"text-align: left\"><span style=\"font-size: 12px\">Name\/surname<\/span><\/li>\n<li style=\"text-align: left\"><span style=\"font-size: 12px\">Name of the adult(s) accompanying the guest(s)<\/span><\/li>\n<li style=\"text-align: left\"><span style=\"font-size: 12px\">Other wishes<\/span><\/li>\n<\/ul>\n<p><span style=\"font-size: 12px\">Data source:<\/span><br \/>\n<span style=\"font-size: 12px\">Depending on the booking channel used:<\/span><\/p>\n<ul>\n<li><span style=\"font-size: 12px\">Directly from the online booking form you have filled out<\/span><\/li>\n<li><span style=\"font-size: 12px\">From your travel agency<\/span><\/li>\n<li><span style=\"font-size: 12px\">From our booking department<\/span><\/li>\n<li><span style=\"font-size: 12px\">From the specific hotel where you have booked a room<\/span><\/li>\n<\/ul>\n<p><span style=\"font-size: 12px\">Reason for data processing:<\/span><br \/>\n<span style=\"font-size: 12px\">The legitimate interests of SEMARAH HOTEL MANAGEMENT as a company are to organize the daily<\/span><br \/>\n<span style=\"font-size: 12px\">maintenance of the hotel, to personalize the services provided and \/ or to be able to identify the owner<\/span><br \/>\n<span style=\"font-size: 12px\">of the lost or forgotten property.<\/span><br \/>\n<span style=\"font-size: 12px\">SEMARAH HOTEL MANAGEMENT has a legitimate interest as a company to organize daily cleaning of the<\/span><br \/>\n<span style=\"font-size: 12px\">rooms, personalize services provided, and\/or be able to identify the owner of lost or forgotten<\/span><br \/>\n<span style=\"font-size: 12px\">belongings.<\/span><\/p>\n<p><span style=\"font-size: 12px\">Recipients of the data:<\/span><\/p>\n<ul>\n<li><span style=\"font-size: 12px\">Hotel staff, including cleaning and maintenance service, receptionists and\/or other relevant hotel staff<\/span><\/li>\n<li><span style=\"font-size: 12px\">Other structural units of SEMARAH HOTEL MANAGEMENT involved<\/span><\/li>\n<li><span style=\"font-size: 12px\">Providers of IT services<\/span><\/li>\n<\/ul>\n","protected":false},"excerpt":{"rendered":"<p>5.4. Vie\u0161nag\u0117 vie\u0161butyje When you are staying in one of our hotels, we make sure that your stay is as pleasant as possible. For this purpose, we process your personal data in order to: Provide room cleaning and maintenance services during your stay Return lost or forgotten belonging to the owner Provide for your or[&#8230;]\n","protected":false},"author":3,"featured_media":0,"parent":0,"menu_order":111,"comment_status":"closed","ping_status":"closed","template":"","meta":{"_acf_changed":false,"inline_featured_image":false,"footnotes":""},"class_list":["post-61189","page","type-page","status-publish","hentry"],"acf":[],"yoast_head":"<!-- This site is optimized with the Yoast SEO plugin v26.2 - https:\/\/yoast.com\/wordpress\/plugins\/seo\/ -->\n<title>5.4. Vie\u0161nag\u0117 vie\u0161butyje - Semarah Hotels<\/title>\n<meta name=\"robots\" content=\"index, follow, max-snippet:-1, max-image-preview:large, max-video-preview:-1\" \/>\n<link rel=\"canonical\" href=\"https:\/\/semarahhotels.com\/lt\/5-4-viesnage-viesbutyje\/\" \/>\n<meta property=\"og:locale\" content=\"lt_LT\" \/>\n<meta property=\"og:type\" content=\"article\" \/>\n<meta property=\"og:title\" content=\"5.4. Vie\u0161nag\u0117 vie\u0161butyje - Semarah Hotels\" \/>\n<meta property=\"og:description\" content=\"5.4. Vie\u0161nag\u0117 vie\u0161butyje When you are staying in one of our hotels, we make sure that your stay is as pleasant as possible. For this purpose, we process your personal data in order to: Provide room cleaning and maintenance services during your stay Return lost or forgotten belonging to the owner Provide for your or[...]\" \/>\n<meta property=\"og:url\" content=\"https:\/\/semarahhotels.com\/lt\/5-4-viesnage-viesbutyje\/\" \/>\n<meta property=\"og:site_name\" content=\"Semarah Hotels\" \/>\n<meta property=\"article:publisher\" content=\"https:\/\/www.facebook.com\/semarahhotels\" \/>\n<meta property=\"og:image\" content=\"https:\/\/semarahhotels.com\/wp-content\/uploads\/2020\/11\/DavanuKarte_1110x420_01.2020_C-new.jpg\" \/>\n\t<meta property=\"og:image:width\" content=\"1110\" \/>\n\t<meta property=\"og:image:height\" content=\"400\" \/>\n\t<meta property=\"og:image:type\" content=\"image\/jpeg\" \/>\n<meta name=\"twitter:card\" content=\"summary_large_image\" \/>\n<script type=\"application\/ld+json\" class=\"yoast-schema-graph\">{\"@context\":\"https:\/\/schema.org\",\"@graph\":[{\"@type\":\"WebPage\",\"@id\":\"https:\/\/semarahhotels.com\/lt\/5-4-viesnage-viesbutyje\/\",\"url\":\"https:\/\/semarahhotels.com\/lt\/5-4-viesnage-viesbutyje\/\",\"name\":\"5.4. Vie\u0161nag\u0117 vie\u0161butyje - Semarah Hotels\",\"isPartOf\":{\"@id\":\"https:\/\/semarahhotels.com\/lt\/#website\"},\"datePublished\":\"2025-03-14T08:28:37+00:00\",\"breadcrumb\":{\"@id\":\"https:\/\/semarahhotels.com\/lt\/5-4-viesnage-viesbutyje\/#breadcrumb\"},\"inLanguage\":\"lt-LT\",\"potentialAction\":[{\"@type\":\"ReadAction\",\"target\":[\"https:\/\/semarahhotels.com\/lt\/5-4-viesnage-viesbutyje\/\"]}]},{\"@type\":\"BreadcrumbList\",\"@id\":\"https:\/\/semarahhotels.com\/lt\/5-4-viesnage-viesbutyje\/#breadcrumb\",\"itemListElement\":[{\"@type\":\"ListItem\",\"position\":1,\"name\":\"Home\",\"item\":\"https:\/\/semarahhotels.com\/lt\/\"},{\"@type\":\"ListItem\",\"position\":2,\"name\":\"5.4. Vie\u0161nag\u0117 vie\u0161butyje\"}]},{\"@type\":\"WebSite\",\"@id\":\"https:\/\/semarahhotels.com\/lt\/#website\",\"url\":\"https:\/\/semarahhotels.com\/lt\/\",\"name\":\"Semarah Hotels\",\"description\":\"Semarah\",\"potentialAction\":[{\"@type\":\"SearchAction\",\"target\":{\"@type\":\"EntryPoint\",\"urlTemplate\":\"https:\/\/semarahhotels.com\/lt\/?s={search_term_string}\"},\"query-input\":{\"@type\":\"PropertyValueSpecification\",\"valueRequired\":true,\"valueName\":\"search_term_string\"}}],\"inLanguage\":\"lt-LT\"}]}<\/script>\n<!-- \/ Yoast SEO plugin. -->","yoast_head_json":{"title":"5.4. Vie\u0161nag\u0117 vie\u0161butyje - Semarah Hotels","robots":{"index":"index","follow":"follow","max-snippet":"max-snippet:-1","max-image-preview":"max-image-preview:large","max-video-preview":"max-video-preview:-1"},"canonical":"https:\/\/semarahhotels.com\/lt\/5-4-viesnage-viesbutyje\/","og_locale":"lt_LT","og_type":"article","og_title":"5.4. Vie\u0161nag\u0117 vie\u0161butyje - Semarah Hotels","og_description":"5.4. Vie\u0161nag\u0117 vie\u0161butyje When you are staying in one of our hotels, we make sure that your stay is as pleasant as possible. For this purpose, we process your personal data in order to: Provide room cleaning and maintenance services during your stay Return lost or forgotten belonging to the owner Provide for your or[...]","og_url":"https:\/\/semarahhotels.com\/lt\/5-4-viesnage-viesbutyje\/","og_site_name":"Semarah Hotels","article_publisher":"https:\/\/www.facebook.com\/semarahhotels","og_image":[{"width":1110,"height":400,"url":"https:\/\/semarahhotels.com\/wp-content\/uploads\/2020\/11\/DavanuKarte_1110x420_01.2020_C-new.jpg","type":"image\/jpeg"}],"twitter_card":"summary_large_image","schema":{"@context":"https:\/\/schema.org","@graph":[{"@type":"WebPage","@id":"https:\/\/semarahhotels.com\/lt\/5-4-viesnage-viesbutyje\/","url":"https:\/\/semarahhotels.com\/lt\/5-4-viesnage-viesbutyje\/","name":"5.4. Vie\u0161nag\u0117 vie\u0161butyje - Semarah Hotels","isPartOf":{"@id":"https:\/\/semarahhotels.com\/lt\/#website"},"datePublished":"2025-03-14T08:28:37+00:00","breadcrumb":{"@id":"https:\/\/semarahhotels.com\/lt\/5-4-viesnage-viesbutyje\/#breadcrumb"},"inLanguage":"lt-LT","potentialAction":[{"@type":"ReadAction","target":["https:\/\/semarahhotels.com\/lt\/5-4-viesnage-viesbutyje\/"]}]},{"@type":"BreadcrumbList","@id":"https:\/\/semarahhotels.com\/lt\/5-4-viesnage-viesbutyje\/#breadcrumb","itemListElement":[{"@type":"ListItem","position":1,"name":"Home","item":"https:\/\/semarahhotels.com\/lt\/"},{"@type":"ListItem","position":2,"name":"5.4. Vie\u0161nag\u0117 vie\u0161butyje"}]},{"@type":"WebSite","@id":"https:\/\/semarahhotels.com\/lt\/#website","url":"https:\/\/semarahhotels.com\/lt\/","name":"Semarah Hotels","description":"Semarah","potentialAction":[{"@type":"SearchAction","target":{"@type":"EntryPoint","urlTemplate":"https:\/\/semarahhotels.com\/lt\/?s={search_term_string}"},"query-input":{"@type":"PropertyValueSpecification","valueRequired":true,"valueName":"search_term_string"}}],"inLanguage":"lt-LT"}]}},"_links":{"self":[{"href":"https:\/\/semarahhotels.com\/lt\/wp-json\/wp\/v2\/pages\/61189","targetHints":{"allow":["GET"]}}],"collection":[{"href":"https:\/\/semarahhotels.com\/lt\/wp-json\/wp\/v2\/pages"}],"about":[{"href":"https:\/\/semarahhotels.com\/lt\/wp-json\/wp\/v2\/types\/page"}],"author":[{"embeddable":true,"href":"https:\/\/semarahhotels.com\/lt\/wp-json\/wp\/v2\/users\/3"}],"replies":[{"embeddable":true,"href":"https:\/\/semarahhotels.com\/lt\/wp-json\/wp\/v2\/comments?post=61189"}],"version-history":[{"count":0,"href":"https:\/\/semarahhotels.com\/lt\/wp-json\/wp\/v2\/pages\/61189\/revisions"}],"wp:attachment":[{"href":"https:\/\/semarahhotels.com\/lt\/wp-json\/wp\/v2\/media?parent=61189"}],"curies":[{"name":"wp","href":"https:\/\/api.w.org\/{rel}","templated":true}]}}