{"id":3122,"date":"2020-09-18T11:26:37","date_gmt":"2020-09-18T11:26:37","guid":{"rendered":"http:\/\/semarahhotels.com\/slapuku-politika\/"},"modified":"2025-07-17T13:27:49","modified_gmt":"2025-07-17T13:27:49","slug":"slapuku-politika","status":"publish","type":"page","link":"https:\/\/semarahhotels.com\/lt\/slapuku-politika\/","title":{"rendered":"Slapuk\u0173 politika"},"content":{"rendered":"<p><span style=\"color: #ffffff\">.<\/span><div class=\"container section-title-container\" ><h1 class=\"section-title section-title-bold\"><b><\/b><span class=\"section-title-main\" >Slapuk\u0173 politika<\/span><b><\/b><\/h1><\/div><span style=\"font-size: 14px\">Siekiant gerinti svetain\u0117s naudojimo patirt\u012f ir u\u017etikrinti jos veikim\u0105, \u0161ioje svetain\u0117je naudojami slapukai (Cookies).<\/span><\/p>\n<p><span style=\"font-size: 14px\"><strong>Kas yra slapukai?<\/strong><\/span><\/p>\n<p><span style=\"font-size: 14px\">Slapukas (angli\u0161kai: cookie \u2014 pa\u017eod\u017eiui i\u0161vertus \u201esausainis\u201c), yra nedidel\u0117 teksto eilut\u0117, kuri\u0105 \u017einiatinklio serveris siun\u010dia klientui (paprastai \u017einiatinklio nar\u0161yklei), kuri i\u0161saugoma vartotojo kompiuteryje kaip paprasta rinkmena. Jos pagalba, patikrinus kliento atsi\u0173st\u0105 rinkmen\u0105, serveris gali identifikuoti vartotoj\u0105. \u0160is mechanizmas buvo \u012fvestas d\u0117l to, kad pats HTTP protokolas nepalaiko jungties b\u016bsenos, ir kiekvien\u0105 nauj\u0105 kliento u\u017eklaus\u0105 serveris traktuoja kaip nauj\u0105 klient\u0105.<\/span><\/p>\n<p><span style=\"font-size: 14px\">Slapukai da\u017eniausiai naudojami vartotoj\u0173 autentifikavimui \u00a0(vartotojui \u012fvedus savo vartotojo vard\u0105 ir slapta\u017eod\u012f, serveris i\u0161siun\u010dia \u012f vartotojo kompiuter\u012f unikali\u0105 teksto eilut\u0119, pagal kuri\u0105 v\u0117liau galima nustatyti, kad vartotojas yra prisijung\u0119s prie sistemos), sesijos palaikymui, taip pat specifin\u0117s informacijos apie vartotoj\u0105 saugojimui. Naudodamas slapukus, vartotojas kuria tinklap\u012f pagal savo norus ir interesus.<\/span><\/p>\n<p><span style=\"font-size: 14px\">\u012evedus slapukus, daugelis interneto vartotoj\u0173 susir\u016bpino d\u0117l asmeninio gyvenimo sekimo, nes su slapukais galima sekti vartotojo veikl\u0105 ir \u012fpro\u010dius, jam nar\u0161ant tinklalapiuose. D\u0117l to kai kuriose \u0161alyse (JAV, Europos S\u0105jungoje) yra priimti \u012fstatymai, reguliuojantys slapuk\u0173 naudojim\u0105. Be to, neigiamas slapuk\u0173 aspektas yra prastas saugumas, nes jie ne visada vartotoj\u0105 gali identifikuoti tiksliai (jeigu kompiuteriu naudojasi keli vartotojai), juos galima piktavali\u0161kai perimti ir pakeisti.<\/span><\/p>\n<p><span style=\"font-size: 14px\">Slapukus taip pat \u012fmanoma u\u017eblokuoti, ta\u010diau tai padarius, gali kilti problem\u0173, nes kai kurios tinklalapio si\u016blomos funkcijos gali neveikti arba net bus u\u017edrausta patekti \u012f j\u012f. Skirtingos nar\u0161ykl\u0117s turi skirtingus slapuk\u0173 blokavimo b\u016bdus. Slapukus, kaip ir bet kur\u012f fail\u0105, galima i\u0161trinti, bet tai nerei\u0161kia, kad slapuk\u0173 pagrindu atlikti nustatymai nebus i\u0161saugoti.<\/span><\/p>\n<p><span style=\"font-size: 14px\"><strong>Slapuk\u0173 r\u016b\u0161ys ir j\u0173 pritaikymas<\/strong><\/span><\/p>\n<p><span style=\"font-size: 14px\"><strong>Slapuk\u0173 r\u016b\u0161ys<br \/>\n<\/strong>Slapukai yra dviej\u0173 r\u016b\u0161i\u0173 \u2014 sesijos ir nuolatiniai slapukai.<\/span><br \/><span style=\"font-size: 14px\">Slapukai taip pat klasifikuojami \u012f pirm\u0173j\u0173 arba tre\u010di\u0173j\u0173 \u0161ali\u0173 slapukus.<\/span><\/p>\n<p><span style=\"font-size: 14px\"><strong>Sesijos slapukai<br \/>\n<\/strong>Sesijos slapukai, dar \u017einomi \u201eLaikin\u0173j\u0173 slapuk\u0173\u201c pavadinimu, leid\u017eia atpa\u017einti nar\u0161ykl\u0119 ir J\u016bs\u0173 \u012frengin\u012f, Interneto protokolo (IP) adres\u0105, priskirt\u0105 J\u016bs\u0173 \u012frenginiui, kai lankot\u0117s konkre\u010dioje svetain\u0117je, \u012fsimena visus pakeitimus arba pasirinkimus konkre\u010diame tinklalapyje, siekiant juos panaudoti ir kitose svetain\u0117s skiltyse, pavyzd\u017eiui \u2013 suteikia Jums prieig\u0105 prie kit\u0173 \u2013 ribotos prieigos svetain\u0117s skil\u010di\u0173, nuo J\u016bs\u0173 s\u0117kmingos autorizacijos iki momento, kai veikl\u0105 u\u017ebaigiate nuspausdami\u00a0<em>Logout<\/em>. \u0160ie slapukai Jums leid\u017eia greitai ir patogiai naudotis keliais tos pa\u010dios svetain\u0117s puslapiais, i\u0161vengiant autorizacijos svetain\u0117je, kai norite apsilankyti kiekvienoje apsaugotoje svetain\u0117s skiltyje. Sesijos slapukai n\u0117ra nuolatiniai \u2013 jie nebeveiks, kai u\u017edarysite nar\u0161ykl\u0119, kuria \u017ei\u016br\u0117jote svetain\u0119, arba nutrauksite sesij\u0105 konkre\u010dioje svetain\u0117je.<\/span><\/p>\n<p><span style=\"font-size: 14px\"><strong>Nuolatiniai slapukai<\/strong><\/span><br \/><span style=\"font-size: 14px\">Nuolatiniai slapukai yra slapukai, kurie i\u0161saugomi J\u016bs\u0173 \u012frenginyje, kuriuo nar\u0161\u0117te svetain\u0117je, konkre\u010diam, i\u0161 anksto nustatytam laikotarpiui, kurio laiko ataskaita skai\u010diuojama pasibaigus svetain\u0117s nar\u0161ymo sesijai. Saugomi slapukai leid\u017eia naudotis vartotojo pasirinkimais ir veikla svetain\u0117je kas kart\u0105, kai J\u016bs apsilankote \u0161ioje svetain\u0117je.<\/span><\/p>\n<p><span style=\"font-size: 14px\"><strong>Pirm\u0173j\u0173 \u0161ali\u0173 slapukai<br \/>\n<\/strong>Pirm\u0173j\u0173 \u0161ali\u0173 slapukai yra m\u016bs\u0173 svetain\u0117s sukurti slapukai.<\/span><\/p>\n<p><span style=\"font-size: 14px\"><strong>Tre\u010di\u0173j\u0173 \u0161ali\u0173 slapukai<br \/>\n<\/strong>Tre\u010di\u0173j\u0173 \u0161ali\u0173 slapukai yra mums nepriklausan\u010di\u0173 svetaini\u0173 slapukai. \u0160i\u0173 svetaini\u0173 domen\u0173 vardai skiriasi nuo m\u016bs\u0173 svetain\u0117s domeno. Tre\u010di\u0173j\u0173 \u0161ali\u0173 slapukai taip pat gali b\u016bti i\u0161saugomi J\u016bs\u0173 \u012frenginyje, kuriuo nar\u0161ote m\u016bs\u0173 svetain\u0117je.<\/span><\/p>\n<p><span style=\"font-size: 14px\">Jeigu turite klausim\u0173, pasi\u016blym\u0173 ar komentar\u0173 apie slapuk\u0173 politik\u0105 arba norite prane\u0161ti apie piktnaud\u017eiavim\u0105 asmens duomenims, lauksime J\u016bs\u0173 \u017einu\u010di\u0173 el. pa\u0161tu privacypolicy@semarahhotels.com arba skambu\u010di\u0173 telefono numeriu +37166118465, arba ra\u0161ykite adresu SIA \u201cSEMARAH HOTEL MANAGEMENT\u201d, Skanstes iela 7 k-1, R\u012bga, LV-1013.<\/span><\/p>\n","protected":false},"excerpt":{"rendered":"<p>.Siekiant gerinti svetain\u0117s naudojimo patirt\u012f ir u\u017etikrinti jos veikim\u0105, \u0161ioje svetain\u0117je naudojami slapukai (Cookies). Kas yra slapukai? Slapukas (angli\u0161kai: cookie \u2014 pa\u017eod\u017eiui i\u0161vertus \u201esausainis\u201c), yra nedidel\u0117 teksto eilut\u0117, kuri\u0105 \u017einiatinklio serveris siun\u010dia klientui (paprastai \u017einiatinklio nar\u0161yklei), kuri i\u0161saugoma vartotojo kompiuteryje kaip paprasta rinkmena. Jos pagalba, patikrinus kliento atsi\u0173st\u0105 rinkmen\u0105, serveris gali identifikuoti vartotoj\u0105. \u0160is mechanizmas[&#8230;]\n","protected":false},"author":3,"featured_media":0,"parent":0,"menu_order":76,"comment_status":"closed","ping_status":"closed","template":"","meta":{"_acf_changed":false,"inline_featured_image":false,"footnotes":""},"class_list":["post-3122","page","type-page","status-publish","hentry"],"acf":[],"yoast_head":"<!-- This site is optimized with the Yoast SEO plugin v26.2 - https:\/\/yoast.com\/wordpress\/plugins\/seo\/ -->\n<title>Slapuk\u0173 politika - Semarah Hotels<\/title>\n<meta name=\"robots\" content=\"index, follow, max-snippet:-1, max-image-preview:large, max-video-preview:-1\" \/>\n<link rel=\"canonical\" href=\"https:\/\/semarahhotels.com\/lt\/slapuku-politika\/\" \/>\n<meta property=\"og:locale\" content=\"lt_LT\" \/>\n<meta property=\"og:type\" content=\"article\" \/>\n<meta property=\"og:title\" content=\"Slapuk\u0173 politika - Semarah Hotels\" \/>\n<meta property=\"og:description\" content=\".Siekiant gerinti svetain\u0117s naudojimo patirt\u012f ir u\u017etikrinti jos veikim\u0105, \u0161ioje svetain\u0117je naudojami slapukai (Cookies). Kas yra slapukai? Slapukas (angli\u0161kai: cookie \u2014 pa\u017eod\u017eiui i\u0161vertus \u201esausainis\u201c), yra nedidel\u0117 teksto eilut\u0117, kuri\u0105 \u017einiatinklio serveris siun\u010dia klientui (paprastai \u017einiatinklio nar\u0161yklei), kuri i\u0161saugoma vartotojo kompiuteryje kaip paprasta rinkmena. Jos pagalba, patikrinus kliento atsi\u0173st\u0105 rinkmen\u0105, serveris gali identifikuoti vartotoj\u0105. \u0160is mechanizmas[...]\" \/>\n<meta property=\"og:url\" content=\"https:\/\/semarahhotels.com\/lt\/slapuku-politika\/\" \/>\n<meta property=\"og:site_name\" content=\"Semarah Hotels\" \/>\n<meta property=\"article:publisher\" content=\"https:\/\/www.facebook.com\/semarahhotels\" \/>\n<meta property=\"article:modified_time\" content=\"2025-07-17T13:27:49+00:00\" \/>\n<meta property=\"og:image\" content=\"https:\/\/semarahhotels.com\/wp-content\/uploads\/2020\/11\/DavanuKarte_1110x420_01.2020_C-new.jpg\" \/>\n\t<meta property=\"og:image:width\" content=\"1110\" \/>\n\t<meta property=\"og:image:height\" content=\"400\" \/>\n\t<meta property=\"og:image:type\" content=\"image\/jpeg\" \/>\n<meta name=\"twitter:card\" content=\"summary_large_image\" \/>\n<script type=\"application\/ld+json\" class=\"yoast-schema-graph\">{\"@context\":\"https:\/\/schema.org\",\"@graph\":[{\"@type\":\"WebPage\",\"@id\":\"https:\/\/semarahhotels.com\/lt\/slapuku-politika\/\",\"url\":\"https:\/\/semarahhotels.com\/lt\/slapuku-politika\/\",\"name\":\"Slapuk\u0173 politika - Semarah Hotels\",\"isPartOf\":{\"@id\":\"https:\/\/semarahhotels.com\/lt\/#website\"},\"datePublished\":\"2020-09-18T11:26:37+00:00\",\"dateModified\":\"2025-07-17T13:27:49+00:00\",\"breadcrumb\":{\"@id\":\"https:\/\/semarahhotels.com\/lt\/slapuku-politika\/#breadcrumb\"},\"inLanguage\":\"lt-LT\",\"potentialAction\":[{\"@type\":\"ReadAction\",\"target\":[\"https:\/\/semarahhotels.com\/lt\/slapuku-politika\/\"]}]},{\"@type\":\"BreadcrumbList\",\"@id\":\"https:\/\/semarahhotels.com\/lt\/slapuku-politika\/#breadcrumb\",\"itemListElement\":[{\"@type\":\"ListItem\",\"position\":1,\"name\":\"Home\",\"item\":\"https:\/\/semarahhotels.com\/lt\/\"},{\"@type\":\"ListItem\",\"position\":2,\"name\":\"Slapuk\u0173 politika\"}]},{\"@type\":\"WebSite\",\"@id\":\"https:\/\/semarahhotels.com\/lt\/#website\",\"url\":\"https:\/\/semarahhotels.com\/lt\/\",\"name\":\"Semarah Hotels\",\"description\":\"Semarah\",\"potentialAction\":[{\"@type\":\"SearchAction\",\"target\":{\"@type\":\"EntryPoint\",\"urlTemplate\":\"https:\/\/semarahhotels.com\/lt\/?s={search_term_string}\"},\"query-input\":{\"@type\":\"PropertyValueSpecification\",\"valueRequired\":true,\"valueName\":\"search_term_string\"}}],\"inLanguage\":\"lt-LT\"}]}<\/script>\n<!-- \/ Yoast SEO plugin. -->","yoast_head_json":{"title":"Slapuk\u0173 politika - Semarah Hotels","robots":{"index":"index","follow":"follow","max-snippet":"max-snippet:-1","max-image-preview":"max-image-preview:large","max-video-preview":"max-video-preview:-1"},"canonical":"https:\/\/semarahhotels.com\/lt\/slapuku-politika\/","og_locale":"lt_LT","og_type":"article","og_title":"Slapuk\u0173 politika - Semarah Hotels","og_description":".Siekiant gerinti svetain\u0117s naudojimo patirt\u012f ir u\u017etikrinti jos veikim\u0105, \u0161ioje svetain\u0117je naudojami slapukai (Cookies). Kas yra slapukai? Slapukas (angli\u0161kai: cookie \u2014 pa\u017eod\u017eiui i\u0161vertus \u201esausainis\u201c), yra nedidel\u0117 teksto eilut\u0117, kuri\u0105 \u017einiatinklio serveris siun\u010dia klientui (paprastai \u017einiatinklio nar\u0161yklei), kuri i\u0161saugoma vartotojo kompiuteryje kaip paprasta rinkmena. Jos pagalba, patikrinus kliento atsi\u0173st\u0105 rinkmen\u0105, serveris gali identifikuoti vartotoj\u0105. \u0160is mechanizmas[...]","og_url":"https:\/\/semarahhotels.com\/lt\/slapuku-politika\/","og_site_name":"Semarah Hotels","article_publisher":"https:\/\/www.facebook.com\/semarahhotels","article_modified_time":"2025-07-17T13:27:49+00:00","og_image":[{"width":1110,"height":400,"url":"https:\/\/semarahhotels.com\/wp-content\/uploads\/2020\/11\/DavanuKarte_1110x420_01.2020_C-new.jpg","type":"image\/jpeg"}],"twitter_card":"summary_large_image","schema":{"@context":"https:\/\/schema.org","@graph":[{"@type":"WebPage","@id":"https:\/\/semarahhotels.com\/lt\/slapuku-politika\/","url":"https:\/\/semarahhotels.com\/lt\/slapuku-politika\/","name":"Slapuk\u0173 politika - Semarah Hotels","isPartOf":{"@id":"https:\/\/semarahhotels.com\/lt\/#website"},"datePublished":"2020-09-18T11:26:37+00:00","dateModified":"2025-07-17T13:27:49+00:00","breadcrumb":{"@id":"https:\/\/semarahhotels.com\/lt\/slapuku-politika\/#breadcrumb"},"inLanguage":"lt-LT","potentialAction":[{"@type":"ReadAction","target":["https:\/\/semarahhotels.com\/lt\/slapuku-politika\/"]}]},{"@type":"BreadcrumbList","@id":"https:\/\/semarahhotels.com\/lt\/slapuku-politika\/#breadcrumb","itemListElement":[{"@type":"ListItem","position":1,"name":"Home","item":"https:\/\/semarahhotels.com\/lt\/"},{"@type":"ListItem","position":2,"name":"Slapuk\u0173 politika"}]},{"@type":"WebSite","@id":"https:\/\/semarahhotels.com\/lt\/#website","url":"https:\/\/semarahhotels.com\/lt\/","name":"Semarah Hotels","description":"Semarah","potentialAction":[{"@type":"SearchAction","target":{"@type":"EntryPoint","urlTemplate":"https:\/\/semarahhotels.com\/lt\/?s={search_term_string}"},"query-input":{"@type":"PropertyValueSpecification","valueRequired":true,"valueName":"search_term_string"}}],"inLanguage":"lt-LT"}]}},"_links":{"self":[{"href":"https:\/\/semarahhotels.com\/lt\/wp-json\/wp\/v2\/pages\/3122","targetHints":{"allow":["GET"]}}],"collection":[{"href":"https:\/\/semarahhotels.com\/lt\/wp-json\/wp\/v2\/pages"}],"about":[{"href":"https:\/\/semarahhotels.com\/lt\/wp-json\/wp\/v2\/types\/page"}],"author":[{"embeddable":true,"href":"https:\/\/semarahhotels.com\/lt\/wp-json\/wp\/v2\/users\/3"}],"replies":[{"embeddable":true,"href":"https:\/\/semarahhotels.com\/lt\/wp-json\/wp\/v2\/comments?post=3122"}],"version-history":[{"count":0,"href":"https:\/\/semarahhotels.com\/lt\/wp-json\/wp\/v2\/pages\/3122\/revisions"}],"wp:attachment":[{"href":"https:\/\/semarahhotels.com\/lt\/wp-json\/wp\/v2\/media?parent=3122"}],"curies":[{"name":"wp","href":"https:\/\/api.w.org\/{rel}","templated":true}]}}