{"id":64989,"date":"2025-08-08T12:12:56","date_gmt":"2025-08-08T12:12:56","guid":{"rendered":"https:\/\/semarahhotels.com\/?post_type=product&#038;p=64989"},"modified":"2025-08-08T12:14:02","modified_gmt":"2025-08-08T12:14:02","slug":"gift-card-2","status":"publish","type":"product","link":"https:\/\/semarahhotels.com\/et\/toode\/gift-card-2\/","title":{"rendered":"Gift Card"},"content":{"rendered":"<p><strong>Semarah Hotels d\u0101vanu karte \u2013 vienm\u0113r gaid\u012bta un pat\u012bkama d\u0101vana, lai \u013cautos patiesiem atp\u016btas mirk\u013ciem.<\/strong><\/p>\n<p>&nbsp;<\/p>\n<p>D\u0101vanu karte sniedz iesp\u0113ju izv\u0113l\u0113ties vienu no tr\u012bs atp\u016btas viet\u0101m Semarah Hotels viesn\u012bcu t\u012bkl\u0101. Izmantojot to atp\u016btai SPA &amp; Wellness centr\u0101, romantisk\u0101m un nesteidz\u012bg\u0101m vakari\u0146\u0101m dv\u0113selei t\u012bkam\u0101kaj\u0101 restor\u0101n\u0101, vai klusai un nesteidz\u012bgai laika pavad\u012b\u0161anai k\u0101d\u0101 no viesn\u012bc\u0101m.<\/p>\n<p>Katrai Semarah Hotels viesn\u012bcai ir savs unik\u0101ls raksturs, t\u0101p\u0113c ik katram ir pla\u0161a izv\u0113les iesp\u0113ja, lai rad\u012btu savu ide\u0101lo atp\u016btas mirkli.<\/p>\n<p>Grand Poet ir vieta dz\u012bves stila da\u017e\u0101d\u012bbas baud\u012bt\u0101jiem un kaisl\u012bgiem dz\u012bvesveida ce\u013cot\u0101jiem.<\/p>\n<p>Lielupe \u2013 dabas valdzin\u0101juma t\u012bkot\u0101ju parad\u012bze, kur\u0101 iegrimst gan vienpa\u0161i, gan kuplas \u0123imenes.<\/p>\n<p>&nbsp;<\/p>\n<p>&nbsp;<\/p>\n<p><strong>D\u0101vanu karti varat izmantot \u0161\u0101diem pakalpojumiem<\/strong><\/p>\n<p><strong>Viesn\u012bc\u0101 Grand Poet<\/strong><\/p>\n<p>Izmitin\u0101\u0161ana, Wellness centra apmekl\u0113jums, \u0113din\u0101\u0161ana restor\u0101n\u0101, b\u0101r\u0101 vai kafejn\u012bc\u0101, konferen\u010du z\u0101les \u012bre.<\/p>\n<p><strong>Viesn\u012bc\u0101 Lielupe<\/strong><\/p>\n<p>Izmitin\u0101\u0161ana, Wellness centra apmekl\u0113jums, SPA pakalpojumi, \u0113din\u0101\u0161ana restor\u0101n\u0101 vai b\u0101r\u0101, b\u0113rnu kluba pakalpojumi, konferen\u010du z\u0101les \u012bre.<\/p>\n<p>&nbsp;<\/p>\n<p>&nbsp;<\/p>\n<p>&nbsp;<\/p>\n<ul>\n<li>D\u0101vanu kartes summu varat izv\u0113l\u0113ties p\u0113c saviem ieskatiem no 5.00 l\u012bdz 500.00 \u20ac.<\/li>\n<li>D\u0101vanu kartes nozaud\u0113\u0161anas vai z\u0101dz\u012bbas gad\u012bjum\u0101 t\u0101 netiek blo\u0137\u0113ta un kartes summa vai t\u0101s atlikums netiek atgriezts.<\/li>\n<li>D\u0101vanu karti var izmantot jebkuru \u0161\u0101du pakalpojumu, kas tiek sniegti Emitenta viesn\u012bcu t\u012bkla viesn\u012bc\u0101s, apmaksai:<strong>Viesn\u012bc\u0101 Lielupe\u00a0<\/strong>\u2013 izmitin\u0101\u0161ana, Wellness centra apmekl\u0113jums, SPA pakalpojumi, \u0113din\u0101\u0161ana restor\u0101n\u0101 vai b\u0101r\u0101, b\u0113rnu kluba pakalpojumi, konferen\u010du z\u0101les \u012bre;\u00a0<strong>Viesn\u012bc\u0101 Grand Poet<\/strong>\u00a0\u2013 izmitin\u0101\u0161ana, Wellness centra apmekl\u0113jums, \u0113din\u0101\u0161ana restor\u0101n\u0101, b\u0101r\u0101 vai kafejn\u012bc\u0101, konferen\u010du z\u0101les \u012bre.<\/li>\n<\/ul>\n<ul>\n<li>D\u0101vanu karti nevar izmantot viesn\u012bcas izmitin\u0101\u0161anas pakalpojumu rezerv\u0101cijas priek\u0161apmaksai.<\/li>\n<\/ul>\n<p>&nbsp;<\/p>\n<p>&nbsp;<\/p>\n<p><strong>Lai iepaz\u012btos ar d\u0101vanu kartes izmanto\u0161anas noteikumiem, spiediet pogu \u201enoteikumi\u201d.<\/strong><\/p>\n","protected":false},"excerpt":{"rendered":"<p>Semarah Hotels d\u0101vanu karte, viss J\u016bsu atp\u016btai.<br \/>\n<strong>Pied\u0101v\u0101jums, kur ciparu klients ieraksta pats. ir uztais\u012bta aplit\u016bda<\/strong><\/p>\n","protected":false},"featured_media":64966,"template":"","meta":{"_acf_changed":false,"inline_featured_image":false},"product_brand":[],"product_cat":[119],"product_tag":[],"class_list":{"0":"post-64989","1":"product","2":"type-product","3":"status-publish","4":"has-post-thumbnail","6":"product_cat-uncategorized-lv","8":"first","9":"instock","10":"shipping-taxable","11":"purchasable","12":"product-type-pw-gift-card"},"acf":[],"yoast_head":"<!-- This site is optimized with the Yoast SEO plugin v26.2 - https:\/\/yoast.com\/wordpress\/plugins\/seo\/ -->\n<title>Gift Card - Semarah Hotels<\/title>\n<meta name=\"robots\" content=\"index, follow, max-snippet:-1, max-image-preview:large, max-video-preview:-1\" \/>\n<link rel=\"canonical\" href=\"https:\/\/semarahhotels.com\/et\/toode\/gift-card-2\/\" \/>\n<meta property=\"og:locale\" content=\"et_EE\" \/>\n<meta property=\"og:type\" content=\"article\" \/>\n<meta property=\"og:title\" content=\"Gift Card - Semarah Hotels\" \/>\n<meta property=\"og:description\" content=\"Semarah Hotels d\u0101vanu karte, viss J\u016bsu atp\u016btai. Pied\u0101v\u0101jums, kur ciparu klients ieraksta pats. ir uztais\u012bta aplit\u016bda\" \/>\n<meta property=\"og:url\" content=\"https:\/\/semarahhotels.com\/et\/toode\/gift-card-2\/\" \/>\n<meta property=\"og:site_name\" content=\"Semarah Hotels\" \/>\n<meta property=\"article:publisher\" content=\"https:\/\/www.facebook.com\/semarahhotels\" \/>\n<meta property=\"article:modified_time\" content=\"2025-08-08T12:14:02+00:00\" \/>\n<meta property=\"og:image\" content=\"https:\/\/semarahhotels.com\/wp-content\/uploads\/2025\/08\/semarah-hotels-gift-card-3_bez_m-scaled.jpg\" \/>\n\t<meta property=\"og:image:width\" content=\"2560\" \/>\n\t<meta property=\"og:image:height\" content=\"1707\" \/>\n\t<meta property=\"og:image:type\" content=\"image\/jpeg\" \/>\n<meta name=\"twitter:card\" content=\"summary_large_image\" \/>\n<script type=\"application\/ld+json\" class=\"yoast-schema-graph\">{\"@context\":\"https:\/\/schema.org\",\"@graph\":[{\"@type\":\"WebPage\",\"@id\":\"https:\/\/semarahhotels.com\/et\/toode\/gift-card-2\/\",\"url\":\"https:\/\/semarahhotels.com\/et\/toode\/gift-card-2\/\",\"name\":\"Gift Card - Semarah Hotels\",\"isPartOf\":{\"@id\":\"https:\/\/semarahhotels.com\/et\/#website\"},\"primaryImageOfPage\":{\"@id\":\"https:\/\/semarahhotels.com\/et\/toode\/gift-card-2\/#primaryimage\"},\"image\":{\"@id\":\"https:\/\/semarahhotels.com\/et\/toode\/gift-card-2\/#primaryimage\"},\"thumbnailUrl\":\"https:\/\/semarahhotels.com\/wp-content\/uploads\/2025\/08\/semarah-hotels-gift-card-3_bez_m-scaled.jpg\",\"datePublished\":\"2025-08-08T12:12:56+00:00\",\"dateModified\":\"2025-08-08T12:14:02+00:00\",\"breadcrumb\":{\"@id\":\"https:\/\/semarahhotels.com\/et\/toode\/gift-card-2\/#breadcrumb\"},\"inLanguage\":\"et-EE\",\"potentialAction\":[{\"@type\":\"ReadAction\",\"target\":[\"https:\/\/semarahhotels.com\/et\/toode\/gift-card-2\/\"]}]},{\"@type\":\"ImageObject\",\"inLanguage\":\"et-EE\",\"@id\":\"https:\/\/semarahhotels.com\/et\/toode\/gift-card-2\/#primaryimage\",\"url\":\"https:\/\/semarahhotels.com\/wp-content\/uploads\/2025\/08\/semarah-hotels-gift-card-3_bez_m-scaled.jpg\",\"contentUrl\":\"https:\/\/semarahhotels.com\/wp-content\/uploads\/2025\/08\/semarah-hotels-gift-card-3_bez_m-scaled.jpg\",\"width\":2560,\"height\":1707},{\"@type\":\"BreadcrumbList\",\"@id\":\"https:\/\/semarahhotels.com\/et\/toode\/gift-card-2\/#breadcrumb\",\"itemListElement\":[{\"@type\":\"ListItem\",\"position\":1,\"name\":\"Home\",\"item\":\"https:\/\/semarahhotels.com\/et\/\"},{\"@type\":\"ListItem\",\"position\":2,\"name\":\"Shop\",\"item\":\"https:\/\/semarahhotels.com\/shop\/\"},{\"@type\":\"ListItem\",\"position\":3,\"name\":\"Gift Card\"}]},{\"@type\":\"WebSite\",\"@id\":\"https:\/\/semarahhotels.com\/et\/#website\",\"url\":\"https:\/\/semarahhotels.com\/et\/\",\"name\":\"Semarah Hotels\",\"description\":\"Semarah\",\"potentialAction\":[{\"@type\":\"SearchAction\",\"target\":{\"@type\":\"EntryPoint\",\"urlTemplate\":\"https:\/\/semarahhotels.com\/et\/?s={search_term_string}\"},\"query-input\":{\"@type\":\"PropertyValueSpecification\",\"valueRequired\":true,\"valueName\":\"search_term_string\"}}],\"inLanguage\":\"et-EE\"}]}<\/script>\n<!-- \/ Yoast SEO plugin. -->","yoast_head_json":{"title":"Gift Card - Semarah Hotels","robots":{"index":"index","follow":"follow","max-snippet":"max-snippet:-1","max-image-preview":"max-image-preview:large","max-video-preview":"max-video-preview:-1"},"canonical":"https:\/\/semarahhotels.com\/et\/toode\/gift-card-2\/","og_locale":"et_EE","og_type":"article","og_title":"Gift Card - Semarah Hotels","og_description":"Semarah Hotels d\u0101vanu karte, viss J\u016bsu atp\u016btai. Pied\u0101v\u0101jums, kur ciparu klients ieraksta pats. ir uztais\u012bta aplit\u016bda","og_url":"https:\/\/semarahhotels.com\/et\/toode\/gift-card-2\/","og_site_name":"Semarah Hotels","article_publisher":"https:\/\/www.facebook.com\/semarahhotels","article_modified_time":"2025-08-08T12:14:02+00:00","og_image":[{"width":2560,"height":1707,"url":"https:\/\/semarahhotels.com\/wp-content\/uploads\/2025\/08\/semarah-hotels-gift-card-3_bez_m-scaled.jpg","type":"image\/jpeg"}],"twitter_card":"summary_large_image","schema":{"@context":"https:\/\/schema.org","@graph":[{"@type":"WebPage","@id":"https:\/\/semarahhotels.com\/et\/toode\/gift-card-2\/","url":"https:\/\/semarahhotels.com\/et\/toode\/gift-card-2\/","name":"Gift Card - Semarah Hotels","isPartOf":{"@id":"https:\/\/semarahhotels.com\/et\/#website"},"primaryImageOfPage":{"@id":"https:\/\/semarahhotels.com\/et\/toode\/gift-card-2\/#primaryimage"},"image":{"@id":"https:\/\/semarahhotels.com\/et\/toode\/gift-card-2\/#primaryimage"},"thumbnailUrl":"https:\/\/semarahhotels.com\/wp-content\/uploads\/2025\/08\/semarah-hotels-gift-card-3_bez_m-scaled.jpg","datePublished":"2025-08-08T12:12:56+00:00","dateModified":"2025-08-08T12:14:02+00:00","breadcrumb":{"@id":"https:\/\/semarahhotels.com\/et\/toode\/gift-card-2\/#breadcrumb"},"inLanguage":"et-EE","potentialAction":[{"@type":"ReadAction","target":["https:\/\/semarahhotels.com\/et\/toode\/gift-card-2\/"]}]},{"@type":"ImageObject","inLanguage":"et-EE","@id":"https:\/\/semarahhotels.com\/et\/toode\/gift-card-2\/#primaryimage","url":"https:\/\/semarahhotels.com\/wp-content\/uploads\/2025\/08\/semarah-hotels-gift-card-3_bez_m-scaled.jpg","contentUrl":"https:\/\/semarahhotels.com\/wp-content\/uploads\/2025\/08\/semarah-hotels-gift-card-3_bez_m-scaled.jpg","width":2560,"height":1707},{"@type":"BreadcrumbList","@id":"https:\/\/semarahhotels.com\/et\/toode\/gift-card-2\/#breadcrumb","itemListElement":[{"@type":"ListItem","position":1,"name":"Home","item":"https:\/\/semarahhotels.com\/et\/"},{"@type":"ListItem","position":2,"name":"Shop","item":"https:\/\/semarahhotels.com\/shop\/"},{"@type":"ListItem","position":3,"name":"Gift Card"}]},{"@type":"WebSite","@id":"https:\/\/semarahhotels.com\/et\/#website","url":"https:\/\/semarahhotels.com\/et\/","name":"Semarah Hotels","description":"Semarah","potentialAction":[{"@type":"SearchAction","target":{"@type":"EntryPoint","urlTemplate":"https:\/\/semarahhotels.com\/et\/?s={search_term_string}"},"query-input":{"@type":"PropertyValueSpecification","valueRequired":true,"valueName":"search_term_string"}}],"inLanguage":"et-EE"}]}},"_links":{"self":[{"href":"https:\/\/semarahhotels.com\/et\/wp-json\/wp\/v2\/product\/64989","targetHints":{"allow":["GET"]}}],"collection":[{"href":"https:\/\/semarahhotels.com\/et\/wp-json\/wp\/v2\/product"}],"about":[{"href":"https:\/\/semarahhotels.com\/et\/wp-json\/wp\/v2\/types\/product"}],"wp:featuredmedia":[{"embeddable":true,"href":"https:\/\/semarahhotels.com\/et\/wp-json\/wp\/v2\/media\/64966"}],"wp:attachment":[{"href":"https:\/\/semarahhotels.com\/et\/wp-json\/wp\/v2\/media?parent=64989"}],"wp:term":[{"taxonomy":"product_brand","embeddable":true,"href":"https:\/\/semarahhotels.com\/et\/wp-json\/wp\/v2\/product_brand?post=64989"},{"taxonomy":"product_cat","embeddable":true,"href":"https:\/\/semarahhotels.com\/et\/wp-json\/wp\/v2\/product_cat?post=64989"},{"taxonomy":"product_tag","embeddable":true,"href":"https:\/\/semarahhotels.com\/et\/wp-json\/wp\/v2\/product_tag?post=64989"}],"curies":[{"name":"wp","href":"https:\/\/api.w.org\/{rel}","templated":true}]}}