{"id":60797,"date":"2020-08-28T10:44:12","date_gmt":"2020-08-28T07:44:12","guid":{"rendered":"https:\/\/semarahhotels.com\/kinkekaart\/"},"modified":"2025-12-16T13:33:55","modified_gmt":"2025-12-16T11:33:55","slug":"kinkekaart","status":"publish","type":"page","link":"https:\/\/semarahhotels.com\/et\/kinkekaart\/","title":{"rendered":"Kinkekaart"},"content":{"rendered":"\t<div class=\"img has-hover hide-for-medium x md-x lg-x y md-y lg-y\" id=\"image_1217546164\">\n\t\t\t\t\t\t\t\t<div class=\"img-inner image-cover dark\" style=\"padding-top:36%;margin:0px 0px 50px 0px;\">\n\t\t\t<img loading=\"lazy\" decoding=\"async\" width=\"1020\" height=\"386\" src=\"https:\/\/semarahhotels.com\/wp-content\/uploads\/2025\/07\/sh-gift-card.png\" class=\"attachment-large size-large\" alt=\"\" srcset=\"https:\/\/semarahhotels.com\/wp-content\/uploads\/2025\/07\/sh-gift-card.png 1024w, https:\/\/semarahhotels.com\/wp-content\/uploads\/2025\/07\/sh-gift-card-768x291.png 768w, https:\/\/semarahhotels.com\/wp-content\/uploads\/2025\/07\/sh-gift-card-510x193.png 510w\" sizes=\"auto, (max-width: 1020px) 100vw, 1020px\" \/>\t\t\t\t\t\t\n\t\t\t\t\t<\/div>\n\t\t\t\t\t\t\t\t\n<style>\n#image_1217546164 {\n  width: 100%;\n}\n@media (min-width:550px) {\n  #image_1217546164 {\n    width: 100%;\n  }\n}\n<\/style>\n\t<\/div>\n\t\n\t<div class=\"img has-hover show-for-medium x md-x lg-x y md-y lg-y\" id=\"image_59444567\">\n\t\t\t\t\t\t\t\t<div class=\"img-inner image-cover dark\" style=\"padding-top:625px;margin:0px 0px 50px 0px;\">\n\t\t\t<img loading=\"lazy\" decoding=\"async\" width=\"683\" height=\"1024\" src=\"https:\/\/semarahhotels.com\/wp-content\/uploads\/2025\/07\/semarah-hotels-gift-card-13_bez_metropoles-683x1024.jpg\" class=\"attachment-large size-large\" alt=\"\" srcset=\"https:\/\/semarahhotels.com\/wp-content\/uploads\/2025\/07\/semarah-hotels-gift-card-13_bez_metropoles-683x1024.jpg 683w, https:\/\/semarahhotels.com\/wp-content\/uploads\/2025\/07\/semarah-hotels-gift-card-13_bez_metropoles-768x1152.jpg 768w, https:\/\/semarahhotels.com\/wp-content\/uploads\/2025\/07\/semarah-hotels-gift-card-13_bez_metropoles-1024x1536.jpg 1024w, https:\/\/semarahhotels.com\/wp-content\/uploads\/2025\/07\/semarah-hotels-gift-card-13_bez_metropoles-1365x2048.jpg 1365w, https:\/\/semarahhotels.com\/wp-content\/uploads\/2025\/07\/semarah-hotels-gift-card-13_bez_metropoles-510x765.jpg 510w, https:\/\/semarahhotels.com\/wp-content\/uploads\/2025\/07\/semarah-hotels-gift-card-13_bez_metropoles-scaled.jpg 1707w\" sizes=\"auto, (max-width: 683px) 100vw, 683px\" \/>\t\t\t\t\t\t\n\t\t\t\t\t<\/div>\n\t\t\t\t\t\t\t\t\n<style>\n#image_59444567 {\n  width: 100%;\n}\n@media (min-width:550px) {\n  #image_59444567 {\n    width: 100%;\n  }\n}\n<\/style>\n\t<\/div>\n\t\n<div class=\"container section-title-container show-for-small\" style=\"margin-bottom:40px;\"><h1 class=\"section-title section-title-normal\"><b><\/b><span class=\"section-title-main\" >KINKEKAART<\/span><b><\/b><\/h1><\/div>\n<div class=\"row\"  id=\"row-555816268\">\n\n\t<div id=\"col-930014132\" class=\"col small-12 large-12\"  >\n\t\t\t\t<div class=\"col-inner\"  >\n\t\t\t\n\t\t\t\n<div class=\"row\"  id=\"row-616577142\">\n\n\t<div id=\"col-1290069782\" class=\"col medium-6 small-12 large-7\"  >\n\t\t\t\t<div class=\"col-inner\"  >\n\t\t\t\n\t\t\t\n<div class=\"container section-title-container hide-for-small\" style=\"margin-bottom:40px;\"><h1 class=\"section-title section-title-normal\"><b><\/b><span class=\"section-title-main\" >KINKEKAART<\/span><b><\/b><\/h1><\/div>\n\t<div id=\"text-1398127597\" class=\"text\">\n\t\t\n<p style=\"text-align: center\"><span style=\"font-size: 16px\"><strong>Semarah Hotelli kinkekaart &#8211; alati oodatud ja nauditav kingitus t\u00f5elisteks l\u00f5\u00f5gastumise hetkedeks.<\/strong><\/span><\/p>\n<p>&nbsp;<\/p>\n<p><span style=\"font-size: 13px\">Kinkekaart annab v\u00f5imaluse valida Semarah Hotels\u2019i hotelliketi kolme hotelli hulgast endale sobiv l\u00f5\u00f5gastuspaik. Kinkekaarti saab kasutada kas puhkamiseks SPA &amp; Wellness &#8211; keskuses, romantiliseks ja rahulikuks \u00f5htus\u00f6\u00f6giks meelep\u00e4rases restoranis v\u00f5i vaikseks ja rahulikuks olemiseks \u00fches meie hotellidest.<\/span><\/p>\n<p><span style=\"font-size: 13px\">Igal Semarah Hotelli kinnisvaral on oma unikaalne iseloom, nii et k\u00f5igil on lai valik, et luua oma ideaalne l\u00f5\u00f5gastumise hetk.<\/span><\/p>\n<p><span style=\"font-size: 13px\">Grand Poet on koht elustiili mitmekesisuse ja kirglikele reisijatele.<\/span><\/p>\n<p><span style=\"font-size: 13px\">Lielupe &#8211; looduse armastajate paradiis, kus nii \u00fcksikisikud kui ka aktiivsed pered saavad ennast kasta.<\/span><\/p>\n<p style=\"text-align: center\"><span style=\"font-size: 13px\"><strong>Kinkekaarti saate kasutada j\u00e4rgmiste teenuste jaoks<\/strong><\/span><\/p>\n<p><\/p>\n<p style=\"text-align: center\"><span style=\"font-size: 13px\"><strong>Grand Poet hotellis<\/strong><\/span><\/p>\n<p><span style=\"font-size: 13px\">Majutus, wellness-keskuse k\u00fclastus, einestamine restoranis, baaris v\u00f5i kohvikus, konverentsiruumi rent.<\/span><\/p>\n<p style=\"text-align: center\"><span style=\"font-size: 13px\"><strong>Lielupe hotellis<\/strong><\/span><\/p>\n<p><span style=\"font-size: 13px\">Majutus, wellness-keskuse k\u00fclastus, spaateenused, einestamine restoranis v\u00f5i baaris, lasteklubi teenused, konverentsiruumi rent.<\/span><\/p>\n<ul>\n<li><span style=\"font-size: 13px\">Saate valida kingituse kaardi summa vastavalt oma eelistustele 5\u20ac kuni 500\u20ac ulatuses.<\/span><\/li>\n<li><span style=\"font-size: 13px\">Kinkekaarti kaotuse v\u00f5i varguse korral seda ei blokeerita ning kinkekaardi summat ega j\u00e4\u00e4ki ei tagastata.<\/span><\/li>\n<li><span style=\"font-size: 13px\">Kingitusekaarti saab kasutada mis tahes j\u00e4rgmise teenuse eest tasumisel, mida pakutakse Emitent hotelliv\u00f5rgu hotellides:<strong>Lielupe hotellis\u00a0<\/strong>&#8211; majutus, Wellness-keskuse k\u00fclastus, SPA-teenused, toitlustamine restoranis v\u00f5i baaris, lasteklubi teenused, konverentsiruumi rent;\u00a0<strong>Grand Poet hotellis<\/strong>\u00a0&#8211; majutus, Wellness-keskuse k\u00fclastus, toitlustamine restoranis, baaris v\u00f5i kohvikus, konverentsiruumi rent;<\/span><\/li>\n<li><span style=\"font-size: 13px\">Kingitusekaarti ei saa kasutada hotellimajutuse teenuste ettemaksuks.<\/span><\/li>\n<\/ul>\n<p><span style=\"font-size: 13px\"><strong>Kinkekaardi kasutustingimustega tutvumiseks kl\u00f5psake nupul \u201etingimused\u201d.<\/strong><\/span><\/p>\n<p>&nbsp;<\/p>\n<p style=\"text-align: center\"><span style=\"font-size: 12px\"><a class=\"custom-button\" style=\"background-color: #edb093;color: #fff;padding: 8px 16px;border-radius: 4px;text-decoration: none\" href=\"https:\/\/semarahhotels.com\/et\/gift-card-terms-and-conditions\/\" target=\"_blank\" rel=\"noopener\">TINGIMUSED JA S\u00c4TTED<\/a><\/span><\/p>\n<p>&nbsp;<br \/>\n\t\t\n<style>\n#text-1398127597 {\n  text-align: left;\n}\n<\/style>\n\t<\/div>\n\t\n\t\t<\/div>\n\t\t\t\t\t<\/div>\n\n\t\n\n\t<div id=\"col-448815022\" class=\"col medium-6 small-12 large-5 small-col-first\"  >\n\t\t\t\t<div class=\"col-inner\"  >\n\t\t\t\n\t\t\t\n\n    <div class=\"gift-check__form\">\n        \n        <h5 class=\"gift-check__form-heading\">KONTROLLI KINKEKAARTI<\/h5>\n        <div class=\"gift-check__form-row\">\n            <div class=\"gift-check__form-fields\">\n                <iframe src=https:\/\/api.e-kartes.lv\/info\/?f=gk0ps6aMdW&cl=7&l=et' allowtransparency=\"true\" width=\"100%\" height=\"80\" frameborder=\"0\" scrolling=\"no\" style=\"overflow:hidden;\"><\/iframe>\n            <\/div>\n        <\/div>\n    <\/div>\n    \n            <h5 class=\"gift-card__form-heading\">Tellimus kinkekaart<\/h5>\n        \n<div class=\"wpcf7 no-js\" id=\"wpcf7-f6068-o1\" lang=\"et-EE\" dir=\"ltr\" data-wpcf7-id=\"6068\">\n<div class=\"screen-reader-response\"><p role=\"status\" aria-live=\"polite\" aria-atomic=\"true\"><\/p> <ul><\/ul><\/div>\n<form action=\"\/et\/wp-json\/wp\/v2\/pages\/60797#wpcf7-f6068-o1\" method=\"post\" class=\"wpcf7-form init\" aria-label=\"Contact form\" novalidate=\"novalidate\" data-status=\"init\">\n<fieldset class=\"hidden-fields-container\"><input type=\"hidden\" name=\"_wpcf7\" value=\"6068\" \/><input type=\"hidden\" name=\"_wpcf7_version\" value=\"6.1.2\" \/><input type=\"hidden\" name=\"_wpcf7_locale\" value=\"et_EE\" \/><input type=\"hidden\" name=\"_wpcf7_unit_tag\" value=\"wpcf7-f6068-o1\" \/><input type=\"hidden\" name=\"_wpcf7_container_post\" value=\"0\" \/><input type=\"hidden\" name=\"_wpcf7_posted_data_hash\" value=\"\" \/>\n<\/fieldset>\n<div class=\"wpcf7-turnstile cf-turnstile\" data-sitekey=\"0x4AAAAAAB9YCjMryf4cBgIm\" data-response-field-name=\"_wpcf7_turnstile_response\"><\/div>\n\n<div data-wpcf7-group-id=\"giftcards\" id=\"gift-cards\" class=\"wpcf7-field-groups \"><div class=\"wpcf7-field-group\">\n<div class=\"card-block\">\n  <div class=\"gift-card__form-row\"> <label> <span> Eesnimi, Perekonnanimi<\/span> <span class=\"wpcf7-form-control-wrap\" data-name=\"your-name\"><input size=\"40\" maxlength=\"400\" class=\"wpcf7-form-control wpcf7-text wpcf7-validates-as-required\" aria-required=\"true\" aria-invalid=\"false\" value=\"\" type=\"text\" name=\"your-name\" \/><\/span> <\/label> <div class=\"del-btn\"><i><\/i><\/div> <\/div>\n  <div class=\"gift-card__form-row\"> <label> <span> Summa <\/span> <small>(m\u00e4\u00e4rake kinkekaardi summaks 5 kuni 500 eurot)<\/small> <span class=\"wpcf7-form-control-wrap\" data-name=\"number-25\"><input class=\"wpcf7-form-control wpcf7-number wpcf7-validates-as-required wpcf7-validates-as-number\" min=\"5\" max=\"500\" aria-required=\"true\" aria-invalid=\"false\" value=\"\" type=\"number\" name=\"number-25\" \/><\/span> <\/label> <\/div>\n<\/div>\n<button type='button' class='wpcf7-field-group-remove '>-<\/button><button type='button' class='wpcf7-field-group-add '>Pievienot citu d\u0101vanu karti<\/button><input type=\"hidden\" class=\"wpcf7-field-group-count\" name=\"_wpcf7_groups_count[giftcards]\" value=\"1\" \/><\/div><\/div>\n\n<div class=\"gift-card__form-block\">\n  <div class=\"gift-card__form-row gift-card__address\"> <label> <span class=\"wpcf7-form-control-wrap\" data-name=\"menu-144\"><select class=\"wpcf7-form-control wpcf7-select wpcf7-validates-as-required\" aria-required=\"true\" aria-invalid=\"false\" name=\"menu-144\"><option value=\"\">Vali kohaletoimetamise aadress<\/option><option value=\"Lielupe, Bulduru pr. 64\/68, J\u016brmala\">Lielupe, Bulduru pr. 64\/68, J\u016brmala<\/option><option value=\"Grand Poet, Rai\u0146a 5\/6, R\u012bga\">Grand Poet, Rai\u0146a 5\/6, R\u012bga<\/option><option value=\"DPD pakiautomaat L\u00e4tis - 3,50 \u20ac\">DPD pakiautomaat L\u00e4tis - 3,50 \u20ac<\/option><option value=\"DPD pakiautomaat Eestis - 6,00 \u20ac\">DPD pakiautomaat Eestis - 6,00 \u20ac<\/option><option value=\"DPD pakiautomaat Leedus - 6,00 \u20ac\">DPD pakiautomaat Leedus - 6,00 \u20ac<\/option><option value=\"Teistesse EL riikidesse soovi korral\">Teistesse EL riikidesse soovi korral<\/option><\/select><\/span> <\/label> <\/div>\n  <div class=\"gift-card__form-row gift-card__date\"> <label> <span> Kuup\u00e4ev: <\/span> <span class=\"wpcf7-form-control-wrap\" data-name=\"your-date\"><input size=\"40\" maxlength=\"400\" class=\"wpcf7-form-control wpcf7-text wpcf7-validates-as-required\" readonly=\"readonly\" aria-required=\"true\" aria-invalid=\"false\" value=\"\" type=\"text\" name=\"your-date\" \/><\/span> <\/label> <\/div>\n<\/div>\n\n<div class=\"gift-card__form-row\"> <small>Kinkekaardi saad: <\/br>\n \u2022 tasumine kohe kohapeal hotellis;<\/br>\n \u2022 2 t\u00f6\u00f6p\u00e4eva jooksul, kui arve on ette makstud;<\/br>\n \u2022 DPD kohaletoimetamisega 5 t\u00f6\u00f6p\u00e4eva jooksul peale ettemaksu laekumist.<\/small> <\/div>\n\n<div class=\"gift-card__form-row gift-card__form-row--expandable\"> <label> <div class=\"gift-card__form-expand\"> <span> DPD paki aadress v\u00f5i kommentaar<\/span> <i class=\"gift-card__form-add\"><\/i> <\/div> <span class=\"wpcf7-form-control-wrap\" data-name=\"your-comment\"><textarea cols=\"40\" rows=\"2\" maxlength=\"2000\" class=\"wpcf7-form-control wpcf7-textarea\" aria-invalid=\"false\" name=\"your-comment\"><\/textarea><\/span> <\/label> <\/div>\n\n<div class=\"gift-card__form-row gift-card__form-row--expandable\"> <label> <div class=\"gift-card__form-expand\"> <span> Rekvisiidid <\/span> <small>(juriidilisele isikule arve esitamiseks)<\/small> <i class=\"gift-card__form-add\"><\/i> <\/div> <span class=\"wpcf7-form-control-wrap\" data-name=\"your-info\"><textarea cols=\"40\" rows=\"2\" maxlength=\"2000\" class=\"wpcf7-form-control wpcf7-textarea\" aria-invalid=\"false\" name=\"your-info\"><\/textarea><\/span> <\/label> <\/div>\n\n<div class=\"gift-card__form-block\">\n  <div class=\"gift-card__form-row gift-card__phone\"> <label> <span> Telefoninumber <\/span> <span class=\"wpcf7-form-control-wrap\" data-name=\"your-phone\"><input class=\"wpcf7-form-control wpcf7-number wpcf7-validates-as-required wpcf7-validates-as-number\" aria-required=\"true\" aria-invalid=\"false\" value=\"\" type=\"number\" name=\"your-phone\" \/><\/span> <\/label> <\/div>\n  <div class=\"gift-card__form-row gift-card__email\"> <label> <span> E-post <\/span> <span class=\"wpcf7-form-control-wrap\" data-name=\"your-email\"><input size=\"40\" maxlength=\"400\" class=\"wpcf7-form-control wpcf7-email wpcf7-validates-as-required wpcf7-text wpcf7-validates-as-email\" aria-required=\"true\" aria-invalid=\"false\" value=\"\" type=\"email\" name=\"your-email\" \/><\/span> <\/label> <\/div>\n<\/div>\n\n<p class=\"hidden-form-field\" id=\"contact_form_recipient\"><span class=\"wpcf7-form-control-wrap\" data-name=\"gift-card-recipient\"><input size=\"40\" maxlength=\"400\" class=\"wpcf7-form-control wpcf7-email wpcf7-text wpcf7-validates-as-email\" aria-invalid=\"false\" value=\"\" type=\"email\" name=\"gift-card-recipient\" \/><\/span><\/p>\n\n<div class=\"gift-card__form-btn\"> <input class=\"wpcf7-form-control wpcf7-submit has-spinner\" type=\"submit\" value=\"Saada\" \/> <\/div><div class=\"wpcf7-response-output\" aria-hidden=\"true\"><\/div>\n<\/form>\n<\/div>\n\n\t\t<\/div>\n\t\t\t\t\t<\/div>\n\n\t\n<\/div>\n\t\t<\/div>\n\t\t\t\t\t<\/div>\n\n\t\n<\/div>\n\t<div class=\"img has-hover black-gradient-bottom hidden x md-x lg-x y md-y lg-y\" id=\"image_1704503870\">\n\t\t\t\t\t\t\t\t<div class=\"img-inner dark\" >\n\t\t\t<img loading=\"lazy\" decoding=\"async\" width=\"1920\" height=\"260\" src=\"https:\/\/semarahhotels.com\/wp-content\/uploads\/2020\/08\/Davanas_WEB_1920x260.jpg\" class=\"attachment-original size-original\" alt=\"\" srcset=\"https:\/\/semarahhotels.com\/wp-content\/uploads\/2020\/08\/Davanas_WEB_1920x260.jpg 1920w, https:\/\/semarahhotels.com\/wp-content\/uploads\/2020\/08\/Davanas_WEB_1920x260-300x41.jpg 300w, https:\/\/semarahhotels.com\/wp-content\/uploads\/2020\/08\/Davanas_WEB_1920x260-1024x139.jpg 1024w, https:\/\/semarahhotels.com\/wp-content\/uploads\/2020\/08\/Davanas_WEB_1920x260-768x104.jpg 768w, https:\/\/semarahhotels.com\/wp-content\/uploads\/2020\/08\/Davanas_WEB_1920x260-1536x208.jpg 1536w, https:\/\/semarahhotels.com\/wp-content\/uploads\/2020\/08\/Davanas_WEB_1920x260-1080x146.jpg 1080w, https:\/\/semarahhotels.com\/wp-content\/uploads\/2020\/08\/Davanas_WEB_1920x260-1280x173.jpg 1280w, https:\/\/semarahhotels.com\/wp-content\/uploads\/2020\/08\/Davanas_WEB_1920x260-980x133.jpg 980w, https:\/\/semarahhotels.com\/wp-content\/uploads\/2020\/08\/Davanas_WEB_1920x260-480x65.jpg 480w\" sizes=\"auto, (max-width: 1920px) 100vw, 1920px\" \/>\t\t\t\t\t\t\n\t\t\t\t\t<\/div>\n\t\t\t\t\t\t\t\t\n<style>\n#image_1704503870 {\n  width: 100%;\n}\n<\/style>\n\t<\/div>\n\t\n","protected":false},"excerpt":{"rendered":"","protected":false},"author":3,"featured_media":63792,"parent":0,"menu_order":15,"comment_status":"closed","ping_status":"closed","template":"page-blank.php","meta":{"_acf_changed":false,"inline_featured_image":false,"footnotes":""},"class_list":["post-60797","page","type-page","status-publish","has-post-thumbnail","hentry"],"acf":[],"yoast_head":"<!-- This site is optimized with the Yoast SEO plugin v26.2 - https:\/\/yoast.com\/wordpress\/plugins\/seo\/ -->\n<title>Kinkekaart - SPA-puhkus Semarah Hotels<\/title>\n<meta name=\"description\" content=\"Suurep\u00e4rane kingiidee p\u00fchadeks \u2013 \u00f6\u00f6bimine hotellis Lielupe v\u00f5i Grand Poet, romantiline \u00f5htus\u00f6\u00f6k, basseini k\u00fclastus v\u00f5i massaa\u017e Riias ja J\u016brmalas.\" \/>\n<meta name=\"robots\" content=\"index, follow, max-snippet:-1, max-image-preview:large, max-video-preview:-1\" \/>\n<link rel=\"canonical\" href=\"https:\/\/semarahhotels.com\/et\/kinkekaart\/\" \/>\n<meta property=\"og:locale\" content=\"et_EE\" \/>\n<meta property=\"og:type\" content=\"article\" \/>\n<meta property=\"og:title\" content=\"Kinkekaart - SPA-puhkus Semarah Hotels\" \/>\n<meta property=\"og:description\" content=\"Suurep\u00e4rane kingiidee p\u00fchadeks \u2013 \u00f6\u00f6bimine hotellis Lielupe v\u00f5i Grand Poet, romantiline \u00f5htus\u00f6\u00f6k, basseini k\u00fclastus v\u00f5i massaa\u017e Riias ja J\u016brmalas.\" \/>\n<meta property=\"og:url\" content=\"https:\/\/semarahhotels.com\/et\/kinkekaart\/\" \/>\n<meta property=\"og:site_name\" content=\"Semarah Hotels\" \/>\n<meta property=\"article:publisher\" content=\"https:\/\/www.facebook.com\/semarahhotels\" \/>\n<meta property=\"article:modified_time\" content=\"2025-12-16T11:33:55+00:00\" \/>\n<meta property=\"og:image\" content=\"https:\/\/semarahhotels.com\/wp-content\/uploads\/2025\/07\/semarah-hotels-gift-card-11-scaled.jpg\" \/>\n\t<meta property=\"og:image:width\" content=\"2560\" \/>\n\t<meta property=\"og:image:height\" content=\"1707\" \/>\n\t<meta property=\"og:image:type\" content=\"image\/jpeg\" \/>\n<meta name=\"twitter:card\" content=\"summary_large_image\" \/>\n<script type=\"application\/ld+json\" class=\"yoast-schema-graph\">{\"@context\":\"https:\/\/schema.org\",\"@graph\":[{\"@type\":\"WebPage\",\"@id\":\"https:\/\/semarahhotels.com\/et\/kinkekaart\/\",\"url\":\"https:\/\/semarahhotels.com\/et\/kinkekaart\/\",\"name\":\"Kinkekaart - SPA-puhkus Semarah Hotels\",\"isPartOf\":{\"@id\":\"https:\/\/semarahhotels.com\/et\/#website\"},\"primaryImageOfPage\":{\"@id\":\"https:\/\/semarahhotels.com\/et\/kinkekaart\/#primaryimage\"},\"image\":{\"@id\":\"https:\/\/semarahhotels.com\/et\/kinkekaart\/#primaryimage\"},\"thumbnailUrl\":\"https:\/\/semarahhotels.com\/wp-content\/uploads\/2025\/07\/semarah-hotels-gift-card-11-scaled.jpg\",\"datePublished\":\"2020-08-28T07:44:12+00:00\",\"dateModified\":\"2025-12-16T11:33:55+00:00\",\"description\":\"Suurep\u00e4rane kingiidee p\u00fchadeks \u2013 \u00f6\u00f6bimine hotellis Lielupe v\u00f5i Grand Poet, romantiline \u00f5htus\u00f6\u00f6k, basseini k\u00fclastus v\u00f5i massaa\u017e Riias ja J\u016brmalas.\",\"breadcrumb\":{\"@id\":\"https:\/\/semarahhotels.com\/et\/kinkekaart\/#breadcrumb\"},\"inLanguage\":\"et-EE\",\"potentialAction\":[{\"@type\":\"ReadAction\",\"target\":[\"https:\/\/semarahhotels.com\/et\/kinkekaart\/\"]}]},{\"@type\":\"ImageObject\",\"inLanguage\":\"et-EE\",\"@id\":\"https:\/\/semarahhotels.com\/et\/kinkekaart\/#primaryimage\",\"url\":\"https:\/\/semarahhotels.com\/wp-content\/uploads\/2025\/07\/semarah-hotels-gift-card-11-scaled.jpg\",\"contentUrl\":\"https:\/\/semarahhotels.com\/wp-content\/uploads\/2025\/07\/semarah-hotels-gift-card-11-scaled.jpg\",\"width\":2560,\"height\":1707},{\"@type\":\"BreadcrumbList\",\"@id\":\"https:\/\/semarahhotels.com\/et\/kinkekaart\/#breadcrumb\",\"itemListElement\":[{\"@type\":\"ListItem\",\"position\":1,\"name\":\"Home\",\"item\":\"https:\/\/semarahhotels.com\/et\/\"},{\"@type\":\"ListItem\",\"position\":2,\"name\":\"Kinkekaart\"}]},{\"@type\":\"WebSite\",\"@id\":\"https:\/\/semarahhotels.com\/et\/#website\",\"url\":\"https:\/\/semarahhotels.com\/et\/\",\"name\":\"Semarah Hotels\",\"description\":\"Semarah\",\"potentialAction\":[{\"@type\":\"SearchAction\",\"target\":{\"@type\":\"EntryPoint\",\"urlTemplate\":\"https:\/\/semarahhotels.com\/et\/?s={search_term_string}\"},\"query-input\":{\"@type\":\"PropertyValueSpecification\",\"valueRequired\":true,\"valueName\":\"search_term_string\"}}],\"inLanguage\":\"et-EE\"}]}<\/script>\n<!-- \/ Yoast SEO plugin. -->","yoast_head_json":{"title":"Kinkekaart - SPA-puhkus Semarah Hotels","description":"Suurep\u00e4rane kingiidee p\u00fchadeks \u2013 \u00f6\u00f6bimine hotellis Lielupe v\u00f5i Grand Poet, romantiline \u00f5htus\u00f6\u00f6k, basseini k\u00fclastus v\u00f5i massaa\u017e Riias ja J\u016brmalas.","robots":{"index":"index","follow":"follow","max-snippet":"max-snippet:-1","max-image-preview":"max-image-preview:large","max-video-preview":"max-video-preview:-1"},"canonical":"https:\/\/semarahhotels.com\/et\/kinkekaart\/","og_locale":"et_EE","og_type":"article","og_title":"Kinkekaart - SPA-puhkus Semarah Hotels","og_description":"Suurep\u00e4rane kingiidee p\u00fchadeks \u2013 \u00f6\u00f6bimine hotellis Lielupe v\u00f5i Grand Poet, romantiline \u00f5htus\u00f6\u00f6k, basseini k\u00fclastus v\u00f5i massaa\u017e Riias ja J\u016brmalas.","og_url":"https:\/\/semarahhotels.com\/et\/kinkekaart\/","og_site_name":"Semarah Hotels","article_publisher":"https:\/\/www.facebook.com\/semarahhotels","article_modified_time":"2025-12-16T11:33:55+00:00","og_image":[{"width":2560,"height":1707,"url":"https:\/\/semarahhotels.com\/wp-content\/uploads\/2025\/07\/semarah-hotels-gift-card-11-scaled.jpg","type":"image\/jpeg"}],"twitter_card":"summary_large_image","schema":{"@context":"https:\/\/schema.org","@graph":[{"@type":"WebPage","@id":"https:\/\/semarahhotels.com\/et\/kinkekaart\/","url":"https:\/\/semarahhotels.com\/et\/kinkekaart\/","name":"Kinkekaart - SPA-puhkus Semarah Hotels","isPartOf":{"@id":"https:\/\/semarahhotels.com\/et\/#website"},"primaryImageOfPage":{"@id":"https:\/\/semarahhotels.com\/et\/kinkekaart\/#primaryimage"},"image":{"@id":"https:\/\/semarahhotels.com\/et\/kinkekaart\/#primaryimage"},"thumbnailUrl":"https:\/\/semarahhotels.com\/wp-content\/uploads\/2025\/07\/semarah-hotels-gift-card-11-scaled.jpg","datePublished":"2020-08-28T07:44:12+00:00","dateModified":"2025-12-16T11:33:55+00:00","description":"Suurep\u00e4rane kingiidee p\u00fchadeks \u2013 \u00f6\u00f6bimine hotellis Lielupe v\u00f5i Grand Poet, romantiline \u00f5htus\u00f6\u00f6k, basseini k\u00fclastus v\u00f5i massaa\u017e Riias ja J\u016brmalas.","breadcrumb":{"@id":"https:\/\/semarahhotels.com\/et\/kinkekaart\/#breadcrumb"},"inLanguage":"et-EE","potentialAction":[{"@type":"ReadAction","target":["https:\/\/semarahhotels.com\/et\/kinkekaart\/"]}]},{"@type":"ImageObject","inLanguage":"et-EE","@id":"https:\/\/semarahhotels.com\/et\/kinkekaart\/#primaryimage","url":"https:\/\/semarahhotels.com\/wp-content\/uploads\/2025\/07\/semarah-hotels-gift-card-11-scaled.jpg","contentUrl":"https:\/\/semarahhotels.com\/wp-content\/uploads\/2025\/07\/semarah-hotels-gift-card-11-scaled.jpg","width":2560,"height":1707},{"@type":"BreadcrumbList","@id":"https:\/\/semarahhotels.com\/et\/kinkekaart\/#breadcrumb","itemListElement":[{"@type":"ListItem","position":1,"name":"Home","item":"https:\/\/semarahhotels.com\/et\/"},{"@type":"ListItem","position":2,"name":"Kinkekaart"}]},{"@type":"WebSite","@id":"https:\/\/semarahhotels.com\/et\/#website","url":"https:\/\/semarahhotels.com\/et\/","name":"Semarah Hotels","description":"Semarah","potentialAction":[{"@type":"SearchAction","target":{"@type":"EntryPoint","urlTemplate":"https:\/\/semarahhotels.com\/et\/?s={search_term_string}"},"query-input":{"@type":"PropertyValueSpecification","valueRequired":true,"valueName":"search_term_string"}}],"inLanguage":"et-EE"}]}},"_links":{"self":[{"href":"https:\/\/semarahhotels.com\/et\/wp-json\/wp\/v2\/pages\/60797","targetHints":{"allow":["GET"]}}],"collection":[{"href":"https:\/\/semarahhotels.com\/et\/wp-json\/wp\/v2\/pages"}],"about":[{"href":"https:\/\/semarahhotels.com\/et\/wp-json\/wp\/v2\/types\/page"}],"author":[{"embeddable":true,"href":"https:\/\/semarahhotels.com\/et\/wp-json\/wp\/v2\/users\/3"}],"replies":[{"embeddable":true,"href":"https:\/\/semarahhotels.com\/et\/wp-json\/wp\/v2\/comments?post=60797"}],"version-history":[{"count":2,"href":"https:\/\/semarahhotels.com\/et\/wp-json\/wp\/v2\/pages\/60797\/revisions"}],"predecessor-version":[{"id":66890,"href":"https:\/\/semarahhotels.com\/et\/wp-json\/wp\/v2\/pages\/60797\/revisions\/66890"}],"wp:featuredmedia":[{"embeddable":true,"href":"https:\/\/semarahhotels.com\/et\/wp-json\/wp\/v2\/media\/63792"}],"wp:attachment":[{"href":"https:\/\/semarahhotels.com\/et\/wp-json\/wp\/v2\/media?parent=60797"}],"curies":[{"name":"wp","href":"https:\/\/api.w.org\/{rel}","templated":true}]}}