{"id":5592,"date":"2020-09-18T11:26:37","date_gmt":"2020-09-18T11:26:37","guid":{"rendered":"https:\/\/semarahhotels.com\/kupsiste-kasutamise-pohimotted\/"},"modified":"2025-07-17T13:27:25","modified_gmt":"2025-07-17T13:27:25","slug":"kupsiste-kasutamise","status":"publish","type":"page","link":"https:\/\/semarahhotels.com\/et\/kupsiste-kasutamise\/","title":{"rendered":"K\u00fcpsiste kasutamise p\u00f5him\u00f5tted"},"content":{"rendered":"<p><span style=\"color: #ffffff\">.<\/span><div class=\"container section-title-container\" ><h1 class=\"section-title section-title-bold\"><b><\/b><span class=\"section-title-main\" >K\u00fcpsiste kasutamise p\u00f5him\u00f5tted<\/span><b><\/b><\/h1><\/div><span style=\"font-size: 14px\">See veebileht kasutab k\u00fcpsiseid (Cookies), et aidata parandada veebil kasutuskogemust ja tagada selle toimimine.<\/span><\/p>\n<p><span style=\"font-size: 14px\"><strong>Mis on k\u00fcpsised?<\/strong><strong><br \/>\n<\/strong>K\u00fcpsis ehk v\u00e4ike andmefail (ingl k: cookie \u2014 \u2018k\u00fcpsis\u2019) on veebiserverist kliendile (tavaliselt veebibrauser) saadetav v\u00e4ike tekstikujuline andmeblokk, mis salvestatakse kasutaja arvutisse tavalise failina. See v\u00f5imaldab tuvastada kasutaja, kontrollides serveril kliendi saadetud k\u00fcpsiseid. S\u00fcsteem v\u00f5eti kasutusele, kuna HTTP-protokoll ise \u00fchendust ei s\u00e4ilita, ja server k\u00e4sitleb kliendi iga uut p\u00e4ringut uue kliendina.<\/span><\/p>\n<p><span style=\"font-size: 14px\">K\u00f5ige sagedamini kasutatakse k\u00fcpsiseid kasutaja autentimiseks (kui kasutaja sisestab oma kasutajanime ja parooli, saadab server kasutaja arvutisse ainulaadse andmefaili, mille j\u00e4rel saab hiljem kindlaks teha, et kasutaja on s\u00fcsteemiga \u00fchendatud), seansi hoidmiseks ja kasutajale omase teabe salvestamiseks. K\u00fcpsiste abil loob kasutaja oma soovidele ja huvidele vastava veebilehe.<\/span><\/p>\n<p><span style=\"font-size: 14px\">Alates k\u00fcpsiste kasutuselev\u00f5tust on paljud internetikasutajad olnud mures oma isikliku elu j\u00e4lgimise p\u00e4rast, sest k\u00fcpsiseid saab kasutada kasutaja tegevuste ja harjumuste j\u00e4lgimiseks veebilehtede sirvimisel. Seet\u00f5ttu on mitmetes riikides (USA, Euroopa Liit) vastu v\u00f5etud k\u00fcpsiste kasutamist reguleerivad seadused. K\u00fcpsiste negatiivseks k\u00fcljeks on ka halb turvalisus, kuna need ei pruugi alati kasutajat t\u00e4pselt tuvastada (kui arvutil on mitu kasutajat) ja neid v\u00f5idakse ka pahatahtlikult pealt kuulata v\u00f5i muuta.<\/span><\/p>\n<p><span style=\"font-size: 14px\">K\u00fcpsiseid on v\u00f5imalik ka blokeerida, kuid blokeerimisel v\u00f5ivad tekkida probleemid, kuna m\u00f5ned veebilehe pakutavad funktsioonid ei pruugi t\u00f6\u00f6tada v\u00f5i v\u00f5idakse isegi keelata veebilehele juurdep\u00e4\u00e4s. Erinevatel brauseritel k\u00e4ib k\u00fcpsiste blokeerimine erinevalt. Nagu ka k\u00f5iki teisi faile, saab ka k\u00fcpsiseid kustutada, kuid see t\u00e4hendab, et k\u00fcpsiste p\u00f5hjal tehtud seadeid ei salvestata.<\/span><\/p>\n<p><span style=\"font-size: 14px\"><strong>K\u00fcpsiste t\u00fc\u00fcbid ja nende kasutamine<\/strong><\/span><\/p>\n<p><span style=\"font-size: 14px\"><strong>K\u00fcpsiste t\u00fc\u00fcbid<\/strong><strong><br \/>\n<\/strong>On kahte t\u00fc\u00fcpi k\u00fcpsiseid \u2014 ajutised ja p\u00fcsivad k\u00fcpsised.<\/span><br \/><span style=\"font-size: 14px\">K\u00fcpsised liigitatakse ka esimese v\u00f5i kolmanda osapoole k\u00fcpsisteks.<\/span><\/p>\n<p><span style=\"font-size: 14px\"><strong>Ajutised k\u00fcpsised<\/strong><strong><br \/>\n<\/strong>Ajutised k\u00fcpsised, tuntud ka nime all \u2018sessioonik\u00fcpsised\u2019, v\u00f5imaldavad tuvastada veebibrauseri ja kasutatava seadme, seadme IP-aadressi, kui k\u00fclastate konkreetset veebilehte; j\u00e4tta meelde iga veebilehel tehtud muudatuse v\u00f5i valiku, et neid saaks kasutada ka veebilehe muudes jaotistes, n\u00e4iteks \u2013 p\u00e4rast edukat veebilehele sisselogimist on tagatud juurdep\u00e4\u00e4s teistele veebilehe piiratud jaotistele kuni hetkeni, mil logite v\u00e4lja. Need k\u00fcpsised v\u00f5imaldavad teil uuesti sisselogimata kiiresti ja lihtsalt kasutada \u00fche veebilehe k\u00f5iki alamlehti ja kaitstud osi. Ajutised k\u00fcpsised ei ole p\u00fcsiva iseloomuga \u2013 need aeguvad veebibrauseri sulgemisel, millega veebilehe avasite, v\u00f5i veebisessiooni katkestamisel konkreetsel veebilehel.<\/span><\/p>\n<p><span style=\"font-size: 14px\"><strong>P\u00fcsivad k\u00fcpsised<\/strong><strong><br \/>\n<\/strong>P\u00fcsivad k\u00fcpsised salvestatakse seadmesse, millega sirvite veebilehte, p\u00e4rast veebibrauseri sulgemist kindlaksm\u00e4\u00e4ratud ajavahemikuks. Salvestatud k\u00fcpsised v\u00f5imaldavad iga kord konkreetse veebilehe k\u00fclastamisel kasutada eelnevalt tehtud valikuid v\u00f5i toiminguid.<\/span><\/p>\n<p><span style=\"font-size: 14px\"><strong>Esimese osapoole k\u00fcpsised<\/strong><strong><br \/>\n<\/strong>Esimese osapoole k\u00fcpsised on k\u00fcpsised, mille paigaldame oma kodulehele.<\/span><\/p>\n<p><span style=\"font-size: 14px\"><strong>Kolmanda osapoole k\u00fcpsised<\/strong><strong><br \/>\n<\/strong>Kolmanda osapoole k\u00fcpsised on k\u00fcpsised veebilehtedelt, mis ei kuulu meile. Nende veebilehtede domeeninimed erinevad meie veebilehe domeeninimest. Kolmandate osapoolte k\u00fcpsiseid v\u00f5idakse salvestada ka seadmesse, millest te meie veebilehte sirvite.<\/span><\/p>\n<p><span style=\"font-size: 14px\">Kui teil on k\u00fcpsiste kasutamise p\u00f5him\u00f5tete kohta k\u00fcsimusi, ettepanekuid v\u00f5i kommentaare v\u00f5i soovite teavitada isikuandmete kuritarvitamisest, saatke meile e-kiri aadressil\u00a0<a href=\"mailto:privacypolicy@semarahhotels.com\">privacypolicy@semarahhotels.com<\/a>, helistage telefonil +37166118465 v\u00f5i saatke kiri aadressil SIA \u201cSEMARAH HOTEL MANAGEMENT\u201d, Skanstes iela 7 k-1, Riia, LV-1013.<\/span><\/p>\n","protected":false},"excerpt":{"rendered":"<p>.See veebileht kasutab k\u00fcpsiseid (Cookies), et aidata parandada veebil kasutuskogemust ja tagada selle toimimine. Mis on k\u00fcpsised? K\u00fcpsis ehk v\u00e4ike andmefail (ingl k: cookie \u2014 \u2018k\u00fcpsis\u2019) on veebiserverist kliendile (tavaliselt veebibrauser) saadetav v\u00e4ike tekstikujuline andmeblokk, mis salvestatakse kasutaja arvutisse tavalise failina. See v\u00f5imaldab tuvastada kasutaja, kontrollides serveril kliendi saadetud k\u00fcpsiseid. S\u00fcsteem v\u00f5eti kasutusele, kuna HTTP-protokoll[&#8230;]\n","protected":false},"author":3,"featured_media":0,"parent":0,"menu_order":75,"comment_status":"closed","ping_status":"closed","template":"","meta":{"_acf_changed":false,"inline_featured_image":false,"footnotes":""},"class_list":["post-5592","page","type-page","status-publish","hentry"],"acf":[],"yoast_head":"<!-- This site is optimized with the Yoast SEO plugin v26.2 - https:\/\/yoast.com\/wordpress\/plugins\/seo\/ -->\n<title>K\u00fcpsiste kasutamise p\u00f5him\u00f5tted - Semarah Hotels<\/title>\n<meta name=\"robots\" content=\"index, follow, max-snippet:-1, max-image-preview:large, max-video-preview:-1\" \/>\n<link rel=\"canonical\" href=\"https:\/\/semarahhotels.com\/et\/kupsiste-kasutamise\/\" \/>\n<meta property=\"og:locale\" content=\"et_EE\" \/>\n<meta property=\"og:type\" content=\"article\" \/>\n<meta property=\"og:title\" content=\"K\u00fcpsiste kasutamise p\u00f5him\u00f5tted - Semarah Hotels\" \/>\n<meta property=\"og:description\" content=\".See veebileht kasutab k\u00fcpsiseid (Cookies), et aidata parandada veebil kasutuskogemust ja tagada selle toimimine. Mis on k\u00fcpsised? K\u00fcpsis ehk v\u00e4ike andmefail (ingl k: cookie \u2014 \u2018k\u00fcpsis\u2019) on veebiserverist kliendile (tavaliselt veebibrauser) saadetav v\u00e4ike tekstikujuline andmeblokk, mis salvestatakse kasutaja arvutisse tavalise failina. See v\u00f5imaldab tuvastada kasutaja, kontrollides serveril kliendi saadetud k\u00fcpsiseid. S\u00fcsteem v\u00f5eti kasutusele, kuna HTTP-protokoll[...]\" \/>\n<meta property=\"og:url\" content=\"https:\/\/semarahhotels.com\/et\/kupsiste-kasutamise\/\" \/>\n<meta property=\"og:site_name\" content=\"Semarah Hotels\" \/>\n<meta property=\"article:publisher\" content=\"https:\/\/www.facebook.com\/semarahhotels\" \/>\n<meta property=\"article:modified_time\" content=\"2025-07-17T13:27:25+00:00\" \/>\n<meta property=\"og:image\" content=\"https:\/\/semarahhotels.com\/wp-content\/uploads\/2020\/11\/DavanuKarte_1110x420_01.2020_C-new.jpg\" \/>\n\t<meta property=\"og:image:width\" content=\"1110\" \/>\n\t<meta property=\"og:image:height\" content=\"400\" \/>\n\t<meta property=\"og:image:type\" content=\"image\/jpeg\" \/>\n<meta name=\"twitter:card\" content=\"summary_large_image\" \/>\n<script type=\"application\/ld+json\" class=\"yoast-schema-graph\">{\"@context\":\"https:\/\/schema.org\",\"@graph\":[{\"@type\":\"WebPage\",\"@id\":\"https:\/\/semarahhotels.com\/et\/kupsiste-kasutamise\/\",\"url\":\"https:\/\/semarahhotels.com\/et\/kupsiste-kasutamise\/\",\"name\":\"K\u00fcpsiste kasutamise p\u00f5him\u00f5tted - Semarah Hotels\",\"isPartOf\":{\"@id\":\"https:\/\/semarahhotels.com\/et\/#website\"},\"datePublished\":\"2020-09-18T11:26:37+00:00\",\"dateModified\":\"2025-07-17T13:27:25+00:00\",\"breadcrumb\":{\"@id\":\"https:\/\/semarahhotels.com\/et\/kupsiste-kasutamise\/#breadcrumb\"},\"inLanguage\":\"et-EE\",\"potentialAction\":[{\"@type\":\"ReadAction\",\"target\":[\"https:\/\/semarahhotels.com\/et\/kupsiste-kasutamise\/\"]}]},{\"@type\":\"BreadcrumbList\",\"@id\":\"https:\/\/semarahhotels.com\/et\/kupsiste-kasutamise\/#breadcrumb\",\"itemListElement\":[{\"@type\":\"ListItem\",\"position\":1,\"name\":\"Home\",\"item\":\"https:\/\/semarahhotels.com\/et\/\"},{\"@type\":\"ListItem\",\"position\":2,\"name\":\"K\u00fcpsiste kasutamise p\u00f5him\u00f5tted\"}]},{\"@type\":\"WebSite\",\"@id\":\"https:\/\/semarahhotels.com\/et\/#website\",\"url\":\"https:\/\/semarahhotels.com\/et\/\",\"name\":\"Semarah Hotels\",\"description\":\"Semarah\",\"potentialAction\":[{\"@type\":\"SearchAction\",\"target\":{\"@type\":\"EntryPoint\",\"urlTemplate\":\"https:\/\/semarahhotels.com\/et\/?s={search_term_string}\"},\"query-input\":{\"@type\":\"PropertyValueSpecification\",\"valueRequired\":true,\"valueName\":\"search_term_string\"}}],\"inLanguage\":\"et-EE\"}]}<\/script>\n<!-- \/ Yoast SEO plugin. -->","yoast_head_json":{"title":"K\u00fcpsiste kasutamise p\u00f5him\u00f5tted - Semarah Hotels","robots":{"index":"index","follow":"follow","max-snippet":"max-snippet:-1","max-image-preview":"max-image-preview:large","max-video-preview":"max-video-preview:-1"},"canonical":"https:\/\/semarahhotels.com\/et\/kupsiste-kasutamise\/","og_locale":"et_EE","og_type":"article","og_title":"K\u00fcpsiste kasutamise p\u00f5him\u00f5tted - Semarah Hotels","og_description":".See veebileht kasutab k\u00fcpsiseid (Cookies), et aidata parandada veebil kasutuskogemust ja tagada selle toimimine. Mis on k\u00fcpsised? K\u00fcpsis ehk v\u00e4ike andmefail (ingl k: cookie \u2014 \u2018k\u00fcpsis\u2019) on veebiserverist kliendile (tavaliselt veebibrauser) saadetav v\u00e4ike tekstikujuline andmeblokk, mis salvestatakse kasutaja arvutisse tavalise failina. See v\u00f5imaldab tuvastada kasutaja, kontrollides serveril kliendi saadetud k\u00fcpsiseid. S\u00fcsteem v\u00f5eti kasutusele, kuna HTTP-protokoll[...]","og_url":"https:\/\/semarahhotels.com\/et\/kupsiste-kasutamise\/","og_site_name":"Semarah Hotels","article_publisher":"https:\/\/www.facebook.com\/semarahhotels","article_modified_time":"2025-07-17T13:27:25+00:00","og_image":[{"width":1110,"height":400,"url":"https:\/\/semarahhotels.com\/wp-content\/uploads\/2020\/11\/DavanuKarte_1110x420_01.2020_C-new.jpg","type":"image\/jpeg"}],"twitter_card":"summary_large_image","schema":{"@context":"https:\/\/schema.org","@graph":[{"@type":"WebPage","@id":"https:\/\/semarahhotels.com\/et\/kupsiste-kasutamise\/","url":"https:\/\/semarahhotels.com\/et\/kupsiste-kasutamise\/","name":"K\u00fcpsiste kasutamise p\u00f5him\u00f5tted - Semarah Hotels","isPartOf":{"@id":"https:\/\/semarahhotels.com\/et\/#website"},"datePublished":"2020-09-18T11:26:37+00:00","dateModified":"2025-07-17T13:27:25+00:00","breadcrumb":{"@id":"https:\/\/semarahhotels.com\/et\/kupsiste-kasutamise\/#breadcrumb"},"inLanguage":"et-EE","potentialAction":[{"@type":"ReadAction","target":["https:\/\/semarahhotels.com\/et\/kupsiste-kasutamise\/"]}]},{"@type":"BreadcrumbList","@id":"https:\/\/semarahhotels.com\/et\/kupsiste-kasutamise\/#breadcrumb","itemListElement":[{"@type":"ListItem","position":1,"name":"Home","item":"https:\/\/semarahhotels.com\/et\/"},{"@type":"ListItem","position":2,"name":"K\u00fcpsiste kasutamise p\u00f5him\u00f5tted"}]},{"@type":"WebSite","@id":"https:\/\/semarahhotels.com\/et\/#website","url":"https:\/\/semarahhotels.com\/et\/","name":"Semarah Hotels","description":"Semarah","potentialAction":[{"@type":"SearchAction","target":{"@type":"EntryPoint","urlTemplate":"https:\/\/semarahhotels.com\/et\/?s={search_term_string}"},"query-input":{"@type":"PropertyValueSpecification","valueRequired":true,"valueName":"search_term_string"}}],"inLanguage":"et-EE"}]}},"_links":{"self":[{"href":"https:\/\/semarahhotels.com\/et\/wp-json\/wp\/v2\/pages\/5592","targetHints":{"allow":["GET"]}}],"collection":[{"href":"https:\/\/semarahhotels.com\/et\/wp-json\/wp\/v2\/pages"}],"about":[{"href":"https:\/\/semarahhotels.com\/et\/wp-json\/wp\/v2\/types\/page"}],"author":[{"embeddable":true,"href":"https:\/\/semarahhotels.com\/et\/wp-json\/wp\/v2\/users\/3"}],"replies":[{"embeddable":true,"href":"https:\/\/semarahhotels.com\/et\/wp-json\/wp\/v2\/comments?post=5592"}],"version-history":[{"count":0,"href":"https:\/\/semarahhotels.com\/et\/wp-json\/wp\/v2\/pages\/5592\/revisions"}],"wp:attachment":[{"href":"https:\/\/semarahhotels.com\/et\/wp-json\/wp\/v2\/media?parent=5592"}],"curies":[{"name":"wp","href":"https:\/\/api.w.org\/{rel}","templated":true}]}}