{"id":67770,"date":"2026-02-10T14:55:17","date_gmt":"2026-02-10T12:55:17","guid":{"rendered":"https:\/\/semarahhotels.com\/?post_type=product&#038;p=67770"},"modified":"2026-02-11T12:23:50","modified_gmt":"2026-02-11T10:23:50","slug":"semarah-hotels-davanu-karte","status":"publish","type":"product","link":"https:\/\/semarahhotels.com\/en\/product\/semarah-hotels-davanu-karte\/","title":{"rendered":"Semarah hotels d\u0101vanu karte"},"content":{"rendered":"<p><strong><span style=\"font-size: 13px;\">D\u0101vanu karte ir izmantojama:<\/span><\/strong><\/p>\n<ul>\n<li><span style=\"font-size: 13px;\">nak\u0161\u0146o\u0161anai viesn\u012bc\u0101<\/span><\/li>\n<li><span style=\"font-size: 13px;\">SPA un wellness pakalpojumiem<\/span><\/li>\n<li><span style=\"font-size: 13px;\">restor\u0101na un b\u0101ra apmekl\u0113jumam<\/span><\/li>\n<li><span style=\"font-size: 13px;\">skaistumkop\u0161anas un atp\u016btas proced\u016br\u0101m<\/span><\/li>\n<li><span style=\"font-size: 13px;\">b\u0113rnu kluba un citiem viesn\u012bcas pakalpojumiem<\/span><\/li>\n<\/ul>\n<p><strong><span style=\"font-size: 13px;\">Ar d\u0101vanu karti iesp\u0113jams nor\u0113\u0137in\u0101ties uz vietas viesn\u012bc\u0101s, veicot samaksu par izv\u0113l\u0113to pakalpojumu<\/span><\/strong><\/p>\n<strong><span style=\"font-size: 13px;\">Gift Card Terms &amp; Conditions \u2013 LINK<\/span><\/strong>\n<p>&nbsp;<\/p>\n<p>&nbsp;<\/p>\n","protected":false},"excerpt":{"rendered":"<p><span style=\"font-size: 13px;\">D\u0101vanu karte nodro\u0161ina maksim\u0101lu elast\u012bbu, \u013caujot sa\u0146\u0113m\u0113jam pa\u0161am izv\u0113l\u0113ties piem\u0113rot\u0101ko pieredzi \u2013 atp\u016btai, gard\u0113\u017eu baud\u012bjumam vai labsaj\u016btai jebkur\u0101 Semarah Hotels viesn\u012bc\u0101<\/span><\/p>\n<p>&nbsp;<\/p>\n","protected":false},"featured_media":67795,"template":"","meta":{"_acf_changed":false,"inline_featured_image":false},"product_brand":[],"product_cat":[100,119],"product_tag":[],"class_list":{"0":"post-67770","1":"product","2":"type-product","3":"status-publish","4":"has-post-thumbnail","6":"product_cat-semarah-hotels-kartes","7":"product_cat-uncategorized-lv","9":"first","10":"instock","11":"shipping-taxable","12":"purchasable","13":"product-type-pw-gift-card","14":"has-default-attributes"},"acf":[],"yoast_head":"<!-- This site is optimized with the Yoast SEO plugin v26.2 - https:\/\/yoast.com\/wordpress\/plugins\/seo\/ -->\n<title>Semarah Hotels d\u0101vanu karte | Atp\u016bta, SPA un restor\u0101ni<\/title>\n<meta name=\"description\" content=\"Semarah Hotels d\u0101vanu karte \u013cauj nor\u0113\u0137in\u0101ties par nak\u0161\u0146o\u0161anu, SPA, restor\u0101nu un citiem pakalpojumiem viesn\u012bc\u0101s Latvij\u0101. Ide\u0101la d\u0101vana pieredzei\" \/>\n<meta name=\"robots\" content=\"noindex, follow\" \/>\n<meta property=\"og:locale\" content=\"en_US\" \/>\n<meta property=\"og:type\" content=\"article\" \/>\n<meta property=\"og:title\" content=\"Semarah Hotels d\u0101vanu karte | Atp\u016bta, SPA un restor\u0101ni\" \/>\n<meta property=\"og:description\" content=\"Semarah Hotels d\u0101vanu karte \u013cauj nor\u0113\u0137in\u0101ties par nak\u0161\u0146o\u0161anu, SPA, restor\u0101nu un citiem pakalpojumiem viesn\u012bc\u0101s Latvij\u0101. Ide\u0101la d\u0101vana pieredzei\" \/>\n<meta property=\"og:url\" content=\"https:\/\/semarahhotels.com\/en\/product\/semarah-hotels-davanu-karte\/\" \/>\n<meta property=\"og:site_name\" content=\"Semarah Hotels\" \/>\n<meta property=\"article:publisher\" content=\"https:\/\/www.facebook.com\/semarahhotels\" \/>\n<meta property=\"article:modified_time\" content=\"2026-02-11T10:23:50+00:00\" \/>\n<meta property=\"og:image\" content=\"https:\/\/semarahhotels.com\/wp-content\/uploads\/2026\/02\/semarah-hotels-gift-card-13_bez_metropoles-scaled.jpg\" \/>\n\t<meta property=\"og:image:width\" content=\"1707\" \/>\n\t<meta property=\"og:image:height\" content=\"2560\" \/>\n\t<meta property=\"og:image:type\" content=\"image\/jpeg\" \/>\n<meta name=\"twitter:card\" content=\"summary_large_image\" \/>\n<script type=\"application\/ld+json\" class=\"yoast-schema-graph\">{\"@context\":\"https:\/\/schema.org\",\"@graph\":[{\"@type\":\"WebPage\",\"@id\":\"https:\/\/semarahhotels.com\/en\/product\/semarah-hotels-davanu-karte\/\",\"url\":\"https:\/\/semarahhotels.com\/en\/product\/semarah-hotels-davanu-karte\/\",\"name\":\"Semarah Hotels d\u0101vanu karte | Atp\u016bta, SPA un restor\u0101ni\",\"isPartOf\":{\"@id\":\"https:\/\/semarahhotels.com\/en\/#website\"},\"primaryImageOfPage\":{\"@id\":\"https:\/\/semarahhotels.com\/en\/product\/semarah-hotels-davanu-karte\/#primaryimage\"},\"image\":{\"@id\":\"https:\/\/semarahhotels.com\/en\/product\/semarah-hotels-davanu-karte\/#primaryimage\"},\"thumbnailUrl\":\"https:\/\/semarahhotels.com\/wp-content\/uploads\/2026\/02\/semarah-hotels-gift-card-13_bez_metropoles-scaled.jpg\",\"datePublished\":\"2026-02-10T12:55:17+00:00\",\"dateModified\":\"2026-02-11T10:23:50+00:00\",\"description\":\"Semarah Hotels d\u0101vanu karte \u013cauj nor\u0113\u0137in\u0101ties par nak\u0161\u0146o\u0161anu, SPA, restor\u0101nu un citiem pakalpojumiem viesn\u012bc\u0101s Latvij\u0101. Ide\u0101la d\u0101vana pieredzei\",\"breadcrumb\":{\"@id\":\"https:\/\/semarahhotels.com\/en\/product\/semarah-hotels-davanu-karte\/#breadcrumb\"},\"inLanguage\":\"en-US\",\"potentialAction\":[{\"@type\":\"ReadAction\",\"target\":[\"https:\/\/semarahhotels.com\/en\/product\/semarah-hotels-davanu-karte\/\"]}]},{\"@type\":\"ImageObject\",\"inLanguage\":\"en-US\",\"@id\":\"https:\/\/semarahhotels.com\/en\/product\/semarah-hotels-davanu-karte\/#primaryimage\",\"url\":\"https:\/\/semarahhotels.com\/wp-content\/uploads\/2026\/02\/semarah-hotels-gift-card-13_bez_metropoles-scaled.jpg\",\"contentUrl\":\"https:\/\/semarahhotels.com\/wp-content\/uploads\/2026\/02\/semarah-hotels-gift-card-13_bez_metropoles-scaled.jpg\",\"width\":1707,\"height\":2560},{\"@type\":\"BreadcrumbList\",\"@id\":\"https:\/\/semarahhotels.com\/en\/product\/semarah-hotels-davanu-karte\/#breadcrumb\",\"itemListElement\":[{\"@type\":\"ListItem\",\"position\":1,\"name\":\"Home\",\"item\":\"https:\/\/semarahhotels.com\/en\/\"},{\"@type\":\"ListItem\",\"position\":2,\"name\":\"Shop\",\"item\":\"https:\/\/semarahhotels.com\/shop\/\"},{\"@type\":\"ListItem\",\"position\":3,\"name\":\"Semarah hotels d\u0101vanu karte\"}]},{\"@type\":\"WebSite\",\"@id\":\"https:\/\/semarahhotels.com\/en\/#website\",\"url\":\"https:\/\/semarahhotels.com\/en\/\",\"name\":\"Semarah Hotels\",\"description\":\"Semarah\",\"potentialAction\":[{\"@type\":\"SearchAction\",\"target\":{\"@type\":\"EntryPoint\",\"urlTemplate\":\"https:\/\/semarahhotels.com\/en\/?s={search_term_string}\"},\"query-input\":{\"@type\":\"PropertyValueSpecification\",\"valueRequired\":true,\"valueName\":\"search_term_string\"}}],\"inLanguage\":\"en-US\"}]}<\/script>\n<!-- \/ Yoast SEO plugin. -->","yoast_head_json":{"title":"Semarah Hotels d\u0101vanu karte | Atp\u016bta, SPA un restor\u0101ni","description":"Semarah Hotels d\u0101vanu karte \u013cauj nor\u0113\u0137in\u0101ties par nak\u0161\u0146o\u0161anu, SPA, restor\u0101nu un citiem pakalpojumiem viesn\u012bc\u0101s Latvij\u0101. Ide\u0101la d\u0101vana pieredzei","robots":{"index":"noindex","follow":"follow"},"og_locale":"en_US","og_type":"article","og_title":"Semarah Hotels d\u0101vanu karte | Atp\u016bta, SPA un restor\u0101ni","og_description":"Semarah Hotels d\u0101vanu karte \u013cauj nor\u0113\u0137in\u0101ties par nak\u0161\u0146o\u0161anu, SPA, restor\u0101nu un citiem pakalpojumiem viesn\u012bc\u0101s Latvij\u0101. Ide\u0101la d\u0101vana pieredzei","og_url":"https:\/\/semarahhotels.com\/en\/product\/semarah-hotels-davanu-karte\/","og_site_name":"Semarah Hotels","article_publisher":"https:\/\/www.facebook.com\/semarahhotels","article_modified_time":"2026-02-11T10:23:50+00:00","og_image":[{"width":1707,"height":2560,"url":"https:\/\/semarahhotels.com\/wp-content\/uploads\/2026\/02\/semarah-hotels-gift-card-13_bez_metropoles-scaled.jpg","type":"image\/jpeg"}],"twitter_card":"summary_large_image","schema":{"@context":"https:\/\/schema.org","@graph":[{"@type":"WebPage","@id":"https:\/\/semarahhotels.com\/en\/product\/semarah-hotels-davanu-karte\/","url":"https:\/\/semarahhotels.com\/en\/product\/semarah-hotels-davanu-karte\/","name":"Semarah Hotels d\u0101vanu karte | Atp\u016bta, SPA un restor\u0101ni","isPartOf":{"@id":"https:\/\/semarahhotels.com\/en\/#website"},"primaryImageOfPage":{"@id":"https:\/\/semarahhotels.com\/en\/product\/semarah-hotels-davanu-karte\/#primaryimage"},"image":{"@id":"https:\/\/semarahhotels.com\/en\/product\/semarah-hotels-davanu-karte\/#primaryimage"},"thumbnailUrl":"https:\/\/semarahhotels.com\/wp-content\/uploads\/2026\/02\/semarah-hotels-gift-card-13_bez_metropoles-scaled.jpg","datePublished":"2026-02-10T12:55:17+00:00","dateModified":"2026-02-11T10:23:50+00:00","description":"Semarah Hotels d\u0101vanu karte \u013cauj nor\u0113\u0137in\u0101ties par nak\u0161\u0146o\u0161anu, SPA, restor\u0101nu un citiem pakalpojumiem viesn\u012bc\u0101s Latvij\u0101. Ide\u0101la d\u0101vana pieredzei","breadcrumb":{"@id":"https:\/\/semarahhotels.com\/en\/product\/semarah-hotels-davanu-karte\/#breadcrumb"},"inLanguage":"en-US","potentialAction":[{"@type":"ReadAction","target":["https:\/\/semarahhotels.com\/en\/product\/semarah-hotels-davanu-karte\/"]}]},{"@type":"ImageObject","inLanguage":"en-US","@id":"https:\/\/semarahhotels.com\/en\/product\/semarah-hotels-davanu-karte\/#primaryimage","url":"https:\/\/semarahhotels.com\/wp-content\/uploads\/2026\/02\/semarah-hotels-gift-card-13_bez_metropoles-scaled.jpg","contentUrl":"https:\/\/semarahhotels.com\/wp-content\/uploads\/2026\/02\/semarah-hotels-gift-card-13_bez_metropoles-scaled.jpg","width":1707,"height":2560},{"@type":"BreadcrumbList","@id":"https:\/\/semarahhotels.com\/en\/product\/semarah-hotels-davanu-karte\/#breadcrumb","itemListElement":[{"@type":"ListItem","position":1,"name":"Home","item":"https:\/\/semarahhotels.com\/en\/"},{"@type":"ListItem","position":2,"name":"Shop","item":"https:\/\/semarahhotels.com\/shop\/"},{"@type":"ListItem","position":3,"name":"Semarah hotels d\u0101vanu karte"}]},{"@type":"WebSite","@id":"https:\/\/semarahhotels.com\/en\/#website","url":"https:\/\/semarahhotels.com\/en\/","name":"Semarah Hotels","description":"Semarah","potentialAction":[{"@type":"SearchAction","target":{"@type":"EntryPoint","urlTemplate":"https:\/\/semarahhotels.com\/en\/?s={search_term_string}"},"query-input":{"@type":"PropertyValueSpecification","valueRequired":true,"valueName":"search_term_string"}}],"inLanguage":"en-US"}]}},"_links":{"self":[{"href":"https:\/\/semarahhotels.com\/en\/wp-json\/wp\/v2\/product\/67770","targetHints":{"allow":["GET"]}}],"collection":[{"href":"https:\/\/semarahhotels.com\/en\/wp-json\/wp\/v2\/product"}],"about":[{"href":"https:\/\/semarahhotels.com\/en\/wp-json\/wp\/v2\/types\/product"}],"wp:featuredmedia":[{"embeddable":true,"href":"https:\/\/semarahhotels.com\/en\/wp-json\/wp\/v2\/media\/67795"}],"wp:attachment":[{"href":"https:\/\/semarahhotels.com\/en\/wp-json\/wp\/v2\/media?parent=67770"}],"wp:term":[{"taxonomy":"product_brand","embeddable":true,"href":"https:\/\/semarahhotels.com\/en\/wp-json\/wp\/v2\/product_brand?post=67770"},{"taxonomy":"product_cat","embeddable":true,"href":"https:\/\/semarahhotels.com\/en\/wp-json\/wp\/v2\/product_cat?post=67770"},{"taxonomy":"product_tag","embeddable":true,"href":"https:\/\/semarahhotels.com\/en\/wp-json\/wp\/v2\/product_tag?post=67770"}],"curies":[{"name":"wp","href":"https:\/\/api.w.org\/{rel}","templated":true}]}}