{"id":65635,"date":"2025-09-02T12:24:39","date_gmt":"2025-09-02T10:24:39","guid":{"rendered":"https:\/\/semarahhotels.com\/?post_type=product&#038;p=65635"},"modified":"2026-01-14T16:18:48","modified_gmt":"2026-01-14T14:18:48","slug":"davanu-karte-atputai-lielupe","status":"publish","type":"product","link":"https:\/\/semarahhotels.com\/en\/product\/davanu-karte-atputai-lielupe\/","title":{"rendered":"D\u0101vanu karte atp\u016btai Lielup\u0113"},"content":{"rendered":"<p>D\u0101vanu karte, kas sniegs iesp\u0113ju izbaud\u012bt atp\u016btu viesn\u012bc\u0101 Lielupe.<\/p>\n<p>Wellness apmekl\u0113jums<\/p>\n<p>Izmitin\u0101\u0161ana<\/p>\n<p>Restor\u0101na gardo \u0113dienu baud\u012b\u0161ana<\/p>\n<p>Lobby gardumi: koktei\u013ci un picas<\/p>\n<p>SPA mas\u0101\u017eas<\/p>\n<p>&nbsp;<\/p>\n<p>Viss ko J\u016bsu sirds k\u0101ro!<\/p>\n","protected":false},"excerpt":{"rendered":"<p>Viss Tavai atp\u016btai viesn\u012bc\u0101 Lielupe<\/p>\n","protected":false},"featured_media":65222,"template":"","meta":{"_acf_changed":false,"inline_featured_image":false},"product_brand":[],"product_cat":[139,119],"product_tag":[],"class_list":{"0":"post-65635","1":"product","2":"type-product","3":"status-publish","4":"has-post-thumbnail","6":"product_cat-lielupe-hotel-kartes","7":"product_cat-uncategorized-lv","9":"first","10":"instock","11":"shipping-taxable","12":"purchasable","13":"product-type-pw-gift-card"},"acf":[],"yoast_head":"<!-- This site is optimized with the Yoast SEO plugin v26.2 - https:\/\/yoast.com\/wordpress\/plugins\/seo\/ -->\n<title>D\u0101vanu karte atp\u016btai Lielup\u0113 - Semarah Hotels<\/title>\n<meta name=\"robots\" content=\"noindex, follow\" \/>\n<meta property=\"og:locale\" content=\"en_US\" \/>\n<meta property=\"og:type\" content=\"article\" \/>\n<meta property=\"og:title\" content=\"D\u0101vanu karte atp\u016btai Lielup\u0113 - Semarah Hotels\" \/>\n<meta property=\"og:description\" content=\"Viss Tavai atp\u016btai viesn\u012bc\u0101 Lielupe\" \/>\n<meta property=\"og:url\" content=\"https:\/\/semarahhotels.com\/en\/product\/davanu-karte-atputai-lielupe\/\" \/>\n<meta property=\"og:site_name\" content=\"Semarah Hotels\" \/>\n<meta property=\"article:publisher\" content=\"https:\/\/www.facebook.com\/semarahhotels\" \/>\n<meta property=\"article:modified_time\" content=\"2026-01-14T14:18:48+00:00\" \/>\n<meta property=\"og:image\" content=\"https:\/\/semarahhotels.com\/wp-content\/uploads\/2025\/08\/noformejums-bez-nosaukuma-4.png\" \/>\n\t<meta property=\"og:image:width\" content=\"500\" \/>\n\t<meta property=\"og:image:height\" content=\"275\" \/>\n\t<meta property=\"og:image:type\" content=\"image\/png\" \/>\n<meta name=\"twitter:card\" content=\"summary_large_image\" \/>\n<script type=\"application\/ld+json\" class=\"yoast-schema-graph\">{\"@context\":\"https:\/\/schema.org\",\"@graph\":[{\"@type\":\"WebPage\",\"@id\":\"https:\/\/semarahhotels.com\/en\/product\/davanu-karte-atputai-lielupe\/\",\"url\":\"https:\/\/semarahhotels.com\/en\/product\/davanu-karte-atputai-lielupe\/\",\"name\":\"D\u0101vanu karte atp\u016btai Lielup\u0113 - Semarah Hotels\",\"isPartOf\":{\"@id\":\"https:\/\/semarahhotels.com\/en\/#website\"},\"primaryImageOfPage\":{\"@id\":\"https:\/\/semarahhotels.com\/en\/product\/davanu-karte-atputai-lielupe\/#primaryimage\"},\"image\":{\"@id\":\"https:\/\/semarahhotels.com\/en\/product\/davanu-karte-atputai-lielupe\/#primaryimage\"},\"thumbnailUrl\":\"https:\/\/semarahhotels.com\/wp-content\/uploads\/2025\/08\/noformejums-bez-nosaukuma-4.png\",\"datePublished\":\"2025-09-02T10:24:39+00:00\",\"dateModified\":\"2026-01-14T14:18:48+00:00\",\"breadcrumb\":{\"@id\":\"https:\/\/semarahhotels.com\/en\/product\/davanu-karte-atputai-lielupe\/#breadcrumb\"},\"inLanguage\":\"en-US\",\"potentialAction\":[{\"@type\":\"ReadAction\",\"target\":[\"https:\/\/semarahhotels.com\/en\/product\/davanu-karte-atputai-lielupe\/\"]}]},{\"@type\":\"ImageObject\",\"inLanguage\":\"en-US\",\"@id\":\"https:\/\/semarahhotels.com\/en\/product\/davanu-karte-atputai-lielupe\/#primaryimage\",\"url\":\"https:\/\/semarahhotels.com\/wp-content\/uploads\/2025\/08\/noformejums-bez-nosaukuma-4.png\",\"contentUrl\":\"https:\/\/semarahhotels.com\/wp-content\/uploads\/2025\/08\/noformejums-bez-nosaukuma-4.png\",\"width\":500,\"height\":275},{\"@type\":\"BreadcrumbList\",\"@id\":\"https:\/\/semarahhotels.com\/en\/product\/davanu-karte-atputai-lielupe\/#breadcrumb\",\"itemListElement\":[{\"@type\":\"ListItem\",\"position\":1,\"name\":\"Home\",\"item\":\"https:\/\/semarahhotels.com\/en\/\"},{\"@type\":\"ListItem\",\"position\":2,\"name\":\"Shop\",\"item\":\"https:\/\/semarahhotels.com\/shop\/\"},{\"@type\":\"ListItem\",\"position\":3,\"name\":\"D\u0101vanu karte atp\u016btai Lielup\u0113\"}]},{\"@type\":\"WebSite\",\"@id\":\"https:\/\/semarahhotels.com\/en\/#website\",\"url\":\"https:\/\/semarahhotels.com\/en\/\",\"name\":\"Semarah Hotels\",\"description\":\"Semarah\",\"potentialAction\":[{\"@type\":\"SearchAction\",\"target\":{\"@type\":\"EntryPoint\",\"urlTemplate\":\"https:\/\/semarahhotels.com\/en\/?s={search_term_string}\"},\"query-input\":{\"@type\":\"PropertyValueSpecification\",\"valueRequired\":true,\"valueName\":\"search_term_string\"}}],\"inLanguage\":\"en-US\"}]}<\/script>\n<!-- \/ Yoast SEO plugin. -->","yoast_head_json":{"title":"D\u0101vanu karte atp\u016btai Lielup\u0113 - Semarah Hotels","robots":{"index":"noindex","follow":"follow"},"og_locale":"en_US","og_type":"article","og_title":"D\u0101vanu karte atp\u016btai Lielup\u0113 - Semarah Hotels","og_description":"Viss Tavai atp\u016btai viesn\u012bc\u0101 Lielupe","og_url":"https:\/\/semarahhotels.com\/en\/product\/davanu-karte-atputai-lielupe\/","og_site_name":"Semarah Hotels","article_publisher":"https:\/\/www.facebook.com\/semarahhotels","article_modified_time":"2026-01-14T14:18:48+00:00","og_image":[{"width":500,"height":275,"url":"https:\/\/semarahhotels.com\/wp-content\/uploads\/2025\/08\/noformejums-bez-nosaukuma-4.png","type":"image\/png"}],"twitter_card":"summary_large_image","schema":{"@context":"https:\/\/schema.org","@graph":[{"@type":"WebPage","@id":"https:\/\/semarahhotels.com\/en\/product\/davanu-karte-atputai-lielupe\/","url":"https:\/\/semarahhotels.com\/en\/product\/davanu-karte-atputai-lielupe\/","name":"D\u0101vanu karte atp\u016btai Lielup\u0113 - Semarah Hotels","isPartOf":{"@id":"https:\/\/semarahhotels.com\/en\/#website"},"primaryImageOfPage":{"@id":"https:\/\/semarahhotels.com\/en\/product\/davanu-karte-atputai-lielupe\/#primaryimage"},"image":{"@id":"https:\/\/semarahhotels.com\/en\/product\/davanu-karte-atputai-lielupe\/#primaryimage"},"thumbnailUrl":"https:\/\/semarahhotels.com\/wp-content\/uploads\/2025\/08\/noformejums-bez-nosaukuma-4.png","datePublished":"2025-09-02T10:24:39+00:00","dateModified":"2026-01-14T14:18:48+00:00","breadcrumb":{"@id":"https:\/\/semarahhotels.com\/en\/product\/davanu-karte-atputai-lielupe\/#breadcrumb"},"inLanguage":"en-US","potentialAction":[{"@type":"ReadAction","target":["https:\/\/semarahhotels.com\/en\/product\/davanu-karte-atputai-lielupe\/"]}]},{"@type":"ImageObject","inLanguage":"en-US","@id":"https:\/\/semarahhotels.com\/en\/product\/davanu-karte-atputai-lielupe\/#primaryimage","url":"https:\/\/semarahhotels.com\/wp-content\/uploads\/2025\/08\/noformejums-bez-nosaukuma-4.png","contentUrl":"https:\/\/semarahhotels.com\/wp-content\/uploads\/2025\/08\/noformejums-bez-nosaukuma-4.png","width":500,"height":275},{"@type":"BreadcrumbList","@id":"https:\/\/semarahhotels.com\/en\/product\/davanu-karte-atputai-lielupe\/#breadcrumb","itemListElement":[{"@type":"ListItem","position":1,"name":"Home","item":"https:\/\/semarahhotels.com\/en\/"},{"@type":"ListItem","position":2,"name":"Shop","item":"https:\/\/semarahhotels.com\/shop\/"},{"@type":"ListItem","position":3,"name":"D\u0101vanu karte atp\u016btai Lielup\u0113"}]},{"@type":"WebSite","@id":"https:\/\/semarahhotels.com\/en\/#website","url":"https:\/\/semarahhotels.com\/en\/","name":"Semarah Hotels","description":"Semarah","potentialAction":[{"@type":"SearchAction","target":{"@type":"EntryPoint","urlTemplate":"https:\/\/semarahhotels.com\/en\/?s={search_term_string}"},"query-input":{"@type":"PropertyValueSpecification","valueRequired":true,"valueName":"search_term_string"}}],"inLanguage":"en-US"}]}},"_links":{"self":[{"href":"https:\/\/semarahhotels.com\/en\/wp-json\/wp\/v2\/product\/65635","targetHints":{"allow":["GET"]}}],"collection":[{"href":"https:\/\/semarahhotels.com\/en\/wp-json\/wp\/v2\/product"}],"about":[{"href":"https:\/\/semarahhotels.com\/en\/wp-json\/wp\/v2\/types\/product"}],"wp:featuredmedia":[{"embeddable":true,"href":"https:\/\/semarahhotels.com\/en\/wp-json\/wp\/v2\/media\/65222"}],"wp:attachment":[{"href":"https:\/\/semarahhotels.com\/en\/wp-json\/wp\/v2\/media?parent=65635"}],"wp:term":[{"taxonomy":"product_brand","embeddable":true,"href":"https:\/\/semarahhotels.com\/en\/wp-json\/wp\/v2\/product_brand?post=65635"},{"taxonomy":"product_cat","embeddable":true,"href":"https:\/\/semarahhotels.com\/en\/wp-json\/wp\/v2\/product_cat?post=65635"},{"taxonomy":"product_tag","embeddable":true,"href":"https:\/\/semarahhotels.com\/en\/wp-json\/wp\/v2\/product_tag?post=65635"}],"curies":[{"name":"wp","href":"https:\/\/api.w.org\/{rel}","templated":true}]}}