{"id":65158,"date":"2025-08-26T09:22:49","date_gmt":"2025-08-26T09:22:49","guid":{"rendered":"https:\/\/semarahhotels.com\/?post_type=product&#038;p=65158"},"modified":"2025-08-26T09:25:19","modified_gmt":"2025-08-26T09:25:19","slug":"pirmsskolas-brancs","status":"publish","type":"product","link":"https:\/\/semarahhotels.com\/en\/product\/pirmsskolas-brancs\/","title":{"rendered":"PIRMSSKOLAS BRAN\u010cS"},"content":{"rendered":"<div class=\"offer-text-block\" data-cya11y-org-font-size=\"16\">\n<p data-cya11y-org-font-size=\"16\"><span data-cya11y-org-font-size=\"13\">Tiekamies sv\u0113tdien,\u00a024.august\u0101, J\u016brmal\u0101<\/span><br \/>\n<span data-cya11y-org-font-size=\"13\">Viesn\u012bcas LIELUPE restor\u0101na teras\u0113<\/span><br \/>\n<span data-cya11y-org-font-size=\"13\"><u>13:00 \u2013 16:00<\/u><\/span><\/p>\n<p data-cya11y-org-font-size=\"16\"><span data-cya11y-org-font-size=\"13\">Laiks sv\u0113tdienas bran\u010dam ar \u0123imeni un draugiem! S\u0101ciet savu gar\u0161u ce\u013cojumu pie j\u016bras ar sagaid\u012b\u0161anas dz\u0113rieniem un turpiniet ar siltiem pamat\u0113dieniem, da\u017e\u0101d\u0101m uzkod\u0101m un gardiem desertiem.<\/span><br \/>\n<span data-cya11y-org-font-size=\"13\">Atrakt\u012bv\u0101k\u0101 un gard\u0101k\u0101 sv\u0113tdiena tie\u0161i Jums!<\/span><\/p>\n<\/div>\n<div class=\"offer-text-block\" data-cya11y-org-font-size=\"16\">\n<p data-cya11y-org-font-size=\"16\"><span data-cya11y-org-font-size=\"13\">Pied\u0101v\u0101jum\u0101 iek\u013cauts:<\/span><\/p>\n<ul>\n<li data-cya11y-org-font-size=\"16\"><span data-cya11y-org-font-size=\"13\">Sagaid\u012b\u0161an\u0101s\u00a0dz\u0113riens pieaugu\u0161ajiem\u00a0\u2013 gl\u0101ze Prosecco<\/span><\/li>\n<li data-cya11y-org-font-size=\"16\"><span data-cya11y-org-font-size=\"13\">Sagaid\u012b\u0161an\u0101s\u00a0dz\u0113riens b\u0113rniem\u00a0\u2013 gl\u0101ze sulas<\/span><\/li>\n<li data-cya11y-org-font-size=\"16\"><span data-cya11y-org-font-size=\"13\">Pla\u0161a zviedru galda \u0113dienu izv\u0113le\u00a0katra gard\u0113\u017ea gaumei<\/span><\/li>\n<li data-cya11y-org-font-size=\"16\"><span data-cya11y-org-font-size=\"13\">Kafija, t\u0113ja un \u016bdens<\/span><\/li>\n<li data-cya11y-org-font-size=\"16\"><span data-cya11y-org-font-size=\"13\">Izklaides b\u0113rniem ar animatoriem no 14:00 l\u012bdz 15:30<\/span><\/li>\n<\/ul>\n<p data-cya11y-org-font-size=\"16\"><span data-cya11y-org-font-size=\"13\">\u201cHarry Potter &amp; Hermione\u201d aktivit\u0101tes b\u0113rniem,\u00a0kas ietver visda\u017e\u0101d\u0101k\u0101s izklaides un piedz\u012bvojumus:<\/span><\/p>\n<ul>\n<li data-cya11y-org-font-size=\"16\"><span data-cya11y-org-font-size=\"13\">Sagatavo\u0161an\u0101s m\u0101c\u012bbu gadam;<\/span><\/li>\n<li data-cya11y-org-font-size=\"16\"><span data-cya11y-org-font-size=\"13\">Akt\u012bvas sp\u0113les un uzdevumi;<\/span><\/li>\n<li data-cya11y-org-font-size=\"16\"><span data-cya11y-org-font-size=\"13\">Zin\u0101\u0161anu p\u0101rbaude;<\/span><\/li>\n<li data-cya11y-org-font-size=\"16\"><span data-cya11y-org-font-size=\"13\">Viktor\u012bnas;<\/span><\/li>\n<li data-cya11y-org-font-size=\"16\"><span data-cya11y-org-font-size=\"13\">Un, protams, dejas;<\/span><\/li>\n<\/ul>\n<\/div>\n<div class=\"offer-text-block\" data-cya11y-org-font-size=\"16\">\n<p data-cya11y-org-font-size=\"16\"><span data-cya11y-org-font-size=\"13\"><strong>38\u20ac\u00a0<\/strong>\/ pieaugu\u0161ais<\/span><br \/>\n<span data-cya11y-org-font-size=\"13\"><strong>19\u20ac<\/strong>\u00a0\/ b\u0113rns no 4 g.v. l\u012bdz 12 g.v.<\/span><\/p>\n<p data-cya11y-org-font-size=\"16\"><span data-cya11y-org-font-size=\"13\">B\u0113rniem l\u012bdz 4 g.v. bez maksas.<\/span><br \/>\n<span data-cya11y-org-font-size=\"13\"><strong><em>*Garant\u0113ta rezerv\u0101cija veicot priek\u0161apmaksu.<\/em><\/strong><em><br \/>\nApmekl\u0113jumu iesp\u0113jams atcelt piecas dienas pirms pas\u0101kuma. Summa var tikt atgriezta tikai d\u0101vanu kartes veid\u0101.<\/em><\/span><\/p>\n<\/div>\n<div class=\"offer-text-block\" data-cya11y-org-font-size=\"16\">\n<p data-cya11y-org-font-size=\"16\"><span data-cya11y-org-font-size=\"13\"><strong>Galda rezerv\u0101cija<\/strong><\/span><br \/>\n<span data-cya11y-org-font-size=\"13\">+371 26108359<\/span><br \/>\n<span data-cya11y-org-font-size=\"13\"><a href=\"mailto:restaurant@semarahhotels.com\" data-cya11y-org-font-size=\"13\">restaurant@semarahhotels.com<\/a><\/span><\/p>\n<\/div>\n","protected":false},"excerpt":{"rendered":"<div class=\"offer-text-block\" data-cya11y-org-font-size=\"16\">\n<p data-cya11y-org-font-size=\"16\"><span data-cya11y-org-font-size=\"13\">Pied\u0101v\u0101jum\u0101 iek\u013cauts:<\/span><\/p>\n<ul>\n<li data-cya11y-org-font-size=\"16\"><span data-cya11y-org-font-size=\"13\">Sagaid\u012b\u0161an\u0101s\u00a0dz\u0113riens pieaugu\u0161ajiem\u00a0\u2013 gl\u0101ze Prosecco<\/span><\/li>\n<li data-cya11y-org-font-size=\"16\"><span data-cya11y-org-font-size=\"13\">Sagaid\u012b\u0161an\u0101s\u00a0dz\u0113riens b\u0113rniem\u00a0\u2013 gl\u0101ze sulas<\/span><\/li>\n<li data-cya11y-org-font-size=\"16\"><span data-cya11y-org-font-size=\"13\">Pla\u0161a zviedru galda \u0113dienu izv\u0113le\u00a0katra gard\u0113\u017ea gaumei<\/span><\/li>\n<li data-cya11y-org-font-size=\"16\"><span data-cya11y-org-font-size=\"13\">Kafija, t\u0113ja un \u016bdens<\/span><\/li>\n<li data-cya11y-org-font-size=\"16\"><span data-cya11y-org-font-size=\"13\">Izklaides b\u0113rniem ar animatoriem no 14:00 l\u012bdz 15:30<\/span><\/li>\n<\/ul>\n<p data-cya11y-org-font-size=\"16\"><span data-cya11y-org-font-size=\"13\">\u201cHarry Potter &amp; Hermione\u201d aktivit\u0101tes b\u0113rniem,\u00a0kas ietver visda\u017e\u0101d\u0101k\u0101s izklaides un piedz\u012bvojumus:<\/span><\/p>\n<ul>\n<li data-cya11y-org-font-size=\"16\"><span data-cya11y-org-font-size=\"13\">Sagatavo\u0161an\u0101s m\u0101c\u012bbu gadam;<\/span><\/li>\n<li data-cya11y-org-font-size=\"16\"><span data-cya11y-org-font-size=\"13\">Akt\u012bvas sp\u0113les un uzdevumi;<\/span><\/li>\n<li data-cya11y-org-font-size=\"16\"><span data-cya11y-org-font-size=\"13\">Zin\u0101\u0161anu p\u0101rbaude;<\/span><\/li>\n<li data-cya11y-org-font-size=\"16\"><span data-cya11y-org-font-size=\"13\">Viktor\u012bnas;<\/span><\/li>\n<li data-cya11y-org-font-size=\"16\"><span data-cya11y-org-font-size=\"13\">Un, protams, dejas;<\/span><\/li>\n<\/ul>\n<\/div>\n<div class=\"offer-text-block\" data-cya11y-org-font-size=\"16\">\n<p data-cya11y-org-font-size=\"16\"><span data-cya11y-org-font-size=\"13\"><strong>38\u20ac\u00a0<\/strong>\/ pieaugu\u0161ais<\/span><br \/>\n<span data-cya11y-org-font-size=\"13\"><strong>19\u20ac<\/strong>\u00a0\/ b\u0113rns no 4 g.v. l\u012bdz 12 g.v.<\/span><\/p>\n<p data-cya11y-org-font-size=\"16\"><span data-cya11y-org-font-size=\"13\">B\u0113rniem l\u012bdz 4 g.v. bez maksas.<\/span><br \/>\n<span data-cya11y-org-font-size=\"13\"><strong><em>*Garant\u0113ta rezerv\u0101cija veicot priek\u0161apmaksu.<\/em><\/strong><em><br \/>\nApmekl\u0113jumu iesp\u0113jams atcelt piecas dienas pirms pas\u0101kuma. Summa var tikt atgriezta tikai d\u0101vanu kartes veid\u0101.<\/em><\/span><\/p>\n<\/div>\n<div class=\"offer-text-block\" data-cya11y-org-font-size=\"16\">\n<p data-cya11y-org-font-size=\"16\"><span data-cya11y-org-font-size=\"13\"><strong>Galda rezerv\u0101cija<\/strong><\/span><br \/>\n<span data-cya11y-org-font-size=\"13\">+371 26108359<\/span><br \/>\n<span data-cya11y-org-font-size=\"13\"><a href=\"mailto:restaurant@semarahhotels.com\" data-cya11y-org-font-size=\"13\">restaurant@semarahhotels.com<\/a><\/span><\/p>\n<\/div>\n","protected":false},"featured_media":64884,"template":"","meta":{"_acf_changed":false,"inline_featured_image":false},"product_brand":[],"product_cat":[119],"product_tag":[],"class_list":{"0":"post-65158","1":"product","2":"type-product","3":"status-publish","4":"has-post-thumbnail","6":"product_cat-uncategorized-lv","8":"first","9":"instock","10":"shipping-taxable","11":"purchasable","12":"product-type-pw-gift-card"},"acf":[],"yoast_head":"<!-- This site is optimized with the Yoast SEO plugin v26.2 - https:\/\/yoast.com\/wordpress\/plugins\/seo\/ -->\n<title>PIRMSSKOLAS BRAN\u010cS - Semarah Hotels<\/title>\n<meta name=\"robots\" content=\"index, follow, max-snippet:-1, max-image-preview:large, max-video-preview:-1\" \/>\n<link rel=\"canonical\" href=\"https:\/\/semarahhotels.com\/en\/product\/pirmsskolas-brancs\/\" \/>\n<meta property=\"og:locale\" content=\"en_US\" \/>\n<meta property=\"og:type\" content=\"article\" \/>\n<meta property=\"og:title\" content=\"PIRMSSKOLAS BRAN\u010cS - Semarah Hotels\" \/>\n<meta property=\"og:description\" content=\"Pied\u0101v\u0101jum\u0101 iek\u013cauts:    Sagaid\u012b\u0161an\u0101s\u00a0dz\u0113riens pieaugu\u0161ajiem\u00a0\u2013 gl\u0101ze Prosecco  Sagaid\u012b\u0161an\u0101s\u00a0dz\u0113riens b\u0113rniem\u00a0\u2013 gl\u0101ze sulas  Pla\u0161a zviedru galda \u0113dienu izv\u0113le\u00a0katra gard\u0113\u017ea gaumei  Kafija, t\u0113ja un \u016bdens  Izklaides b\u0113rniem ar animatoriem no 14:00 l\u012bdz 15:30  \u201cHarry Potter &amp; Hermione\u201d aktivit\u0101tes b\u0113rniem,\u00a0kas ietver visda\u017e\u0101d\u0101k\u0101s izklaides un piedz\u012bvojumus:    Sagatavo\u0161an\u0101s m\u0101c\u012bbu gadam;  Akt\u012bvas sp\u0113les un uzdevumi;  Zin\u0101\u0161anu p\u0101rbaude;  Viktor\u012bnas;  Un, protams, dejas;    38\u20ac\u00a0\/ pieaugu\u0161ais 19\u20ac\u00a0\/ b\u0113rns no 4 g.v. l\u012bdz 12 g.v. B\u0113rniem l\u012bdz 4 g.v. bez maksas. *Garant\u0113ta rezerv\u0101cija veicot priek\u0161apmaksu. Apmekl\u0113jumu iesp\u0113jams atcelt piecas dienas pirms pas\u0101kuma. Summa var tikt atgriezta tikai d\u0101vanu kartes veid\u0101.    Galda rezerv\u0101cija +371 26108359 restaurant@semarahhotels.com\" \/>\n<meta property=\"og:url\" content=\"https:\/\/semarahhotels.com\/en\/product\/pirmsskolas-brancs\/\" \/>\n<meta property=\"og:site_name\" content=\"Semarah Hotels\" \/>\n<meta property=\"article:publisher\" content=\"https:\/\/www.facebook.com\/semarahhotels\" \/>\n<meta property=\"article:modified_time\" content=\"2025-08-26T09:25:19+00:00\" \/>\n<meta property=\"og:image\" content=\"https:\/\/semarahhotels.com\/wp-content\/uploads\/2025\/08\/escape_school_test-7.jpg\" \/>\n\t<meta property=\"og:image:width\" content=\"1239\" \/>\n\t<meta property=\"og:image:height\" content=\"827\" \/>\n\t<meta property=\"og:image:type\" content=\"image\/jpeg\" \/>\n<meta name=\"twitter:card\" content=\"summary_large_image\" \/>\n<script type=\"application\/ld+json\" class=\"yoast-schema-graph\">{\"@context\":\"https:\/\/schema.org\",\"@graph\":[{\"@type\":\"WebPage\",\"@id\":\"https:\/\/semarahhotels.com\/en\/product\/pirmsskolas-brancs\/\",\"url\":\"https:\/\/semarahhotels.com\/en\/product\/pirmsskolas-brancs\/\",\"name\":\"PIRMSSKOLAS BRAN\u010cS - Semarah Hotels\",\"isPartOf\":{\"@id\":\"https:\/\/semarahhotels.com\/en\/#website\"},\"primaryImageOfPage\":{\"@id\":\"https:\/\/semarahhotels.com\/en\/product\/pirmsskolas-brancs\/#primaryimage\"},\"image\":{\"@id\":\"https:\/\/semarahhotels.com\/en\/product\/pirmsskolas-brancs\/#primaryimage\"},\"thumbnailUrl\":\"https:\/\/semarahhotels.com\/wp-content\/uploads\/2025\/08\/escape_school_test-7.jpg\",\"datePublished\":\"2025-08-26T09:22:49+00:00\",\"dateModified\":\"2025-08-26T09:25:19+00:00\",\"breadcrumb\":{\"@id\":\"https:\/\/semarahhotels.com\/en\/product\/pirmsskolas-brancs\/#breadcrumb\"},\"inLanguage\":\"en-US\",\"potentialAction\":[{\"@type\":\"ReadAction\",\"target\":[\"https:\/\/semarahhotels.com\/en\/product\/pirmsskolas-brancs\/\"]}]},{\"@type\":\"ImageObject\",\"inLanguage\":\"en-US\",\"@id\":\"https:\/\/semarahhotels.com\/en\/product\/pirmsskolas-brancs\/#primaryimage\",\"url\":\"https:\/\/semarahhotels.com\/wp-content\/uploads\/2025\/08\/escape_school_test-7.jpg\",\"contentUrl\":\"https:\/\/semarahhotels.com\/wp-content\/uploads\/2025\/08\/escape_school_test-7.jpg\",\"width\":1239,\"height\":827},{\"@type\":\"BreadcrumbList\",\"@id\":\"https:\/\/semarahhotels.com\/en\/product\/pirmsskolas-brancs\/#breadcrumb\",\"itemListElement\":[{\"@type\":\"ListItem\",\"position\":1,\"name\":\"Home\",\"item\":\"https:\/\/semarahhotels.com\/en\/\"},{\"@type\":\"ListItem\",\"position\":2,\"name\":\"Shop\",\"item\":\"https:\/\/semarahhotels.com\/shop\/\"},{\"@type\":\"ListItem\",\"position\":3,\"name\":\"PIRMSSKOLAS BRAN\u010cS\"}]},{\"@type\":\"WebSite\",\"@id\":\"https:\/\/semarahhotels.com\/en\/#website\",\"url\":\"https:\/\/semarahhotels.com\/en\/\",\"name\":\"Semarah Hotels\",\"description\":\"Semarah\",\"potentialAction\":[{\"@type\":\"SearchAction\",\"target\":{\"@type\":\"EntryPoint\",\"urlTemplate\":\"https:\/\/semarahhotels.com\/en\/?s={search_term_string}\"},\"query-input\":{\"@type\":\"PropertyValueSpecification\",\"valueRequired\":true,\"valueName\":\"search_term_string\"}}],\"inLanguage\":\"en-US\"}]}<\/script>\n<!-- \/ Yoast SEO plugin. -->","yoast_head_json":{"title":"PIRMSSKOLAS BRAN\u010cS - Semarah Hotels","robots":{"index":"index","follow":"follow","max-snippet":"max-snippet:-1","max-image-preview":"max-image-preview:large","max-video-preview":"max-video-preview:-1"},"canonical":"https:\/\/semarahhotels.com\/en\/product\/pirmsskolas-brancs\/","og_locale":"en_US","og_type":"article","og_title":"PIRMSSKOLAS BRAN\u010cS - Semarah Hotels","og_description":"Pied\u0101v\u0101jum\u0101 iek\u013cauts:    Sagaid\u012b\u0161an\u0101s\u00a0dz\u0113riens pieaugu\u0161ajiem\u00a0\u2013 gl\u0101ze Prosecco  Sagaid\u012b\u0161an\u0101s\u00a0dz\u0113riens b\u0113rniem\u00a0\u2013 gl\u0101ze sulas  Pla\u0161a zviedru galda \u0113dienu izv\u0113le\u00a0katra gard\u0113\u017ea gaumei  Kafija, t\u0113ja un \u016bdens  Izklaides b\u0113rniem ar animatoriem no 14:00 l\u012bdz 15:30  \u201cHarry Potter &amp; Hermione\u201d aktivit\u0101tes b\u0113rniem,\u00a0kas ietver visda\u017e\u0101d\u0101k\u0101s izklaides un piedz\u012bvojumus:    Sagatavo\u0161an\u0101s m\u0101c\u012bbu gadam;  Akt\u012bvas sp\u0113les un uzdevumi;  Zin\u0101\u0161anu p\u0101rbaude;  Viktor\u012bnas;  Un, protams, dejas;    38\u20ac\u00a0\/ pieaugu\u0161ais 19\u20ac\u00a0\/ b\u0113rns no 4 g.v. l\u012bdz 12 g.v. B\u0113rniem l\u012bdz 4 g.v. bez maksas. *Garant\u0113ta rezerv\u0101cija veicot priek\u0161apmaksu. Apmekl\u0113jumu iesp\u0113jams atcelt piecas dienas pirms pas\u0101kuma. Summa var tikt atgriezta tikai d\u0101vanu kartes veid\u0101.    Galda rezerv\u0101cija +371 26108359 restaurant@semarahhotels.com","og_url":"https:\/\/semarahhotels.com\/en\/product\/pirmsskolas-brancs\/","og_site_name":"Semarah Hotels","article_publisher":"https:\/\/www.facebook.com\/semarahhotels","article_modified_time":"2025-08-26T09:25:19+00:00","og_image":[{"width":1239,"height":827,"url":"https:\/\/semarahhotels.com\/wp-content\/uploads\/2025\/08\/escape_school_test-7.jpg","type":"image\/jpeg"}],"twitter_card":"summary_large_image","schema":{"@context":"https:\/\/schema.org","@graph":[{"@type":"WebPage","@id":"https:\/\/semarahhotels.com\/en\/product\/pirmsskolas-brancs\/","url":"https:\/\/semarahhotels.com\/en\/product\/pirmsskolas-brancs\/","name":"PIRMSSKOLAS BRAN\u010cS - Semarah Hotels","isPartOf":{"@id":"https:\/\/semarahhotels.com\/en\/#website"},"primaryImageOfPage":{"@id":"https:\/\/semarahhotels.com\/en\/product\/pirmsskolas-brancs\/#primaryimage"},"image":{"@id":"https:\/\/semarahhotels.com\/en\/product\/pirmsskolas-brancs\/#primaryimage"},"thumbnailUrl":"https:\/\/semarahhotels.com\/wp-content\/uploads\/2025\/08\/escape_school_test-7.jpg","datePublished":"2025-08-26T09:22:49+00:00","dateModified":"2025-08-26T09:25:19+00:00","breadcrumb":{"@id":"https:\/\/semarahhotels.com\/en\/product\/pirmsskolas-brancs\/#breadcrumb"},"inLanguage":"en-US","potentialAction":[{"@type":"ReadAction","target":["https:\/\/semarahhotels.com\/en\/product\/pirmsskolas-brancs\/"]}]},{"@type":"ImageObject","inLanguage":"en-US","@id":"https:\/\/semarahhotels.com\/en\/product\/pirmsskolas-brancs\/#primaryimage","url":"https:\/\/semarahhotels.com\/wp-content\/uploads\/2025\/08\/escape_school_test-7.jpg","contentUrl":"https:\/\/semarahhotels.com\/wp-content\/uploads\/2025\/08\/escape_school_test-7.jpg","width":1239,"height":827},{"@type":"BreadcrumbList","@id":"https:\/\/semarahhotels.com\/en\/product\/pirmsskolas-brancs\/#breadcrumb","itemListElement":[{"@type":"ListItem","position":1,"name":"Home","item":"https:\/\/semarahhotels.com\/en\/"},{"@type":"ListItem","position":2,"name":"Shop","item":"https:\/\/semarahhotels.com\/shop\/"},{"@type":"ListItem","position":3,"name":"PIRMSSKOLAS BRAN\u010cS"}]},{"@type":"WebSite","@id":"https:\/\/semarahhotels.com\/en\/#website","url":"https:\/\/semarahhotels.com\/en\/","name":"Semarah Hotels","description":"Semarah","potentialAction":[{"@type":"SearchAction","target":{"@type":"EntryPoint","urlTemplate":"https:\/\/semarahhotels.com\/en\/?s={search_term_string}"},"query-input":{"@type":"PropertyValueSpecification","valueRequired":true,"valueName":"search_term_string"}}],"inLanguage":"en-US"}]}},"_links":{"self":[{"href":"https:\/\/semarahhotels.com\/en\/wp-json\/wp\/v2\/product\/65158","targetHints":{"allow":["GET"]}}],"collection":[{"href":"https:\/\/semarahhotels.com\/en\/wp-json\/wp\/v2\/product"}],"about":[{"href":"https:\/\/semarahhotels.com\/en\/wp-json\/wp\/v2\/types\/product"}],"wp:featuredmedia":[{"embeddable":true,"href":"https:\/\/semarahhotels.com\/en\/wp-json\/wp\/v2\/media\/64884"}],"wp:attachment":[{"href":"https:\/\/semarahhotels.com\/en\/wp-json\/wp\/v2\/media?parent=65158"}],"wp:term":[{"taxonomy":"product_brand","embeddable":true,"href":"https:\/\/semarahhotels.com\/en\/wp-json\/wp\/v2\/product_brand?post=65158"},{"taxonomy":"product_cat","embeddable":true,"href":"https:\/\/semarahhotels.com\/en\/wp-json\/wp\/v2\/product_cat?post=65158"},{"taxonomy":"product_tag","embeddable":true,"href":"https:\/\/semarahhotels.com\/en\/wp-json\/wp\/v2\/product_tag?post=65158"}],"curies":[{"name":"wp","href":"https:\/\/api.w.org\/{rel}","templated":true}]}}