{"id":65106,"date":"2024-12-02T13:59:04","date_gmt":"2024-12-02T13:59:04","guid":{"rendered":"https:\/\/semarahhotels.com\/product\/gift-card-test-offer-spa-for-2-person\/"},"modified":"2025-08-20T12:10:13","modified_gmt":"2025-08-20T12:10:13","slug":"gift-card-test-offer-spa-for-2-person","status":"publish","type":"product","link":"https:\/\/semarahhotels.com\/en\/product\/gift-card-test-offer-spa-for-2-person\/","title":{"rendered":"Gift Card Test Offer &#8220;Spa for 2 person&#8221;"},"content":{"rendered":"<style>\r\n    #pwgc-balance-container {\r\n        text-align: center;\r\n    }\r\n\r\n    #pwgc-balance-title {\r\n        font-size: 150%;\r\n        margin-bottom: 16px;\r\n    }\r\n\r\n    #pwgc-balance-error {\r\n        color: red;\r\n        font-weight: 600;\r\n    }\r\n\r\n    #pwgc-balance-message {\r\n        color: blue;\r\n        font-weight: 600;\r\n    }\r\n\r\n    #pwgc-balance-amount-value {\r\n        font-size: 200%;\r\n        font-weight: 600;\r\n        color: #329926;\r\n    }\r\n\r\n    #pwgc-balance-expiration-date-container {\r\n        font-size: 80%;\r\n        color: #999999;\r\n        display: none;\r\n    }\r\n\r\n    #pwgc-balance-number-container {\r\n        text-align: center;\r\n        margin: 32px auto;\r\n    }\r\n\r\n    #pwgc-balance-number {\r\n        width: 300px;\r\n        margin-bottom: 10px;\r\n        display: inline-block;\r\n    }\r\n\r\n    #pwgc-balance-reload, #pwgc-manual-debit {\r\n        display: none;\r\n    }\r\n\r\n    #pwgc-balance-activity {\r\n        margin-top: 24px;\r\n        overflow-x: auto;\r\n    }\r\n\r\n    #pwgc-balance-buttons {\r\n        margin-top: 24px;\r\n    }\r\n\r\n<\/style>\r\n<form id=\"pwgc-balance-form\">\r\n<div id=\"pwgc-balance-container\">\r\n                <i class=\"fas fa-gift fa-7x\"><\/i>\r\n                <div id=\"pwgc-balance-title\">Check Gift Card Balance<\/div>\r\n\r\n    <div id=\"pwgc-balance-number-container\">\r\n        <input type=\"text\" id=\"pwgc-balance-number\" name=\"card_number\" autocomplete=\"off\" placeholder=\"Gift Card Number\" value=\"\" required>\r\n        <input type=\"submit\" id=\"pwgc-balance-button\" value=\"Check Balance\">\r\n    <\/div>\r\n\r\n    <div id=\"pwgc-balance-error\"><\/div>\r\n    <div id=\"pwgc-balance-message\"><\/div>\r\n    <div id=\"pwgc-balance-amount\"><\/div>\r\n\r\n                <div id=\"pwgc-balance-expiration-date-container\">\r\n                Expires <span id=\"pwgc-balance-expiration-date\"><\/span>\r\n            <\/div>\r\n                <div id=\"pwgc-balance-buttons\">\r\n                            <input type=\"button\" id=\"pwgc-balance-reload\" data-url=\"https:\/\/semarahhotels.com\/en\/product\/latvijas-spa-rituals\/\" data-card-number=\"\" value=\"Add more funds to this gift card.\">\r\n                        <\/div>\r\n\r\n    \r\n<\/div>\r\n<\/form>\r\n\n<ul>\n<li>Izmitin\u0101\u0161ana dizaina\u00a0numur\u0101<\/li>\n<li>Gard\u0113\u017eu brokastis<\/li>\n<li>Gl\u0101ze v\u012bna katram (sarkanais, baltais vai dzirksto\u0161ais)<\/li>\n<li>3 \u0113dienu vakari\u0146as<\/li>\n<li>Wellness centra un trena\u017eieru z\u0101les apmekl\u0113jums<\/li>\n<li>Numura iesp\u0113jas \u2013 peldm\u0113telis un \u010d\u012bbas, kafijas un t\u0113jas pagatavo\u0161ana, \u016bdens<\/li>\n<li>V\u0113l\u0101 izbrauk\u0161ana l\u012bdz plkst. 14:00<\/li>\n<\/ul>\n<p>&nbsp;<\/p>\n<p><strong>285 \u0404 \/ nakts,\u00a0<\/strong>sv\u0113tdien-ceturtdien<br \/>\n<strong>315 \u0404 \/ nakts,\u00a0<\/strong>piektdien \u2013 sestdien<\/p>\n<p>&nbsp;<\/p>\n<p>Pied\u0101v\u0101jums sp\u0113k\u0101 l\u012bdz 30.09.2024.<\/p>\n<p>Pied\u0101v\u0101jums pieejams atkar\u012bb\u0101 numuru pieejam\u012bbas. Oblig\u0101ta iepriek\u0161\u0113ja rezerv\u0101cija vismaz dienu pirms iera\u0161an\u0101s.<\/p>\n<p>&nbsp;<\/p>\n<p><strong>3 \u0112DIENU VAKARI\u0145AS<\/strong><\/p>\n<p><strong>UZKODA<\/strong><\/p>\n<p><strong>BAKLA\u017d\u0100NI<br \/>\n<\/strong>Miso-tofu siera kr\u0113ms, d\u0101rze\u0146u \u017eulj\u0113ns,<br \/>\npikant\u0101 glaz\u016bra, sezama s\u0113klas<\/p>\n<p>vai<\/p>\n<p><strong>CEPTS FRANCIJAS CAMAMBERT SIERS<br \/>\n<\/strong>j\u0101\u0146ogu-s\u012bpolu \u010datnijs,<br \/>\nmaz\u0101 fran\u010du bagete, ogas<\/p>\n<p>vai<\/p>\n<p><strong>BROKO\u013bU \u2013 ZIEDK\u0100POSTU KR\u0112MZUPA<br \/>\n<\/strong>kazas siers, lazdu rieksti, za\u013cumu e\u013c\u013ca<\/p>\n<p>&nbsp;<\/p>\n<p><strong>PAMAT\u0112DIENI<\/strong><\/p>\n<p><strong>LA\u0160A FILEJA<br \/>\n<\/strong>jaunie kartupe\u013ci, kale k\u0101posts,<br \/>\nEdamame pupas, fore\u013cu ikri,\u00a0glieme\u0146u-safr\u0101na m\u0113rce<\/p>\n<p>vai<\/p>\n<p><strong>LIELLOPA GA\u013bAS SIERA BURGERS<br \/>\n<\/strong>trife\u013cu fr\u012b kartupe\u013ci,<br \/>\n\u0137iploku aioli, bekons, BBQ m\u0113rce<\/p>\n<p>vai<\/p>\n<p><strong>LINGUINE<br \/>\n<\/strong>ceptas s\u0113nes, spin\u0101ti,<br \/>\ntrife\u013cu m\u0113rce, cietais siers,\u00a0\u0137ir\u0161u tom\u0101ti<\/p>\n<p><strong><br \/>\nDESERTS<\/strong><\/p>\n<p><strong>OL\u012aVE\u013b\u013bAS K\u016aKA<br \/>\n<\/strong>polenta, citrons, mellenes,<br \/>\nkardamona sald\u0113jums<\/p>\n<p>vai<\/p>\n<p><strong>BRIL\u0112 KR\u0112MS<br \/>\n<\/strong>pasifloras auglis, karamele, bez\u0113 cepumi<\/p>\n<p><strong><br \/>\nDZ\u0112RIENI<br \/>\n<\/strong>atv\u0113sin\u0101ts neg\u0101z\u0113ts \u016bdens,<br \/>\nkafija vai t\u0113ja<\/p>\n","protected":false},"excerpt":{"rendered":"<p>Izmitin\u0101\u0161ana dizaina\u00a0numur\u0101 Gard\u0113\u017eu brokastis Gl\u0101ze v\u012bna katram (sarkanais, baltais vai dzirksto\u0161ais) 3 \u0113dienu vakari\u0146as Wellness centra un trena\u017eieru z\u0101les apmekl\u0113jums Numura iesp\u0113jas \u2013 peldm\u0113telis un \u010d\u012bbas, kafijas un t\u0113jas pagatavo\u0161ana, \u016bdens V\u0113l\u0101 izbrauk\u0161ana l\u012bdz plkst. 14:00 &nbsp; 285 \u0404 \/ nakts,\u00a0sv\u0113tdien-ceturtdien 315 \u0404 \/ nakts,\u00a0piektdien \u2013 sestdien &nbsp; Pied\u0101v\u0101jums sp\u0113k\u0101 l\u012bdz 30.09.2024. Pied\u0101v\u0101jums pieejams atkar\u012bb\u0101[&#8230;]\n","protected":false},"featured_media":60225,"template":"","meta":{"_acf_changed":false,"inline_featured_image":false},"product_brand":[],"product_cat":[119],"product_tag":[],"class_list":{"0":"post-65106","1":"product","2":"type-product","3":"status-publish","4":"has-post-thumbnail","6":"product_cat-uncategorized-lv","8":"first","9":"instock","10":"purchasable","11":"product-type-pw-gift-card"},"acf":[],"yoast_head":"<!-- This site is optimized with the Yoast SEO plugin v26.2 - https:\/\/yoast.com\/wordpress\/plugins\/seo\/ -->\n<title>Gift Card Test Offer &quot;Spa for 2 person&quot; - Semarah Hotels<\/title>\n<meta name=\"robots\" content=\"index, follow, max-snippet:-1, max-image-preview:large, max-video-preview:-1\" \/>\n<link rel=\"canonical\" href=\"https:\/\/semarahhotels.com\/en\/product\/gift-card-test-offer-spa-for-2-person\/\" \/>\n<meta property=\"og:locale\" content=\"en_US\" \/>\n<meta property=\"og:type\" content=\"article\" \/>\n<meta property=\"og:title\" content=\"Gift Card Test Offer &quot;Spa for 2 person&quot; - Semarah Hotels\" \/>\n<meta property=\"og:description\" content=\"Izmitin\u0101\u0161ana dizaina\u00a0numur\u0101 Gard\u0113\u017eu brokastis Gl\u0101ze v\u012bna katram (sarkanais, baltais vai dzirksto\u0161ais) 3 \u0113dienu vakari\u0146as Wellness centra un trena\u017eieru z\u0101les apmekl\u0113jums Numura iesp\u0113jas \u2013 peldm\u0113telis un \u010d\u012bbas, kafijas un t\u0113jas pagatavo\u0161ana, \u016bdens V\u0113l\u0101 izbrauk\u0161ana l\u012bdz plkst. 14:00 &nbsp; 285 \u0404 \/ nakts,\u00a0sv\u0113tdien-ceturtdien 315 \u0404 \/ nakts,\u00a0piektdien \u2013 sestdien &nbsp; Pied\u0101v\u0101jums sp\u0113k\u0101 l\u012bdz 30.09.2024. Pied\u0101v\u0101jums pieejams atkar\u012bb\u0101[...]\" \/>\n<meta property=\"og:url\" content=\"https:\/\/semarahhotels.com\/en\/product\/gift-card-test-offer-spa-for-2-person\/\" \/>\n<meta property=\"og:site_name\" content=\"Semarah Hotels\" \/>\n<meta property=\"article:publisher\" content=\"https:\/\/www.facebook.com\/semarahhotels\" \/>\n<meta property=\"article:modified_time\" content=\"2025-08-20T12:10:13+00:00\" \/>\n<meta property=\"og:image\" content=\"https:\/\/semarahhotels.com\/wp-content\/uploads\/2024\/12\/pw-gift-card.png\" \/>\n\t<meta property=\"og:image:width\" content=\"512\" \/>\n\t<meta property=\"og:image:height\" content=\"512\" \/>\n\t<meta property=\"og:image:type\" content=\"image\/png\" \/>\n<meta name=\"twitter:card\" content=\"summary_large_image\" \/>\n<script type=\"application\/ld+json\" class=\"yoast-schema-graph\">{\"@context\":\"https:\/\/schema.org\",\"@graph\":[{\"@type\":\"WebPage\",\"@id\":\"https:\/\/semarahhotels.com\/en\/product\/gift-card-test-offer-spa-for-2-person\/\",\"url\":\"https:\/\/semarahhotels.com\/en\/product\/gift-card-test-offer-spa-for-2-person\/\",\"name\":\"Gift Card Test Offer \\\"Spa for 2 person\\\" - Semarah Hotels\",\"isPartOf\":{\"@id\":\"https:\/\/semarahhotels.com\/en\/#website\"},\"primaryImageOfPage\":{\"@id\":\"https:\/\/semarahhotels.com\/en\/product\/gift-card-test-offer-spa-for-2-person\/#primaryimage\"},\"image\":{\"@id\":\"https:\/\/semarahhotels.com\/en\/product\/gift-card-test-offer-spa-for-2-person\/#primaryimage\"},\"thumbnailUrl\":\"https:\/\/semarahhotels.com\/wp-content\/uploads\/2024\/12\/pw-gift-card.png\",\"datePublished\":\"2024-12-02T13:59:04+00:00\",\"dateModified\":\"2025-08-20T12:10:13+00:00\",\"breadcrumb\":{\"@id\":\"https:\/\/semarahhotels.com\/en\/product\/gift-card-test-offer-spa-for-2-person\/#breadcrumb\"},\"inLanguage\":\"en-US\",\"potentialAction\":[{\"@type\":\"ReadAction\",\"target\":[\"https:\/\/semarahhotels.com\/en\/product\/gift-card-test-offer-spa-for-2-person\/\"]}]},{\"@type\":\"ImageObject\",\"inLanguage\":\"en-US\",\"@id\":\"https:\/\/semarahhotels.com\/en\/product\/gift-card-test-offer-spa-for-2-person\/#primaryimage\",\"url\":\"https:\/\/semarahhotels.com\/wp-content\/uploads\/2024\/12\/pw-gift-card.png\",\"contentUrl\":\"https:\/\/semarahhotels.com\/wp-content\/uploads\/2024\/12\/pw-gift-card.png\",\"width\":512,\"height\":512},{\"@type\":\"BreadcrumbList\",\"@id\":\"https:\/\/semarahhotels.com\/en\/product\/gift-card-test-offer-spa-for-2-person\/#breadcrumb\",\"itemListElement\":[{\"@type\":\"ListItem\",\"position\":1,\"name\":\"Home\",\"item\":\"https:\/\/semarahhotels.com\/en\/\"},{\"@type\":\"ListItem\",\"position\":2,\"name\":\"Shop\",\"item\":\"https:\/\/semarahhotels.com\/shop\/\"},{\"@type\":\"ListItem\",\"position\":3,\"name\":\"Gift Card Test Offer &#8220;Spa for 2 person&#8221;\"}]},{\"@type\":\"WebSite\",\"@id\":\"https:\/\/semarahhotels.com\/en\/#website\",\"url\":\"https:\/\/semarahhotels.com\/en\/\",\"name\":\"Semarah Hotels\",\"description\":\"Semarah\",\"potentialAction\":[{\"@type\":\"SearchAction\",\"target\":{\"@type\":\"EntryPoint\",\"urlTemplate\":\"https:\/\/semarahhotels.com\/en\/?s={search_term_string}\"},\"query-input\":{\"@type\":\"PropertyValueSpecification\",\"valueRequired\":true,\"valueName\":\"search_term_string\"}}],\"inLanguage\":\"en-US\"}]}<\/script>\n<!-- \/ Yoast SEO plugin. -->","yoast_head_json":{"title":"Gift Card Test Offer \"Spa for 2 person\" - Semarah Hotels","robots":{"index":"index","follow":"follow","max-snippet":"max-snippet:-1","max-image-preview":"max-image-preview:large","max-video-preview":"max-video-preview:-1"},"canonical":"https:\/\/semarahhotels.com\/en\/product\/gift-card-test-offer-spa-for-2-person\/","og_locale":"en_US","og_type":"article","og_title":"Gift Card Test Offer \"Spa for 2 person\" - Semarah Hotels","og_description":"Izmitin\u0101\u0161ana dizaina\u00a0numur\u0101 Gard\u0113\u017eu brokastis Gl\u0101ze v\u012bna katram (sarkanais, baltais vai dzirksto\u0161ais) 3 \u0113dienu vakari\u0146as Wellness centra un trena\u017eieru z\u0101les apmekl\u0113jums Numura iesp\u0113jas \u2013 peldm\u0113telis un \u010d\u012bbas, kafijas un t\u0113jas pagatavo\u0161ana, \u016bdens V\u0113l\u0101 izbrauk\u0161ana l\u012bdz plkst. 14:00 &nbsp; 285 \u0404 \/ nakts,\u00a0sv\u0113tdien-ceturtdien 315 \u0404 \/ nakts,\u00a0piektdien \u2013 sestdien &nbsp; Pied\u0101v\u0101jums sp\u0113k\u0101 l\u012bdz 30.09.2024. Pied\u0101v\u0101jums pieejams atkar\u012bb\u0101[...]","og_url":"https:\/\/semarahhotels.com\/en\/product\/gift-card-test-offer-spa-for-2-person\/","og_site_name":"Semarah Hotels","article_publisher":"https:\/\/www.facebook.com\/semarahhotels","article_modified_time":"2025-08-20T12:10:13+00:00","og_image":[{"width":512,"height":512,"url":"https:\/\/semarahhotels.com\/wp-content\/uploads\/2024\/12\/pw-gift-card.png","type":"image\/png"}],"twitter_card":"summary_large_image","schema":{"@context":"https:\/\/schema.org","@graph":[{"@type":"WebPage","@id":"https:\/\/semarahhotels.com\/en\/product\/gift-card-test-offer-spa-for-2-person\/","url":"https:\/\/semarahhotels.com\/en\/product\/gift-card-test-offer-spa-for-2-person\/","name":"Gift Card Test Offer \"Spa for 2 person\" - Semarah Hotels","isPartOf":{"@id":"https:\/\/semarahhotels.com\/en\/#website"},"primaryImageOfPage":{"@id":"https:\/\/semarahhotels.com\/en\/product\/gift-card-test-offer-spa-for-2-person\/#primaryimage"},"image":{"@id":"https:\/\/semarahhotels.com\/en\/product\/gift-card-test-offer-spa-for-2-person\/#primaryimage"},"thumbnailUrl":"https:\/\/semarahhotels.com\/wp-content\/uploads\/2024\/12\/pw-gift-card.png","datePublished":"2024-12-02T13:59:04+00:00","dateModified":"2025-08-20T12:10:13+00:00","breadcrumb":{"@id":"https:\/\/semarahhotels.com\/en\/product\/gift-card-test-offer-spa-for-2-person\/#breadcrumb"},"inLanguage":"en-US","potentialAction":[{"@type":"ReadAction","target":["https:\/\/semarahhotels.com\/en\/product\/gift-card-test-offer-spa-for-2-person\/"]}]},{"@type":"ImageObject","inLanguage":"en-US","@id":"https:\/\/semarahhotels.com\/en\/product\/gift-card-test-offer-spa-for-2-person\/#primaryimage","url":"https:\/\/semarahhotels.com\/wp-content\/uploads\/2024\/12\/pw-gift-card.png","contentUrl":"https:\/\/semarahhotels.com\/wp-content\/uploads\/2024\/12\/pw-gift-card.png","width":512,"height":512},{"@type":"BreadcrumbList","@id":"https:\/\/semarahhotels.com\/en\/product\/gift-card-test-offer-spa-for-2-person\/#breadcrumb","itemListElement":[{"@type":"ListItem","position":1,"name":"Home","item":"https:\/\/semarahhotels.com\/en\/"},{"@type":"ListItem","position":2,"name":"Shop","item":"https:\/\/semarahhotels.com\/shop\/"},{"@type":"ListItem","position":3,"name":"Gift Card Test Offer &#8220;Spa for 2 person&#8221;"}]},{"@type":"WebSite","@id":"https:\/\/semarahhotels.com\/en\/#website","url":"https:\/\/semarahhotels.com\/en\/","name":"Semarah Hotels","description":"Semarah","potentialAction":[{"@type":"SearchAction","target":{"@type":"EntryPoint","urlTemplate":"https:\/\/semarahhotels.com\/en\/?s={search_term_string}"},"query-input":{"@type":"PropertyValueSpecification","valueRequired":true,"valueName":"search_term_string"}}],"inLanguage":"en-US"}]}},"_links":{"self":[{"href":"https:\/\/semarahhotels.com\/en\/wp-json\/wp\/v2\/product\/65106","targetHints":{"allow":["GET"]}}],"collection":[{"href":"https:\/\/semarahhotels.com\/en\/wp-json\/wp\/v2\/product"}],"about":[{"href":"https:\/\/semarahhotels.com\/en\/wp-json\/wp\/v2\/types\/product"}],"wp:featuredmedia":[{"embeddable":true,"href":"https:\/\/semarahhotels.com\/en\/wp-json\/wp\/v2\/media\/60225"}],"wp:attachment":[{"href":"https:\/\/semarahhotels.com\/en\/wp-json\/wp\/v2\/media?parent=65106"}],"wp:term":[{"taxonomy":"product_brand","embeddable":true,"href":"https:\/\/semarahhotels.com\/en\/wp-json\/wp\/v2\/product_brand?post=65106"},{"taxonomy":"product_cat","embeddable":true,"href":"https:\/\/semarahhotels.com\/en\/wp-json\/wp\/v2\/product_cat?post=65106"},{"taxonomy":"product_tag","embeddable":true,"href":"https:\/\/semarahhotels.com\/en\/wp-json\/wp\/v2\/product_tag?post=65106"}],"curies":[{"name":"wp","href":"https:\/\/api.w.org\/{rel}","templated":true}]}}