{"id":65101,"date":"2025-09-11T13:12:19","date_gmt":"2025-09-11T10:12:19","guid":{"rendered":"https:\/\/semarahhotels.com\/?post_type=product&#038;p=65101"},"modified":"2025-09-11T13:12:19","modified_gmt":"2025-09-11T10:12:19","slug":"atputa-divata-copy","status":"publish","type":"product","link":"https:\/\/semarahhotels.com\/en\/product\/atputa-divata-copy\/","title":{"rendered":"Atp\u016bta divat\u0101 &#8212; Copy"},"content":{"rendered":"<p style=\"text-align: center\"><span style=\"font-size: 10pt\"><strong>\u012apa\u0161ie pied\u0101v\u0101jumi pieejami ieg\u0101dei no 07.02. l\u012bdz 09.02.<br \/>\n<\/strong><strong>atp\u016btai l\u012bdz 3<\/strong><strong>1<\/strong><strong>.<\/strong><strong>05<\/strong><strong>.2025.<\/strong><strong><br \/>\n<\/strong>rezerv\u0113jot m\u0101jaslap\u0101 ar promokodu <span style=\"color: #00a7be\"><strong>BLT25<\/strong><\/span><\/span><\/p>\n<p style=\"text-align: center\"><span style=\"font-size: 12pt\"><strong>ATP\u016aTA DIVIEM<\/strong><\/span><\/p>\n<p><span style=\"font-size: 10pt\"><strong>Pied\u0101v\u0101jum\u0101 iek\u013cauts:<\/strong><\/span><\/p>\n<ul>\n<li style=\"list-style-type: none\">\n<ul>\n<li><span style=\"font-size: 10pt\"><strong>Izmitin\u0101\u0161ana<\/strong> m\u0101j\u012bg\u0101 Standard numur\u0101<\/span><\/li>\n<li><strong><span style=\"font-size: 10pt\">Nesteidz\u012bgas r\u012bta brokastis<\/span><\/strong><\/li>\n<li><span style=\"font-size: 10pt\"><strong>Wellness centra* apmekl\u0113jums<\/strong>, 1.5h<\/span><\/li>\n<li><span style=\"font-size: 10pt\"><strong>V\u0113l\u0101 izbrauk\u0161ana<\/strong> l\u012bdz plkst.14.00 p\u0113c pieejam\u012bbas<\/span><\/li>\n<li><strong><span style=\"font-size: 10pt\">Elast\u012bga p\u0101rcel\u0161anas un atcel\u0161anas politika\u00a0<\/span><\/strong><\/li>\n<\/ul>\n<\/li>\n<\/ul>\n<p><span style=\"font-size: 12pt\"><strong>75\u20ac <span style=\"font-size: 10pt\">\/nakts<\/span>\u00a0<\/strong><span style=\"font-size: 10pt\">sv\u0113tdiena \u2013 ceturtdiena<\/span><strong><br \/>\n100\u20ac <span style=\"font-size: 10pt\">\/nakts<\/span>\u00a0<\/strong><span style=\"font-size: 10pt\">piektdiena \u2013 sestdiena<\/span><\/span><\/p>\n<p><span style=\"font-size: 10pt\"><em>\u00a0<\/em><\/span><\/p>\n<p>&nbsp;<\/p>\n<p style=\"text-align: center\"><span style=\"font-size: 12pt\"><strong>ATP\u016aTA DIVIEM AR VAKARI\u0145\u0100M IT\u0100\u013bU GAUM\u0112<\/strong><\/span><\/p>\n<p style=\"text-align: left\"><span style=\"font-size: 10pt\"><strong>Pied\u0101v\u0101jum\u0101 iek\u013cauts:<\/strong><\/span><\/p>\n<ul>\n<li style=\"list-style-type: none\">\n<ul style=\"text-align: left\">\n<li><span style=\"font-size: 10pt\"><strong>Izmitin\u0101\u0161ana<\/strong> m\u0101j\u012bg\u0101 Standard numur\u0101<\/span><\/li>\n<li><span style=\"font-size: 10pt\"><strong>Nesteidz\u012bgas r\u012bta brokastis<\/strong><\/span><\/li>\n<li><span style=\"font-size: 10pt\"><strong>Wellness centra* apmekl\u0113jums<\/strong>, 1.5h<\/span><\/li>\n<li><span style=\"font-size: 10pt\"><span style=\"color: #000000\"><strong>Vakari\u0146as<\/strong> \u2013 divas 30cm<\/span> picas un gl\u0101ze v\u012bna katram (dzirksto\u0161ais v\u012bns, baltv\u012bns vai sarkanv\u012bns)<\/span><\/li>\n<li><span style=\"font-size: 10pt\"><strong>V\u0113l\u0101 izbrauk\u0161ana<\/strong> l\u012bdz plkst.14.00 p\u0113c pieejam\u012bbas<\/span><\/li>\n<li><span style=\"font-size: 10pt\"><strong>Elast\u012bga p\u0101rcel\u0161anas un atcel\u0161anas politika<\/strong><\/span><\/li>\n<\/ul>\n<\/li>\n<\/ul>\n<p style=\"text-align: left\"><span style=\"font-size: 12pt\"><strong>100\u20ac<span style=\"font-size: 10pt\"> \/nakts<\/span><\/strong>\u00a0<span style=\"font-size: 10pt\">sv\u0113tdiena \u2013 ceturtdiena<\/span><\/span><br \/>\n<span style=\"font-size: 12pt\"><strong>125\u20ac <span style=\"font-size: 10pt\">\/nakts<\/span><\/strong>\u00a0<span style=\"font-size: 10pt\">piektdiena \u2013 sestdiena<\/span><\/span><\/p>\n<p>&nbsp;<\/p>\n<p><span style=\"font-size: 8pt\"><em>*Wellness centra apmekl\u0113jums vienu reizi diennakt\u012b: baseins, somu sauna, turku tvaika pirts, baseins b\u0113rniem, d\u017eakuzi, kontrasta du\u0161a, trena\u017eieru z\u0101le<\/em><\/span><br \/>\n<em><span style=\"font-size: 10pt\"><br \/>\n<\/span><\/em><\/p>\n<p>&nbsp;<\/p>\n","protected":false},"excerpt":{"rendered":"<p>Atp\u016bta divat\u0101 viesn\u012bc\u0101 Lielupe.<\/p>\n","protected":false},"featured_media":64956,"template":"","meta":{"_acf_changed":false,"inline_featured_image":false},"product_brand":[],"product_cat":[139],"product_tag":[],"class_list":{"0":"post-65101","1":"product","2":"type-product","3":"status-publish","4":"has-post-thumbnail","6":"product_cat-lielupe-hotel-kartes","8":"first","9":"outofstock","10":"shipping-taxable","11":"purchasable","12":"product-type-pw-gift-card"},"acf":[],"yoast_head":"<!-- This site is optimized with the Yoast SEO plugin v26.2 - https:\/\/yoast.com\/wordpress\/plugins\/seo\/ -->\n<title>Atp\u016bta divat\u0101 - Copy - Semarah Hotels<\/title>\n<meta name=\"robots\" content=\"index, follow, max-snippet:-1, max-image-preview:large, max-video-preview:-1\" \/>\n<link rel=\"canonical\" href=\"https:\/\/semarahhotels.com\/en\/product\/atputa-divata-copy\/\" \/>\n<meta property=\"og:locale\" content=\"en_US\" \/>\n<meta property=\"og:type\" content=\"article\" \/>\n<meta property=\"og:title\" content=\"Atp\u016bta divat\u0101 - Copy - Semarah Hotels\" \/>\n<meta property=\"og:description\" content=\"Atp\u016bta divat\u0101 viesn\u012bc\u0101 Lielupe.\" \/>\n<meta property=\"og:url\" content=\"https:\/\/semarahhotels.com\/en\/product\/atputa-divata-copy\/\" \/>\n<meta property=\"og:site_name\" content=\"Semarah Hotels\" \/>\n<meta property=\"article:publisher\" content=\"https:\/\/www.facebook.com\/semarahhotels\" \/>\n<meta property=\"og:image\" content=\"https:\/\/semarahhotels.com\/wp-content\/uploads\/2025\/08\/atputa-divata_dk-scaled.jpg\" \/>\n\t<meta property=\"og:image:width\" content=\"2560\" \/>\n\t<meta property=\"og:image:height\" content=\"1707\" \/>\n\t<meta property=\"og:image:type\" content=\"image\/jpeg\" \/>\n<meta name=\"twitter:card\" content=\"summary_large_image\" \/>\n<script type=\"application\/ld+json\" class=\"yoast-schema-graph\">{\"@context\":\"https:\/\/schema.org\",\"@graph\":[{\"@type\":\"WebPage\",\"@id\":\"https:\/\/semarahhotels.com\/en\/product\/atputa-divata-copy\/\",\"url\":\"https:\/\/semarahhotels.com\/en\/product\/atputa-divata-copy\/\",\"name\":\"Atp\u016bta divat\u0101 - Copy - Semarah Hotels\",\"isPartOf\":{\"@id\":\"https:\/\/semarahhotels.com\/en\/#website\"},\"primaryImageOfPage\":{\"@id\":\"https:\/\/semarahhotels.com\/en\/product\/atputa-divata-copy\/#primaryimage\"},\"image\":{\"@id\":\"https:\/\/semarahhotels.com\/en\/product\/atputa-divata-copy\/#primaryimage\"},\"thumbnailUrl\":\"https:\/\/semarahhotels.com\/wp-content\/uploads\/2025\/08\/atputa-divata_dk-scaled.jpg\",\"datePublished\":\"2025-09-11T10:12:19+00:00\",\"breadcrumb\":{\"@id\":\"https:\/\/semarahhotels.com\/en\/product\/atputa-divata-copy\/#breadcrumb\"},\"inLanguage\":\"en-US\",\"potentialAction\":[{\"@type\":\"ReadAction\",\"target\":[\"https:\/\/semarahhotels.com\/en\/product\/atputa-divata-copy\/\"]}]},{\"@type\":\"ImageObject\",\"inLanguage\":\"en-US\",\"@id\":\"https:\/\/semarahhotels.com\/en\/product\/atputa-divata-copy\/#primaryimage\",\"url\":\"https:\/\/semarahhotels.com\/wp-content\/uploads\/2025\/08\/atputa-divata_dk-scaled.jpg\",\"contentUrl\":\"https:\/\/semarahhotels.com\/wp-content\/uploads\/2025\/08\/atputa-divata_dk-scaled.jpg\",\"width\":2560,\"height\":1707},{\"@type\":\"BreadcrumbList\",\"@id\":\"https:\/\/semarahhotels.com\/en\/product\/atputa-divata-copy\/#breadcrumb\",\"itemListElement\":[{\"@type\":\"ListItem\",\"position\":1,\"name\":\"Home\",\"item\":\"https:\/\/semarahhotels.com\/en\/\"},{\"@type\":\"ListItem\",\"position\":2,\"name\":\"Shop\",\"item\":\"https:\/\/semarahhotels.com\/shop\/\"},{\"@type\":\"ListItem\",\"position\":3,\"name\":\"Atp\u016bta divat\u0101 &#8212; Copy\"}]},{\"@type\":\"WebSite\",\"@id\":\"https:\/\/semarahhotels.com\/en\/#website\",\"url\":\"https:\/\/semarahhotels.com\/en\/\",\"name\":\"Semarah Hotels\",\"description\":\"Semarah\",\"potentialAction\":[{\"@type\":\"SearchAction\",\"target\":{\"@type\":\"EntryPoint\",\"urlTemplate\":\"https:\/\/semarahhotels.com\/en\/?s={search_term_string}\"},\"query-input\":{\"@type\":\"PropertyValueSpecification\",\"valueRequired\":true,\"valueName\":\"search_term_string\"}}],\"inLanguage\":\"en-US\"}]}<\/script>\n<!-- \/ Yoast SEO plugin. -->","yoast_head_json":{"title":"Atp\u016bta divat\u0101 - Copy - Semarah Hotels","robots":{"index":"index","follow":"follow","max-snippet":"max-snippet:-1","max-image-preview":"max-image-preview:large","max-video-preview":"max-video-preview:-1"},"canonical":"https:\/\/semarahhotels.com\/en\/product\/atputa-divata-copy\/","og_locale":"en_US","og_type":"article","og_title":"Atp\u016bta divat\u0101 - Copy - Semarah Hotels","og_description":"Atp\u016bta divat\u0101 viesn\u012bc\u0101 Lielupe.","og_url":"https:\/\/semarahhotels.com\/en\/product\/atputa-divata-copy\/","og_site_name":"Semarah Hotels","article_publisher":"https:\/\/www.facebook.com\/semarahhotels","og_image":[{"width":2560,"height":1707,"url":"https:\/\/semarahhotels.com\/wp-content\/uploads\/2025\/08\/atputa-divata_dk-scaled.jpg","type":"image\/jpeg"}],"twitter_card":"summary_large_image","schema":{"@context":"https:\/\/schema.org","@graph":[{"@type":"WebPage","@id":"https:\/\/semarahhotels.com\/en\/product\/atputa-divata-copy\/","url":"https:\/\/semarahhotels.com\/en\/product\/atputa-divata-copy\/","name":"Atp\u016bta divat\u0101 - Copy - Semarah Hotels","isPartOf":{"@id":"https:\/\/semarahhotels.com\/en\/#website"},"primaryImageOfPage":{"@id":"https:\/\/semarahhotels.com\/en\/product\/atputa-divata-copy\/#primaryimage"},"image":{"@id":"https:\/\/semarahhotels.com\/en\/product\/atputa-divata-copy\/#primaryimage"},"thumbnailUrl":"https:\/\/semarahhotels.com\/wp-content\/uploads\/2025\/08\/atputa-divata_dk-scaled.jpg","datePublished":"2025-09-11T10:12:19+00:00","breadcrumb":{"@id":"https:\/\/semarahhotels.com\/en\/product\/atputa-divata-copy\/#breadcrumb"},"inLanguage":"en-US","potentialAction":[{"@type":"ReadAction","target":["https:\/\/semarahhotels.com\/en\/product\/atputa-divata-copy\/"]}]},{"@type":"ImageObject","inLanguage":"en-US","@id":"https:\/\/semarahhotels.com\/en\/product\/atputa-divata-copy\/#primaryimage","url":"https:\/\/semarahhotels.com\/wp-content\/uploads\/2025\/08\/atputa-divata_dk-scaled.jpg","contentUrl":"https:\/\/semarahhotels.com\/wp-content\/uploads\/2025\/08\/atputa-divata_dk-scaled.jpg","width":2560,"height":1707},{"@type":"BreadcrumbList","@id":"https:\/\/semarahhotels.com\/en\/product\/atputa-divata-copy\/#breadcrumb","itemListElement":[{"@type":"ListItem","position":1,"name":"Home","item":"https:\/\/semarahhotels.com\/en\/"},{"@type":"ListItem","position":2,"name":"Shop","item":"https:\/\/semarahhotels.com\/shop\/"},{"@type":"ListItem","position":3,"name":"Atp\u016bta divat\u0101 &#8212; Copy"}]},{"@type":"WebSite","@id":"https:\/\/semarahhotels.com\/en\/#website","url":"https:\/\/semarahhotels.com\/en\/","name":"Semarah Hotels","description":"Semarah","potentialAction":[{"@type":"SearchAction","target":{"@type":"EntryPoint","urlTemplate":"https:\/\/semarahhotels.com\/en\/?s={search_term_string}"},"query-input":{"@type":"PropertyValueSpecification","valueRequired":true,"valueName":"search_term_string"}}],"inLanguage":"en-US"}]}},"_links":{"self":[{"href":"https:\/\/semarahhotels.com\/en\/wp-json\/wp\/v2\/product\/65101","targetHints":{"allow":["GET"]}}],"collection":[{"href":"https:\/\/semarahhotels.com\/en\/wp-json\/wp\/v2\/product"}],"about":[{"href":"https:\/\/semarahhotels.com\/en\/wp-json\/wp\/v2\/types\/product"}],"wp:featuredmedia":[{"embeddable":true,"href":"https:\/\/semarahhotels.com\/en\/wp-json\/wp\/v2\/media\/64956"}],"wp:attachment":[{"href":"https:\/\/semarahhotels.com\/en\/wp-json\/wp\/v2\/media?parent=65101"}],"wp:term":[{"taxonomy":"product_brand","embeddable":true,"href":"https:\/\/semarahhotels.com\/en\/wp-json\/wp\/v2\/product_brand?post=65101"},{"taxonomy":"product_cat","embeddable":true,"href":"https:\/\/semarahhotels.com\/en\/wp-json\/wp\/v2\/product_cat?post=65101"},{"taxonomy":"product_tag","embeddable":true,"href":"https:\/\/semarahhotels.com\/en\/wp-json\/wp\/v2\/product_tag?post=65101"}],"curies":[{"name":"wp","href":"https:\/\/api.w.org\/{rel}","templated":true}]}}