{"id":64982,"date":"2025-08-08T11:59:11","date_gmt":"2025-08-08T11:59:11","guid":{"rendered":"https:\/\/semarahhotels.com\/?post_type=product&#038;p=64982"},"modified":"2025-08-20T18:44:14","modified_gmt":"2025-08-20T18:44:14","slug":"atputa-gimenei","status":"publish","type":"product","link":"https:\/\/semarahhotels.com\/en\/product\/atputa-gimenei\/","title":{"rendered":"ATP\u016aTA \u0122IMENEI"},"content":{"rendered":"<p style=\"text-align: center;\"><span style=\"font-size: 12pt;\"><strong>ATP\u016aTA \u0122IMENEI<\/strong><\/span><\/p>\n<p style=\"text-align: left;\"><span style=\"font-size: 10pt;\"><strong>Pied\u0101v\u0101jum\u0101 iek\u013cauts:<\/strong><\/span><\/p>\n<ul style=\"text-align: left;\">\n<li><span style=\"font-size: 10pt;\"><strong>Izmitin\u0101\u0161ana <\/strong>m\u0101j\u012bg\u0101 \u0123imenes numur\u0101*<\/span><\/li>\n<li><span style=\"font-size: 10pt;\"><strong>Nesteidz\u012bgas r\u012bta brokastis<\/strong><\/span><\/li>\n<li><span style=\"font-size: 10pt;\"><strong>Wellness centra<\/strong>**<strong> apmekl\u0113jums<\/strong>, 1.5h<\/span><\/li>\n<li><span style=\"font-size: 10pt;\"><strong><span style=\"color: #00a7be;\"><span style=\"color: #000000;\">NEIEROBE\u017dOTS<\/span><\/span><\/strong><\/span><span style=\"font-size: 10pt;\"><strong>\u00a0B\u0113rnu kluba apmekl\u0113jums<\/strong>***<\/span><\/li>\n<li><span style=\"font-size: 10pt;\"><strong>V\u0113l\u0101 izbrauk\u0161ana<\/strong> l\u012bdz plkst.14.00 p\u0113c pieejam\u012bbas<\/span><\/li>\n<li><span style=\"font-size: 10pt;\"><strong>Elast\u012bga p\u0101rcel\u0161anas un atcel\u0161anas politika<\/strong><\/span><\/li>\n<\/ul>\n<p style=\"text-align: left;\"><span style=\"font-size: 10pt;\"><span style=\"text-decoration: underline;\">2 pieaugu\u0161ie + 1 b\u0113rns* <\/span><strong><span style=\"text-decoration: underline;\">FAMILY <\/span><\/strong><span style=\"text-decoration: underline;\">numur\u0101<\/span><\/span><strong><br \/>\n<\/strong><span style=\"font-size: 10pt;\"><span style=\"font-size: 12pt;\"><strong>100<\/strong><strong>\u20ac <\/strong><strong>\/nakts<\/strong><\/span> sv\u0113tdiena \u2013 ceturtdiena<\/span><br \/>\n<span style=\"font-size: 10pt;\"><span style=\"font-size: 12pt;\"><strong>1<\/strong><strong>25<\/strong><strong>\u20ac <\/strong><strong>\/nakts<\/strong><\/span> piektdiena \u2013 sestdiena<\/span><\/p>\n<p style=\"text-align: left;\"><span style=\"font-size: 10pt;\"><span style=\"text-decoration: underline;\">2 pieaugu\u0161ie + 2 b\u0113rni* <\/span><strong><span style=\"text-decoration: underline;\">FAMILY CLUB <\/span><\/strong><span style=\"text-decoration: underline;\">numur\u0101<\/span><\/span><strong><br \/>\n<\/strong><span style=\"font-size: 10pt;\"><span style=\"font-size: 12pt;\"><strong>135<\/strong><strong>\u20ac <\/strong><strong>\/nakts<\/strong> <\/span>sv\u0113tdiena \u2013 ceturtdiena<\/span><br \/>\n<span style=\"font-size: 10pt;\"><span style=\"font-size: 12pt;\"><strong>160<\/strong><strong>\u20ac <\/strong><strong>\/nakts<\/strong><\/span> piektdiena \u2013 sestdiena<strong>\u00a0<\/strong><\/span><\/p>\n<p style=\"text-align: left;\"><span style=\"font-size: 10pt;\"><span style=\"text-decoration: underline;\">2 pieaugu\u0161ie + 3 b\u0113rni* <\/span><strong><span style=\"text-decoration: underline;\">FAMILY CLUB PLUS<\/span><\/strong><span style=\"text-decoration: underline;\"> numur\u0101<\/span><\/span><strong><br \/>\n<\/strong><span style=\"font-size: 10pt;\"><span style=\"font-size: 12pt;\"><strong>160<\/strong><strong>\u20ac <\/strong><strong>\/nakts<\/strong><\/span> sv\u0113tdiena \u2013 ceturtdiena<\/span><br \/>\n<span style=\"font-size: 10pt;\"><span style=\"font-size: 12pt;\"><strong>185<\/strong><strong>\u20ac <\/strong><strong>\/nakts<\/strong><\/span> piektdiena \u2013 sestdiena<\/span><\/p>\n","protected":false},"excerpt":{"rendered":"<p>Atp\u016bta visiem kop\u0101! \u0122iemenei no 1 l\u012bdz pat 3 b\u0113rniem.<br \/>\nKOP\u0100 JAUTR\u0100K.<\/p>\n","protected":false},"featured_media":64961,"template":"","meta":{"_acf_changed":false,"inline_featured_image":false},"product_brand":[],"product_cat":[139,119],"product_tag":[],"class_list":{"0":"post-64982","1":"product","2":"type-product","3":"status-publish","4":"has-post-thumbnail","6":"product_cat-lielupe-hotel-kartes","7":"product_cat-uncategorized-lv","9":"first","10":"instock","11":"shipping-taxable","12":"purchasable","13":"product-type-pw-gift-card"},"acf":[],"yoast_head":"<!-- This site is optimized with the Yoast SEO plugin v26.2 - https:\/\/yoast.com\/wordpress\/plugins\/seo\/ -->\n<title>ATP\u016aTA \u0122IMENEI - Semarah Hotels<\/title>\n<meta name=\"robots\" content=\"index, follow, max-snippet:-1, max-image-preview:large, max-video-preview:-1\" \/>\n<link rel=\"canonical\" href=\"https:\/\/semarahhotels.com\/en\/product\/atputa-gimenei\/\" \/>\n<meta property=\"og:locale\" content=\"en_US\" \/>\n<meta property=\"og:type\" content=\"article\" \/>\n<meta property=\"og:title\" content=\"ATP\u016aTA \u0122IMENEI - Semarah Hotels\" \/>\n<meta property=\"og:description\" content=\"Atp\u016bta visiem kop\u0101! \u0122iemenei no 1 l\u012bdz pat 3 b\u0113rniem. KOP\u0100 JAUTR\u0100K.\" \/>\n<meta property=\"og:url\" content=\"https:\/\/semarahhotels.com\/en\/product\/atputa-gimenei\/\" \/>\n<meta property=\"og:site_name\" content=\"Semarah Hotels\" \/>\n<meta property=\"article:publisher\" content=\"https:\/\/www.facebook.com\/semarahhotels\" \/>\n<meta property=\"article:modified_time\" content=\"2025-08-20T18:44:14+00:00\" \/>\n<meta property=\"og:image\" content=\"https:\/\/semarahhotels.com\/wp-content\/uploads\/2025\/08\/gimenes-atputa_dk-scaled.jpg\" \/>\n\t<meta property=\"og:image:width\" content=\"2560\" \/>\n\t<meta property=\"og:image:height\" content=\"1707\" \/>\n\t<meta property=\"og:image:type\" content=\"image\/jpeg\" \/>\n<meta name=\"twitter:card\" content=\"summary_large_image\" \/>\n<script type=\"application\/ld+json\" class=\"yoast-schema-graph\">{\"@context\":\"https:\/\/schema.org\",\"@graph\":[{\"@type\":\"WebPage\",\"@id\":\"https:\/\/semarahhotels.com\/en\/product\/atputa-gimenei\/\",\"url\":\"https:\/\/semarahhotels.com\/en\/product\/atputa-gimenei\/\",\"name\":\"ATP\u016aTA \u0122IMENEI - Semarah Hotels\",\"isPartOf\":{\"@id\":\"https:\/\/semarahhotels.com\/en\/#website\"},\"primaryImageOfPage\":{\"@id\":\"https:\/\/semarahhotels.com\/en\/product\/atputa-gimenei\/#primaryimage\"},\"image\":{\"@id\":\"https:\/\/semarahhotels.com\/en\/product\/atputa-gimenei\/#primaryimage\"},\"thumbnailUrl\":\"https:\/\/semarahhotels.com\/wp-content\/uploads\/2025\/08\/gimenes-atputa_dk-scaled.jpg\",\"datePublished\":\"2025-08-08T11:59:11+00:00\",\"dateModified\":\"2025-08-20T18:44:14+00:00\",\"breadcrumb\":{\"@id\":\"https:\/\/semarahhotels.com\/en\/product\/atputa-gimenei\/#breadcrumb\"},\"inLanguage\":\"en-US\",\"potentialAction\":[{\"@type\":\"ReadAction\",\"target\":[\"https:\/\/semarahhotels.com\/en\/product\/atputa-gimenei\/\"]}]},{\"@type\":\"ImageObject\",\"inLanguage\":\"en-US\",\"@id\":\"https:\/\/semarahhotels.com\/en\/product\/atputa-gimenei\/#primaryimage\",\"url\":\"https:\/\/semarahhotels.com\/wp-content\/uploads\/2025\/08\/gimenes-atputa_dk-scaled.jpg\",\"contentUrl\":\"https:\/\/semarahhotels.com\/wp-content\/uploads\/2025\/08\/gimenes-atputa_dk-scaled.jpg\",\"width\":2560,\"height\":1707},{\"@type\":\"BreadcrumbList\",\"@id\":\"https:\/\/semarahhotels.com\/en\/product\/atputa-gimenei\/#breadcrumb\",\"itemListElement\":[{\"@type\":\"ListItem\",\"position\":1,\"name\":\"Home\",\"item\":\"https:\/\/semarahhotels.com\/en\/\"},{\"@type\":\"ListItem\",\"position\":2,\"name\":\"Shop\",\"item\":\"https:\/\/semarahhotels.com\/shop\/\"},{\"@type\":\"ListItem\",\"position\":3,\"name\":\"ATP\u016aTA \u0122IMENEI\"}]},{\"@type\":\"WebSite\",\"@id\":\"https:\/\/semarahhotels.com\/en\/#website\",\"url\":\"https:\/\/semarahhotels.com\/en\/\",\"name\":\"Semarah Hotels\",\"description\":\"Semarah\",\"potentialAction\":[{\"@type\":\"SearchAction\",\"target\":{\"@type\":\"EntryPoint\",\"urlTemplate\":\"https:\/\/semarahhotels.com\/en\/?s={search_term_string}\"},\"query-input\":{\"@type\":\"PropertyValueSpecification\",\"valueRequired\":true,\"valueName\":\"search_term_string\"}}],\"inLanguage\":\"en-US\"}]}<\/script>\n<!-- \/ Yoast SEO plugin. -->","yoast_head_json":{"title":"ATP\u016aTA \u0122IMENEI - Semarah Hotels","robots":{"index":"index","follow":"follow","max-snippet":"max-snippet:-1","max-image-preview":"max-image-preview:large","max-video-preview":"max-video-preview:-1"},"canonical":"https:\/\/semarahhotels.com\/en\/product\/atputa-gimenei\/","og_locale":"en_US","og_type":"article","og_title":"ATP\u016aTA \u0122IMENEI - Semarah Hotels","og_description":"Atp\u016bta visiem kop\u0101! \u0122iemenei no 1 l\u012bdz pat 3 b\u0113rniem. KOP\u0100 JAUTR\u0100K.","og_url":"https:\/\/semarahhotels.com\/en\/product\/atputa-gimenei\/","og_site_name":"Semarah Hotels","article_publisher":"https:\/\/www.facebook.com\/semarahhotels","article_modified_time":"2025-08-20T18:44:14+00:00","og_image":[{"width":2560,"height":1707,"url":"https:\/\/semarahhotels.com\/wp-content\/uploads\/2025\/08\/gimenes-atputa_dk-scaled.jpg","type":"image\/jpeg"}],"twitter_card":"summary_large_image","schema":{"@context":"https:\/\/schema.org","@graph":[{"@type":"WebPage","@id":"https:\/\/semarahhotels.com\/en\/product\/atputa-gimenei\/","url":"https:\/\/semarahhotels.com\/en\/product\/atputa-gimenei\/","name":"ATP\u016aTA \u0122IMENEI - Semarah Hotels","isPartOf":{"@id":"https:\/\/semarahhotels.com\/en\/#website"},"primaryImageOfPage":{"@id":"https:\/\/semarahhotels.com\/en\/product\/atputa-gimenei\/#primaryimage"},"image":{"@id":"https:\/\/semarahhotels.com\/en\/product\/atputa-gimenei\/#primaryimage"},"thumbnailUrl":"https:\/\/semarahhotels.com\/wp-content\/uploads\/2025\/08\/gimenes-atputa_dk-scaled.jpg","datePublished":"2025-08-08T11:59:11+00:00","dateModified":"2025-08-20T18:44:14+00:00","breadcrumb":{"@id":"https:\/\/semarahhotels.com\/en\/product\/atputa-gimenei\/#breadcrumb"},"inLanguage":"en-US","potentialAction":[{"@type":"ReadAction","target":["https:\/\/semarahhotels.com\/en\/product\/atputa-gimenei\/"]}]},{"@type":"ImageObject","inLanguage":"en-US","@id":"https:\/\/semarahhotels.com\/en\/product\/atputa-gimenei\/#primaryimage","url":"https:\/\/semarahhotels.com\/wp-content\/uploads\/2025\/08\/gimenes-atputa_dk-scaled.jpg","contentUrl":"https:\/\/semarahhotels.com\/wp-content\/uploads\/2025\/08\/gimenes-atputa_dk-scaled.jpg","width":2560,"height":1707},{"@type":"BreadcrumbList","@id":"https:\/\/semarahhotels.com\/en\/product\/atputa-gimenei\/#breadcrumb","itemListElement":[{"@type":"ListItem","position":1,"name":"Home","item":"https:\/\/semarahhotels.com\/en\/"},{"@type":"ListItem","position":2,"name":"Shop","item":"https:\/\/semarahhotels.com\/shop\/"},{"@type":"ListItem","position":3,"name":"ATP\u016aTA \u0122IMENEI"}]},{"@type":"WebSite","@id":"https:\/\/semarahhotels.com\/en\/#website","url":"https:\/\/semarahhotels.com\/en\/","name":"Semarah Hotels","description":"Semarah","potentialAction":[{"@type":"SearchAction","target":{"@type":"EntryPoint","urlTemplate":"https:\/\/semarahhotels.com\/en\/?s={search_term_string}"},"query-input":{"@type":"PropertyValueSpecification","valueRequired":true,"valueName":"search_term_string"}}],"inLanguage":"en-US"}]}},"_links":{"self":[{"href":"https:\/\/semarahhotels.com\/en\/wp-json\/wp\/v2\/product\/64982","targetHints":{"allow":["GET"]}}],"collection":[{"href":"https:\/\/semarahhotels.com\/en\/wp-json\/wp\/v2\/product"}],"about":[{"href":"https:\/\/semarahhotels.com\/en\/wp-json\/wp\/v2\/types\/product"}],"wp:featuredmedia":[{"embeddable":true,"href":"https:\/\/semarahhotels.com\/en\/wp-json\/wp\/v2\/media\/64961"}],"wp:attachment":[{"href":"https:\/\/semarahhotels.com\/en\/wp-json\/wp\/v2\/media?parent=64982"}],"wp:term":[{"taxonomy":"product_brand","embeddable":true,"href":"https:\/\/semarahhotels.com\/en\/wp-json\/wp\/v2\/product_brand?post=64982"},{"taxonomy":"product_cat","embeddable":true,"href":"https:\/\/semarahhotels.com\/en\/wp-json\/wp\/v2\/product_cat?post=64982"},{"taxonomy":"product_tag","embeddable":true,"href":"https:\/\/semarahhotels.com\/en\/wp-json\/wp\/v2\/product_tag?post=64982"}],"curies":[{"name":"wp","href":"https:\/\/api.w.org\/{rel}","templated":true}]}}