{"id":60868,"date":"2020-09-07T13:44:14","date_gmt":"2020-09-07T13:44:14","guid":{"rendered":"https:\/\/semarahhotels.com\/projects\/"},"modified":"2025-07-17T13:24:31","modified_gmt":"2025-07-17T13:24:31","slug":"semarah-hotels-projects","status":"publish","type":"page","link":"https:\/\/semarahhotels.com\/en\/semarah-hotels-projects\/","title":{"rendered":"PROJECTS"},"content":{"rendered":"<p><span style=\"color: #ffffff\">.<\/span><div class=\"container section-title-container\" ><h1 class=\"section-title section-title-bold\"><b><\/b><span class=\"section-title-main\" >SEMARAH HOTELS PROJECTS<\/span><b><\/b><\/h1><\/div><span style=\"font-size: 14px\">Semarah Hotel Management SIA laika posm\u0101 no 2020. gada 12. l\u012bdz 13. febru\u0101rim piedal\u012bj\u0101s starptautiskaj\u0101 B2B semin\u0101r\u0101 profesion\u0101\u013ciem CONVENE 2020 (LIAA l\u012bgums Nr. SKV-L-2018\/213).<\/span><\/p>\n<p><span style=\"font-size: 14px\"><img loading=\"lazy\" decoding=\"async\" class=\"alignnone size-medium wp-image-823\" src=\"https:\/\/semarahhotels.com\/wp-content\/uploads\/2020\/08\/nap2020-300x79.jpg\" alt=\"\" width=\"300\" height=\"79\" srcset=\"https:\/\/semarahhotels.com\/wp-content\/uploads\/2020\/08\/nap2020-300x79.jpg 300w, https:\/\/semarahhotels.com\/wp-content\/uploads\/2020\/08\/nap2020-768x203.jpg 768w, https:\/\/semarahhotels.com\/wp-content\/uploads\/2020\/08\/nap2020-480x127.jpg 480w, https:\/\/semarahhotels.com\/wp-content\/uploads\/2020\/08\/nap2020.jpg 822w\" sizes=\"auto, (max-width: 300px) 100vw, 300px\" \/><\/span><\/p>\n<p><span style=\"font-size: 14px\"><strong>J\u016brmala piedal\u012bsies t\u016brisma izst\u0101d\u0113 \u201cTOUREST 2019\u201d Igaunij\u0101<\/strong><\/span><\/p>\n<p><span style=\"font-size: 14px\">8.-10. febru\u0101r\u012b Tallin\u0101 norisin\u0101sies starptautisk\u0101 t\u016brisma izst\u0101de \u201cTOUREST 2019\u201d, kur\u0101 J\u016brmala tiks p\u0101rst\u0101v\u0113ta atsevi\u0161\u0137\u0101 stend\u0101. Kop\u0101 ar J\u016brmalas t\u016brisma inform\u0101cijas centru stend\u0101 piedal\u012bsies viesn\u012bca \u201cLielupe Hotel by Semarah\u201d un sanatorija \u201cBelorusija\u201d.<\/span><br \/><span style=\"font-size: 14px\">J\u016brmala igau\u0146iem tiks prezent\u0113ta k\u0101 \u0123imenes br\u012bvdienu, atp\u016btas un atvese\u013co\u0161an\u0101s vieta j\u016bras krast\u0101 ar daudzveid\u012bg\u0101m k\u016brort\u0101rstniec\u012bbas un SPA proced\u016br\u0101m. Stend\u0101 izst\u0101des apmekl\u0113t\u0101ji var\u0113s sa\u0146emt J\u016brmalas k\u016brortpils\u0113tas t\u016brisma bro\u0161\u016bru igau\u0146u valod\u0101, inform\u0101ciju par J\u016brmalas apskates objektiem, atp\u016btu \u0123imen\u0113m ar b\u0113rniem, inform\u0101ciju par k\u016brort\u0101rstniec\u012bbas un SPA pakalpojumiem, liel\u0101kajiem pas\u0101kumiem 2019. gad\u0101. J\u016brmalas uz\u0146\u0113m\u0113ji, kuri piedal\u012bsies izst\u0101d\u0113, apmekl\u0113t\u0101jus inform\u0113s par \u012bpa\u0161ajiem pied\u0101v\u0101jumiem, sniegtajiem pakalpojumiem un cen\u0101m \u0161aj\u0101 gad\u0101, k\u0101 ar\u012b pied\u0101v\u0101s ieg\u0101d\u0101ties tos uz vietas. Stenda apmekl\u0113t\u0101jiem b\u016bs iesp\u0113ja doties virtu\u0101l\u0101 pastaig\u0101 pa J\u016brmalu, izmantojot virtu\u0101l\u0101s realit\u0101tes brilles, apskatot J\u016brmalas popul\u0101r\u0101kos t\u016brisma objektus. T\u0101pat apmekl\u0113t\u0101jiem b\u016bs iesp\u0113ja uz\u0146emt fotogr\u0101fiju ar \u012bpa\u0161i sagatavotiem atrib\u016btiem, ielikt to soci\u0101laj\u0101 t\u012bkl\u0101 \u201cFacebook\u201d un sa\u0146emt nelielu J\u016brmalas suven\u012bru.<\/span><br \/><span style=\"font-size: 14px\">\u0160ogad igau\u0146iem tiks pied\u0101v\u0101ti informat\u012bvie materi\u0101li par jaunu t\u016brisma produktu \u2013 p\u0101rg\u0101jienu mar\u0161ruts gar Baltijas j\u016bras piekrasti no Tallinas l\u012bdz Liep\u0101jai \u201cJ\u016brtaka\u201d, kas tapis p\u0101rrobe\u017eu projekta EstLat rezult\u0101t\u0101, apvienojoties vair\u0101kiem partneriem no Igaunijas un Latvijas. Mar\u0161ruts iek\u013cauj ar\u012b J\u016brmalu un aicina ce\u013cot\u0101jus izbaud\u012bt garas pastaigas gar daudzveid\u012bgo piekrasti un apskat\u012bt tuvum\u0101 eso\u0161us t\u016brisma objektus.<\/span><br \/><span style=\"font-size: 14px\">Igaunija ir b\u016btisks t\u016brisma tirgus J\u016brmalai. 2018. gada pirmajos 9 m\u0113ne\u0161os Igaunijas tirgus ie\u0146\u0113ma 4. vietu no kop\u0113j\u0101 t\u016bristu skaita, sasniedzot 9% no kop\u0113j\u0101 uz\u0146emto t\u016bristu skaita. Ik gadu J\u016brmalas naktsm\u012btn\u0113s apmetas aptuveni 20 000 t\u016bristu no Igaunijas. Ik gadu pa\u0161vald\u012bba sadarb\u012bb\u0101 ar t\u016brisma uz\u0146\u0113m\u0113jiem \u012bsteno vair\u0101kas m\u0101rketinga aktivit\u0101tes, reklam\u0113jot atp\u016btu J\u016brmal\u0101 Igaunijas pla\u0161sazi\u0146as l\u012bdzek\u013cos un Interneta vietn\u0113s.<\/span><br \/><span style=\"font-size: 14px\">Igaunijas tirgus ir viens no J\u016brmalas priorit\u0101rajiem m\u0113r\u0137a tirgiem, kur\u0101 J\u016brmala sevi populariz\u0113, piedaloties t\u016brisma izst\u0101d\u0113 \u201cTOUREST\u201d, uz\u0146emot Igaunijas masu mediju p\u0101rst\u0101vjus un t\u016brisma a\u0123entus un \u012bstenojot rekl\u0101mas kampa\u0146as pla\u0161sazi\u0146as l\u012bdzek\u013cos.<\/span><br \/><span style=\"font-size: 14px\">T\u016brisma izst\u0101d\u0113 J\u016brmalas pils\u0113tas dome piedal\u0101s projekta \u201cStarptautisk\u0101s konkur\u0113tsp\u0113jas veicin\u0101\u0161ana uz\u0146\u0113m\u0113jdarb\u012bb\u0101\u201d ietvaros, pamatojoties uz J\u016brmalas pils\u0113tas domes un v\/a \u201cLatvijas Invest\u012bciju un att\u012bst\u012bbas a\u0123ent\u016bra\u201d nosl\u0113gto vieno\u0161anos Nr. SKV-L-2017\/335.<\/span><\/p>\n<p><span style=\"font-size: 14px\"><img loading=\"lazy\" decoding=\"async\" class=\"alignnone size-medium wp-image-823\" src=\"https:\/\/semarahhotels.com\/wp-content\/uploads\/2020\/08\/nap2020-300x79.jpg\" alt=\"\" width=\"300\" height=\"79\" srcset=\"https:\/\/semarahhotels.com\/wp-content\/uploads\/2020\/08\/nap2020-300x79.jpg 300w, https:\/\/semarahhotels.com\/wp-content\/uploads\/2020\/08\/nap2020-768x203.jpg 768w, https:\/\/semarahhotels.com\/wp-content\/uploads\/2020\/08\/nap2020-480x127.jpg 480w, https:\/\/semarahhotels.com\/wp-content\/uploads\/2020\/08\/nap2020.jpg 822w\" sizes=\"auto, (max-width: 300px) 100vw, 300px\" \/><\/span><\/p>\n<p><span style=\"font-size: 14px\"><strong>2018. gada ietvaros Semarah Hotel Management SIA ir piedal\u012bju\u0161ies sekojo\u0161\u0101s starptautisk\u0101s t\u016brisma izst\u0101d\u0113s:<\/strong><\/span><\/p>\n<p><span style=\"font-size: 14px\">18.01.-21.01.2018. \u2013 MATKA, Helsinki, Somija<\/span><br \/><span style=\"font-size: 14px\">26.01.-28.01.2018 \u2013 ADVENTUR, Vi\u013c\u0146a, Lietuva<\/span><br \/><span style=\"font-size: 14px\">09.02.-11.02.2018 \u2013 TOUREST, Tallina, Igaunija<\/span><\/p>\n","protected":false},"excerpt":{"rendered":"<p>.Semarah Hotel Management SIA laika posm\u0101 no 2020. gada 12. l\u012bdz 13. febru\u0101rim piedal\u012bj\u0101s starptautiskaj\u0101 B2B semin\u0101r\u0101 profesion\u0101\u013ciem CONVENE 2020 (LIAA l\u012bgums Nr. SKV-L-2018\/213). J\u016brmala piedal\u012bsies t\u016brisma izst\u0101d\u0113 \u201cTOUREST 2019\u201d Igaunij\u0101 8.-10. febru\u0101r\u012b Tallin\u0101 norisin\u0101sies starptautisk\u0101 t\u016brisma izst\u0101de \u201cTOUREST 2019\u201d, kur\u0101 J\u016brmala tiks p\u0101rst\u0101v\u0113ta atsevi\u0161\u0137\u0101 stend\u0101. Kop\u0101 ar J\u016brmalas t\u016brisma inform\u0101cijas centru stend\u0101 piedal\u012bsies viesn\u012bca[&#8230;]\n","protected":false},"author":3,"featured_media":0,"parent":0,"menu_order":84,"comment_status":"closed","ping_status":"closed","template":"","meta":{"_acf_changed":false,"inline_featured_image":false,"footnotes":""},"class_list":["post-60868","page","type-page","status-publish","hentry"],"acf":[],"yoast_head":"<!-- This site is optimized with the Yoast SEO plugin v26.2 - https:\/\/yoast.com\/wordpress\/plugins\/seo\/ -->\n<title>PROJECTS - Semarah Hotels<\/title>\n<meta name=\"robots\" content=\"index, follow, max-snippet:-1, max-image-preview:large, max-video-preview:-1\" \/>\n<link rel=\"canonical\" href=\"https:\/\/semarahhotels.com\/en\/semarah-hotels-projects\/\" \/>\n<meta property=\"og:locale\" content=\"en_US\" \/>\n<meta property=\"og:type\" content=\"article\" \/>\n<meta property=\"og:title\" content=\"PROJECTS - Semarah Hotels\" \/>\n<meta property=\"og:description\" content=\".Semarah Hotel Management SIA laika posm\u0101 no 2020. gada 12. l\u012bdz 13. febru\u0101rim piedal\u012bj\u0101s starptautiskaj\u0101 B2B semin\u0101r\u0101 profesion\u0101\u013ciem CONVENE 2020 (LIAA l\u012bgums Nr. SKV-L-2018\/213). J\u016brmala piedal\u012bsies t\u016brisma izst\u0101d\u0113 \u201cTOUREST 2019\u201d Igaunij\u0101 8.-10. febru\u0101r\u012b Tallin\u0101 norisin\u0101sies starptautisk\u0101 t\u016brisma izst\u0101de \u201cTOUREST 2019\u201d, kur\u0101 J\u016brmala tiks p\u0101rst\u0101v\u0113ta atsevi\u0161\u0137\u0101 stend\u0101. Kop\u0101 ar J\u016brmalas t\u016brisma inform\u0101cijas centru stend\u0101 piedal\u012bsies viesn\u012bca[...]\" \/>\n<meta property=\"og:url\" content=\"https:\/\/semarahhotels.com\/en\/semarah-hotels-projects\/\" \/>\n<meta property=\"og:site_name\" content=\"Semarah Hotels\" \/>\n<meta property=\"article:publisher\" content=\"https:\/\/www.facebook.com\/semarahhotels\" \/>\n<meta property=\"article:modified_time\" content=\"2025-07-17T13:24:31+00:00\" \/>\n<meta property=\"og:image\" content=\"https:\/\/semarahhotels.com\/wp-content\/uploads\/2020\/08\/nap2020.jpg\" \/>\n\t<meta property=\"og:image:width\" content=\"822\" \/>\n\t<meta property=\"og:image:height\" content=\"217\" \/>\n\t<meta property=\"og:image:type\" content=\"image\/jpeg\" \/>\n<meta name=\"twitter:card\" content=\"summary_large_image\" \/>\n<script type=\"application\/ld+json\" class=\"yoast-schema-graph\">{\"@context\":\"https:\/\/schema.org\",\"@graph\":[{\"@type\":\"WebPage\",\"@id\":\"https:\/\/semarahhotels.com\/en\/semarah-hotels-projects\/\",\"url\":\"https:\/\/semarahhotels.com\/en\/semarah-hotels-projects\/\",\"name\":\"PROJECTS - Semarah Hotels\",\"isPartOf\":{\"@id\":\"https:\/\/semarahhotels.com\/en\/#website\"},\"primaryImageOfPage\":{\"@id\":\"https:\/\/semarahhotels.com\/en\/semarah-hotels-projects\/#primaryimage\"},\"image\":{\"@id\":\"https:\/\/semarahhotels.com\/en\/semarah-hotels-projects\/#primaryimage\"},\"thumbnailUrl\":\"https:\/\/semarahhotels.com\/wp-content\/uploads\/2020\/08\/nap2020-300x79.jpg\",\"datePublished\":\"2020-09-07T13:44:14+00:00\",\"dateModified\":\"2025-07-17T13:24:31+00:00\",\"breadcrumb\":{\"@id\":\"https:\/\/semarahhotels.com\/en\/semarah-hotels-projects\/#breadcrumb\"},\"inLanguage\":\"en-US\",\"potentialAction\":[{\"@type\":\"ReadAction\",\"target\":[\"https:\/\/semarahhotels.com\/en\/semarah-hotels-projects\/\"]}]},{\"@type\":\"ImageObject\",\"inLanguage\":\"en-US\",\"@id\":\"https:\/\/semarahhotels.com\/en\/semarah-hotels-projects\/#primaryimage\",\"url\":\"https:\/\/semarahhotels.com\/wp-content\/uploads\/2020\/08\/nap2020-300x79.jpg\",\"contentUrl\":\"https:\/\/semarahhotels.com\/wp-content\/uploads\/2020\/08\/nap2020-300x79.jpg\"},{\"@type\":\"BreadcrumbList\",\"@id\":\"https:\/\/semarahhotels.com\/en\/semarah-hotels-projects\/#breadcrumb\",\"itemListElement\":[{\"@type\":\"ListItem\",\"position\":1,\"name\":\"Home\",\"item\":\"https:\/\/semarahhotels.com\/en\/\"},{\"@type\":\"ListItem\",\"position\":2,\"name\":\"PROJECTS\"}]},{\"@type\":\"WebSite\",\"@id\":\"https:\/\/semarahhotels.com\/en\/#website\",\"url\":\"https:\/\/semarahhotels.com\/en\/\",\"name\":\"Semarah Hotels\",\"description\":\"Semarah\",\"potentialAction\":[{\"@type\":\"SearchAction\",\"target\":{\"@type\":\"EntryPoint\",\"urlTemplate\":\"https:\/\/semarahhotels.com\/en\/?s={search_term_string}\"},\"query-input\":{\"@type\":\"PropertyValueSpecification\",\"valueRequired\":true,\"valueName\":\"search_term_string\"}}],\"inLanguage\":\"en-US\"}]}<\/script>\n<!-- \/ Yoast SEO plugin. -->","yoast_head_json":{"title":"PROJECTS - Semarah Hotels","robots":{"index":"index","follow":"follow","max-snippet":"max-snippet:-1","max-image-preview":"max-image-preview:large","max-video-preview":"max-video-preview:-1"},"canonical":"https:\/\/semarahhotels.com\/en\/semarah-hotels-projects\/","og_locale":"en_US","og_type":"article","og_title":"PROJECTS - Semarah Hotels","og_description":".Semarah Hotel Management SIA laika posm\u0101 no 2020. gada 12. l\u012bdz 13. febru\u0101rim piedal\u012bj\u0101s starptautiskaj\u0101 B2B semin\u0101r\u0101 profesion\u0101\u013ciem CONVENE 2020 (LIAA l\u012bgums Nr. SKV-L-2018\/213). J\u016brmala piedal\u012bsies t\u016brisma izst\u0101d\u0113 \u201cTOUREST 2019\u201d Igaunij\u0101 8.-10. febru\u0101r\u012b Tallin\u0101 norisin\u0101sies starptautisk\u0101 t\u016brisma izst\u0101de \u201cTOUREST 2019\u201d, kur\u0101 J\u016brmala tiks p\u0101rst\u0101v\u0113ta atsevi\u0161\u0137\u0101 stend\u0101. Kop\u0101 ar J\u016brmalas t\u016brisma inform\u0101cijas centru stend\u0101 piedal\u012bsies viesn\u012bca[...]","og_url":"https:\/\/semarahhotels.com\/en\/semarah-hotels-projects\/","og_site_name":"Semarah Hotels","article_publisher":"https:\/\/www.facebook.com\/semarahhotels","article_modified_time":"2025-07-17T13:24:31+00:00","og_image":[{"width":822,"height":217,"url":"https:\/\/semarahhotels.com\/wp-content\/uploads\/2020\/08\/nap2020.jpg","type":"image\/jpeg"}],"twitter_card":"summary_large_image","schema":{"@context":"https:\/\/schema.org","@graph":[{"@type":"WebPage","@id":"https:\/\/semarahhotels.com\/en\/semarah-hotels-projects\/","url":"https:\/\/semarahhotels.com\/en\/semarah-hotels-projects\/","name":"PROJECTS - Semarah Hotels","isPartOf":{"@id":"https:\/\/semarahhotels.com\/en\/#website"},"primaryImageOfPage":{"@id":"https:\/\/semarahhotels.com\/en\/semarah-hotels-projects\/#primaryimage"},"image":{"@id":"https:\/\/semarahhotels.com\/en\/semarah-hotels-projects\/#primaryimage"},"thumbnailUrl":"https:\/\/semarahhotels.com\/wp-content\/uploads\/2020\/08\/nap2020-300x79.jpg","datePublished":"2020-09-07T13:44:14+00:00","dateModified":"2025-07-17T13:24:31+00:00","breadcrumb":{"@id":"https:\/\/semarahhotels.com\/en\/semarah-hotels-projects\/#breadcrumb"},"inLanguage":"en-US","potentialAction":[{"@type":"ReadAction","target":["https:\/\/semarahhotels.com\/en\/semarah-hotels-projects\/"]}]},{"@type":"ImageObject","inLanguage":"en-US","@id":"https:\/\/semarahhotels.com\/en\/semarah-hotels-projects\/#primaryimage","url":"https:\/\/semarahhotels.com\/wp-content\/uploads\/2020\/08\/nap2020-300x79.jpg","contentUrl":"https:\/\/semarahhotels.com\/wp-content\/uploads\/2020\/08\/nap2020-300x79.jpg"},{"@type":"BreadcrumbList","@id":"https:\/\/semarahhotels.com\/en\/semarah-hotels-projects\/#breadcrumb","itemListElement":[{"@type":"ListItem","position":1,"name":"Home","item":"https:\/\/semarahhotels.com\/en\/"},{"@type":"ListItem","position":2,"name":"PROJECTS"}]},{"@type":"WebSite","@id":"https:\/\/semarahhotels.com\/en\/#website","url":"https:\/\/semarahhotels.com\/en\/","name":"Semarah Hotels","description":"Semarah","potentialAction":[{"@type":"SearchAction","target":{"@type":"EntryPoint","urlTemplate":"https:\/\/semarahhotels.com\/en\/?s={search_term_string}"},"query-input":{"@type":"PropertyValueSpecification","valueRequired":true,"valueName":"search_term_string"}}],"inLanguage":"en-US"}]}},"_links":{"self":[{"href":"https:\/\/semarahhotels.com\/en\/wp-json\/wp\/v2\/pages\/60868","targetHints":{"allow":["GET"]}}],"collection":[{"href":"https:\/\/semarahhotels.com\/en\/wp-json\/wp\/v2\/pages"}],"about":[{"href":"https:\/\/semarahhotels.com\/en\/wp-json\/wp\/v2\/types\/page"}],"author":[{"embeddable":true,"href":"https:\/\/semarahhotels.com\/en\/wp-json\/wp\/v2\/users\/3"}],"replies":[{"embeddable":true,"href":"https:\/\/semarahhotels.com\/en\/wp-json\/wp\/v2\/comments?post=60868"}],"version-history":[{"count":0,"href":"https:\/\/semarahhotels.com\/en\/wp-json\/wp\/v2\/pages\/60868\/revisions"}],"wp:attachment":[{"href":"https:\/\/semarahhotels.com\/en\/wp-json\/wp\/v2\/media?parent=60868"}],"curies":[{"name":"wp","href":"https:\/\/api.w.org\/{rel}","templated":true}]}}