{"id":60755,"date":"2020-07-27T10:54:26","date_gmt":"2020-07-27T07:54:26","guid":{"rendered":"https:\/\/semarahhotels.com\/blogs\/"},"modified":"2025-09-09T12:51:13","modified_gmt":"2025-09-09T09:51:13","slug":"blog","status":"publish","type":"page","link":"https:\/\/semarahhotels.com\/en\/blog\/","title":{"rendered":"Blog"},"content":{"rendered":"<div class=\"row row-large blog-wrap\"  id=\"row-939555719\">\n\n\t<div id=\"col-1943245876\" class=\"col medium-9 small-12 large-9\"  >\n\t\t\t\t<div class=\"col-inner\"  >\n\t\t\t\n\t\t\t\n<div class=\"box\">\n\t<a href=\"https:\/\/grandpoet.semarahhotels.com\/en\/blogs\/the-art-collection-has-been-expanded-with-paula-vilumas-work-krasts-ii\/\" class=\"plain\">\n\t\t<div class=\"box-image rectangle\">\n\t\t\t<div class=\"entry-image-attachment image-cover\" style=\"max-height: 450px ;overflow:hidden; padding-top: 56%;\">\n\t\t\t\t<img loading=\"lazy\" decoding=\"async\" width=\"2560\" height=\"1708\" src=\"https:\/\/semarahhotels.com\/wp-content\/uploads\/sites\/2\/2025\/05\/Paula_Viluma_Art-Collection_-Grand-Poet-by-Semarah-hotels_kolekcija-1-scaled.jpg\" class=\"attachment-full size-full wp-post-image\" alt=\"\" srcset=\"https:\/\/semarahhotels.com\/wp-content\/uploads\/sites\/2\/2025\/05\/Paula_Viluma_Art-Collection_-Grand-Poet-by-Semarah-hotels_kolekcija-1-scaled.jpg 2560w, https:\/\/semarahhotels.com\/wp-content\/uploads\/sites\/2\/2025\/05\/Paula_Viluma_Art-Collection_-Grand-Poet-by-Semarah-hotels_kolekcija-1-300x200.jpg 300w, https:\/\/semarahhotels.com\/wp-content\/uploads\/sites\/2\/2025\/05\/Paula_Viluma_Art-Collection_-Grand-Poet-by-Semarah-hotels_kolekcija-1-1024x683.jpg 1024w, https:\/\/semarahhotels.com\/wp-content\/uploads\/sites\/2\/2025\/05\/Paula_Viluma_Art-Collection_-Grand-Poet-by-Semarah-hotels_kolekcija-1-768x512.jpg 768w, https:\/\/semarahhotels.com\/wp-content\/uploads\/sites\/2\/2025\/05\/Paula_Viluma_Art-Collection_-Grand-Poet-by-Semarah-hotels_kolekcija-1-1536x1025.jpg 1536w, https:\/\/semarahhotels.com\/wp-content\/uploads\/sites\/2\/2025\/05\/Paula_Viluma_Art-Collection_-Grand-Poet-by-Semarah-hotels_kolekcija-1-2048x1366.jpg 2048w\" sizes=\"auto, (max-width: 2560px) 100vw, 2560px\" \/>\t\t\t<\/div>\n\t\t<\/div>\n\t\t<div class=\"box-text text-left \">\n\t\t\t<h5 class=\"post-title is-large \">The Art Collection has been expanded with Paula Vi\u013cuma&#8217;s work &#8220;Krasts II&#8221;.<\/h5>\n\t\t\t<div class=\"post-meta is-small op-8\">May 23, 2025<\/div>\n\t\t\t<div class=\"is-divider small\"><\/div>\n\t\t\t \n\t\t\t\t\t\t  <p class=\"from_the_blog_excerpt small-font show-next\">\n\t\t\t    \t\t\t  <\/p>\n\t\t\t \n\t\t<\/div>\n\t<\/a>\n \n<\/div>\n<div class=\"box\">\n\t<a href=\"https:\/\/grandpoet.semarahhotels.com\/en\/blogs\/the-grand-poet-art-collection-has-been-expanded\/\" class=\"plain\">\n\t\t<div class=\"box-image rectangle\">\n\t\t\t<div class=\"entry-image-attachment image-cover\" style=\"max-height: 450px ;overflow:hidden; padding-top: 56%;\">\n\t\t\t\t<img loading=\"lazy\" decoding=\"async\" width=\"980\" height=\"653\" src=\"https:\/\/semarahhotels.com\/wp-content\/uploads\/sites\/2\/2025\/05\/2024-07-03_58c57cd8d261fe1015d8b8624ff6e8b8_Madara_Freidenfelde_Koks_Art_Collection_Grand_Poet_main.jpg\" class=\"attachment-full size-full wp-post-image\" alt=\"\" srcset=\"https:\/\/semarahhotels.com\/wp-content\/uploads\/sites\/2\/2025\/05\/2024-07-03_58c57cd8d261fe1015d8b8624ff6e8b8_Madara_Freidenfelde_Koks_Art_Collection_Grand_Poet_main.jpg 980w, https:\/\/semarahhotels.com\/wp-content\/uploads\/sites\/2\/2025\/05\/2024-07-03_58c57cd8d261fe1015d8b8624ff6e8b8_Madara_Freidenfelde_Koks_Art_Collection_Grand_Poet_main-300x200.jpg 300w, https:\/\/semarahhotels.com\/wp-content\/uploads\/sites\/2\/2025\/05\/2024-07-03_58c57cd8d261fe1015d8b8624ff6e8b8_Madara_Freidenfelde_Koks_Art_Collection_Grand_Poet_main-768x512.jpg 768w\" sizes=\"auto, (max-width: 980px) 100vw, 980px\" \/>\t\t\t<\/div>\n\t\t<\/div>\n\t\t<div class=\"box-text text-left \">\n\t\t\t<h5 class=\"post-title is-large \">The Grand Poet Art Collection has been expanded.<\/h5>\n\t\t\t<div class=\"post-meta is-small op-8\">May 23, 2025<\/div>\n\t\t\t<div class=\"is-divider small\"><\/div>\n\t\t\t \n\t\t\t\t\t\t  <p class=\"from_the_blog_excerpt small-font show-next\">\n\t\t\t    The acquired artwork &#8220;Koks&#8221; is on display in room #212 of the Grand Poet hotel.\t\t\t  <\/p>\n\t\t\t \n\t\t<\/div>\n\t<\/a>\n \n<\/div>\n<div class=\"box\">\n\t<a href=\"https:\/\/grandpoet.semarahhotels.com\/en\/blogs\/the-grand-poet-art-collection-is-expanding-2\/\" class=\"plain\">\n\t\t<div class=\"box-image rectangle\">\n\t\t\t<div class=\"entry-image-attachment image-cover\" style=\"max-height: 450px ;overflow:hidden; padding-top: 56%;\">\n\t\t\t\t<img loading=\"lazy\" decoding=\"async\" width=\"980\" height=\"1469\" src=\"https:\/\/semarahhotels.com\/wp-content\/uploads\/sites\/2\/2025\/05\/2024-07-03_b70a8cb438c3965d8a3e9b46f316d7da_Alise_Builevica_Ceotjs_Grand_Poet_main.jpg\" class=\"attachment-full size-full wp-post-image\" alt=\"\" srcset=\"https:\/\/semarahhotels.com\/wp-content\/uploads\/sites\/2\/2025\/05\/2024-07-03_b70a8cb438c3965d8a3e9b46f316d7da_Alise_Builevica_Ceotjs_Grand_Poet_main.jpg 980w, https:\/\/semarahhotels.com\/wp-content\/uploads\/sites\/2\/2025\/05\/2024-07-03_b70a8cb438c3965d8a3e9b46f316d7da_Alise_Builevica_Ceotjs_Grand_Poet_main-200x300.jpg 200w, https:\/\/semarahhotels.com\/wp-content\/uploads\/sites\/2\/2025\/05\/2024-07-03_b70a8cb438c3965d8a3e9b46f316d7da_Alise_Builevica_Ceotjs_Grand_Poet_main-683x1024.jpg 683w, https:\/\/semarahhotels.com\/wp-content\/uploads\/sites\/2\/2025\/05\/2024-07-03_b70a8cb438c3965d8a3e9b46f316d7da_Alise_Builevica_Ceotjs_Grand_Poet_main-768x1151.jpg 768w\" sizes=\"auto, (max-width: 980px) 100vw, 980px\" \/>\t\t\t<\/div>\n\t\t<\/div>\n\t\t<div class=\"box-text text-left \">\n\t\t\t<h5 class=\"post-title is-large \">The Grand Poet Art Collection is expanding.<\/h5>\n\t\t\t<div class=\"post-meta is-small op-8\">May 23, 2025<\/div>\n\t\t\t<div class=\"is-divider small\"><\/div>\n\t\t\t \n\t\t\t\t\t\t  <p class=\"from_the_blog_excerpt small-font show-next\">\n\t\t\t    The acquired artwork &#8220;Ce\u013cot\u0101js&#8221; is on display on the 2nd floor of the Grand Poet [...]\t\t\t  <\/p>\n\t\t\t \n\t\t<\/div>\n\t<\/a>\n \n<\/div>\n<div class=\"box\">\n\t<a href=\"https:\/\/grandpoet.semarahhotels.com\/en\/blogs\/solo-exhibition-wanderer-by-alise-builevica-opens\/\" class=\"plain\">\n\t\t<div class=\"box-image rectangle\">\n\t\t\t<div class=\"entry-image-attachment image-cover\" style=\"max-height: 450px ;overflow:hidden; padding-top: 56%;\">\n\t\t\t\t<img loading=\"lazy\" decoding=\"async\" width=\"980\" height=\"653\" src=\"https:\/\/semarahhotels.com\/wp-content\/uploads\/sites\/2\/2025\/05\/2023-05-25_d00d0d0a6cd2a191325751dccba3eb1d_Grand_Poet_by_Semarah_Hotels_Riga_LMA_Art_Collection_2023_1_main.jpg\" class=\"attachment-full size-full wp-post-image\" alt=\"\" srcset=\"https:\/\/semarahhotels.com\/wp-content\/uploads\/sites\/2\/2025\/05\/2023-05-25_d00d0d0a6cd2a191325751dccba3eb1d_Grand_Poet_by_Semarah_Hotels_Riga_LMA_Art_Collection_2023_1_main.jpg 980w, https:\/\/semarahhotels.com\/wp-content\/uploads\/sites\/2\/2025\/05\/2023-05-25_d00d0d0a6cd2a191325751dccba3eb1d_Grand_Poet_by_Semarah_Hotels_Riga_LMA_Art_Collection_2023_1_main-300x200.jpg 300w, https:\/\/semarahhotels.com\/wp-content\/uploads\/sites\/2\/2025\/05\/2023-05-25_d00d0d0a6cd2a191325751dccba3eb1d_Grand_Poet_by_Semarah_Hotels_Riga_LMA_Art_Collection_2023_1_main-768x512.jpg 768w\" sizes=\"auto, (max-width: 980px) 100vw, 980px\" \/>\t\t\t<\/div>\n\t\t<\/div>\n\t\t<div class=\"box-text text-left \">\n\t\t\t<h5 class=\"post-title is-large \">Solo Exhibition &#8220;Wanderer&#8221; by Alise Builevica Opens<\/h5>\n\t\t\t<div class=\"post-meta is-small op-8\">May 23, 2025<\/div>\n\t\t\t<div class=\"is-divider small\"><\/div>\n\t\t\t \n\t\t\t\t\t\t  <p class=\"from_the_blog_excerpt small-font show-next\">\n\t\t\t    The Latvian Academy of Arts, in collaboration with the &#8220;Grand Poet&#8221; design hotel, opens the [...]\t\t\t  <\/p>\n\t\t\t \n\t\t<\/div>\n\t<\/a>\n \n<\/div>\n<div class=\"box\">\n\t<a href=\"https:\/\/grandpoet.semarahhotels.com\/en\/blogs\/the-grand-poet-art-collection-is-enriched-by-another-beautiful-artwork\/\" class=\"plain\">\n\t\t<div class=\"box-image rectangle\">\n\t\t\t<div class=\"entry-image-attachment image-cover\" style=\"max-height: 450px ;overflow:hidden; padding-top: 56%;\">\n\t\t\t\t<img loading=\"lazy\" decoding=\"async\" width=\"2560\" height=\"1706\" src=\"https:\/\/semarahhotels.com\/wp-content\/uploads\/sites\/2\/2025\/09\/garnd-poet-by-semarah-hotels_lma_roberts-balins-scaled.jpg\" class=\"attachment-full size-full wp-post-image\" alt=\"\" srcset=\"https:\/\/semarahhotels.com\/wp-content\/uploads\/sites\/2\/2025\/09\/garnd-poet-by-semarah-hotels_lma_roberts-balins-scaled.jpg 2560w, https:\/\/semarahhotels.com\/wp-content\/uploads\/sites\/2\/2025\/09\/garnd-poet-by-semarah-hotels_lma_roberts-balins-300x200.jpg 300w, https:\/\/semarahhotels.com\/wp-content\/uploads\/sites\/2\/2025\/09\/garnd-poet-by-semarah-hotels_lma_roberts-balins-1024x683.jpg 1024w, https:\/\/semarahhotels.com\/wp-content\/uploads\/sites\/2\/2025\/09\/garnd-poet-by-semarah-hotels_lma_roberts-balins-768x512.jpg 768w, https:\/\/semarahhotels.com\/wp-content\/uploads\/sites\/2\/2025\/09\/garnd-poet-by-semarah-hotels_lma_roberts-balins-1536x1024.jpg 1536w, https:\/\/semarahhotels.com\/wp-content\/uploads\/sites\/2\/2025\/09\/garnd-poet-by-semarah-hotels_lma_roberts-balins-2048x1365.jpg 2048w\" sizes=\"auto, (max-width: 2560px) 100vw, 2560px\" \/>\t\t\t<\/div>\n\t\t<\/div>\n\t\t<div class=\"box-text text-left \">\n\t\t\t<h5 class=\"post-title is-large \">The Grand Poet Art Collection is enriched by another beautiful artwork.<\/h5>\n\t\t\t<div class=\"post-meta is-small op-8\">May 23, 2025<\/div>\n\t\t\t<div class=\"is-divider small\"><\/div>\n\t\t\t \n\t\t\t\t\t\t  <p class=\"from_the_blog_excerpt small-font show-next\">\n\t\t\t    The acquired piece &#8220;From Top to Bottom&#8221; is on display at the Grand Poet hotel&#8217;s [...]\t\t\t  <\/p>\n\t\t\t \n\t\t<\/div>\n\t<\/a>\n \n<\/div>\n<div class=\"box\">\n\t<a href=\"https:\/\/grandpoet.semarahhotels.com\/en\/blogs\/exhibition-of-sculptor-roberts-balins\/\" class=\"plain\">\n\t\t<div class=\"box-image rectangle\">\n\t\t\t<div class=\"entry-image-attachment image-cover\" style=\"max-height: 450px ;overflow:hidden; padding-top: 56%;\">\n\t\t\t\t<img loading=\"lazy\" decoding=\"async\" width=\"980\" height=\"653\" src=\"https:\/\/semarahhotels.com\/wp-content\/uploads\/sites\/2\/2025\/05\/2023-04-30_30d51f1358fc601daf8ad2adee392fbb_foto_LaumaKalnina-5982-980x653_main.jpeg\" class=\"attachment-full size-full wp-post-image\" alt=\"\" srcset=\"https:\/\/semarahhotels.com\/wp-content\/uploads\/sites\/2\/2025\/05\/2023-04-30_30d51f1358fc601daf8ad2adee392fbb_foto_LaumaKalnina-5982-980x653_main.jpeg 980w, https:\/\/semarahhotels.com\/wp-content\/uploads\/sites\/2\/2025\/05\/2023-04-30_30d51f1358fc601daf8ad2adee392fbb_foto_LaumaKalnina-5982-980x653_main-300x200.jpeg 300w, https:\/\/semarahhotels.com\/wp-content\/uploads\/sites\/2\/2025\/05\/2023-04-30_30d51f1358fc601daf8ad2adee392fbb_foto_LaumaKalnina-5982-980x653_main-768x512.jpeg 768w\" sizes=\"auto, (max-width: 980px) 100vw, 980px\" \/>\t\t\t<\/div>\n\t\t<\/div>\n\t\t<div class=\"box-text text-left \">\n\t\t\t<h5 class=\"post-title is-large \">Exhibition of Sculptor Roberts B\u0101li\u0146\u0161<\/h5>\n\t\t\t<div class=\"post-meta is-small op-8\">May 23, 2025<\/div>\n\t\t\t<div class=\"is-divider small\"><\/div>\n\t\t\t \n\t\t\t\t\t\t  <p class=\"from_the_blog_excerpt small-font show-next\">\n\t\t\t    On June 16th of this year, the Latvian Academy of Arts (LMA) in collaboration with [...]\t\t\t  <\/p>\n\t\t\t \n\t\t<\/div>\n\t<\/a>\n \n<\/div>\n<div class=\"pagination ux-relay__control ux-relay__control--bottom container pb-half text-right\"><a class=\"ux-relay__button ux-relay__load-more-button button primary mb-0\" href=\"https:\/\/semarahhotels.com\/en\/wp-json\/wp\/v2\/pages\/60755\/page\/2\/\">Load more<\/a><\/div>\n\t\t<\/div>\n\t\t\t\t\t<\/div>\n\n\t\n\n\t<div id=\"col-497715385\" class=\"col medium-3 small-12 large-3 small-col-first\"  >\n\t\t\t\t<div class=\"col-inner\"  >\n\t\t\t\n\t\t\t\n<ul class=\"sidebar-wrapper ul-reset\"><aside id=\"block_widget-2\" class=\"widget block_widget\">\n\t\t\n\t\t<div class=\"row\"  id=\"row-1337425258\">\n\n\n\t<div id=\"col-1388146745\" class=\"col small-12 large-12\"  >\n\t\t\t\t<div class=\"col-inner\"  >\n\t\t\t\n\t\t\t\n\n\t<div id=\"text-3928164062\" class=\"text font-medium\">\n\t\t\n\n<h2>Izv\u0113lieties viesn\u012bcu<\/h2>\n\t\t\n<style>\n#text-3928164062 {\n  text-align: center;\n}\n<\/style>\n\t<\/div>\n\t\n\n\t\t<\/div>\n\t\t\t\t\t<\/div>\n\n\t\n\n\t<div id=\"col-1678283963\" class=\"col small-12 large-12\"  >\n\t\t\t\t<div class=\"col-inner\"  >\n\t\t\t\n\t\t\t\n\n\n  <div class=\"banner has-hover active\" id=\"banner-1969748824\">\n          <div class=\"banner-inner fill\">\n        <div class=\"banner-bg fill\" >\n                                    <div class=\"overlay\"><\/div>            \n                    <\/div>\n\t\t\n        <div class=\"banner-layers container\">\n            <a class=\"fill\" href=\"\/blogs\/\" ><div class=\"fill banner-link\"><\/div><\/a>            \n\n   <div id=\"text-box-399009725\" class=\"text-box banner-layer x50 md-x50 lg-x50 y50 md-y50 lg-y50 res-text\">\n                                <div class=\"text-box-content text dark\">\n              \n              <div class=\"text-inner text-center\">\n                  \n\n\t<div class=\"img has-hover x md-x lg-x y md-y lg-y\" id=\"image_1699218216\">\n\t\t\t\t\t\t\t\t<div class=\"img-inner dark\" >\n\t\t\t<img loading=\"lazy\" decoding=\"async\" width=\"96\" height=\"96\" src=\"https:\/\/semarahhotels.com\/wp-content\/uploads\/2020\/09\/Semarah_white.svg\" class=\"attachment-thumbnail size-thumbnail\" alt=\"\" \/>\t\t\t\t\t\t\n\t\t\t\t\t<\/div>\n\t\t\t\t\t\t\t\t\n<style>\n#image_1699218216 {\n  width: 80%;\n}\n@media (min-width:550px) {\n  #image_1699218216 {\n    width: 100%;\n  }\n}\n<\/style>\n\t<\/div>\n\t\n\n\n              <\/div>\n           <\/div>\n                            \n<style>\n#text-box-399009725 {\n  width: 60%;\n}\n#text-box-399009725 .text-box-content {\n  font-size: 100%;\n}\n<\/style>\n    <\/div>\n \n\n        <\/div>\n      <\/div>\n\n            \n<style>\n#banner-1969748824 {\n  padding-top: 80px;\n  background-color: rgba(0, 0, 0, 0.05);\n}\n#banner-1969748824 .overlay {\n  background-color: rgb(69, 75, 79);\n}\n<\/style>\n  <\/div>\n\n\n\n\t\t<\/div>\n\t\t\t\t\t<\/div>\n\n\t\n\n\t<div id=\"col-247946038\" class=\"col small-12 large-12\"  >\n\t\t\t\t<div class=\"col-inner\"  >\n\t\t\t\n\t\t\t\n\n\n  <div class=\"banner has-hover\" id=\"banner-538146530\">\n          <div class=\"banner-inner fill\">\n        <div class=\"banner-bg fill\" >\n                                    <div class=\"overlay\"><\/div>            \n                    <\/div>\n\t\t\n        <div class=\"banner-layers container\">\n            <a class=\"fill\" href=\"https:\/\/grandpoet.semarahhotels.com\/blogs\/\" ><div class=\"fill banner-link\"><\/div><\/a>            \n\n   <div id=\"text-box-596460460\" class=\"text-box banner-layer x50 md-x50 lg-x50 y50 md-y50 lg-y50 res-text\">\n                                <div class=\"text-box-content text dark\">\n              \n              <div class=\"text-inner text-center\">\n                  \n\n\t<div class=\"img has-hover x md-x lg-x y md-y lg-y\" id=\"image_855989722\">\n\t\t\t\t\t\t\t\t<div class=\"img-inner dark\" >\n\t\t\t<img loading=\"lazy\" decoding=\"async\" width=\"120\" height=\"47\" src=\"https:\/\/semarahhotels.com\/wp-content\/uploads\/2020\/09\/GrandPoet_black.svg\" class=\"attachment-original size-original\" alt=\"\" \/>\t\t\t\t\t\t\n\t\t\t\t\t<\/div>\n\t\t\t\t\t\t\t\t\n<style>\n#image_855989722 {\n  width: 60%;\n}\n@media (min-width:550px) {\n  #image_855989722 {\n    width: 80%;\n  }\n}\n<\/style>\n\t<\/div>\n\t\n\n\n              <\/div>\n           <\/div>\n                            \n<style>\n#text-box-596460460 {\n  width: 60%;\n}\n#text-box-596460460 .text-box-content {\n  font-size: 100%;\n}\n<\/style>\n    <\/div>\n \n\n        <\/div>\n      <\/div>\n\n            \n<style>\n#banner-538146530 {\n  padding-top: 80px;\n  background-color: rgba(0, 0, 0, 0.05);\n}\n#banner-538146530 .overlay {\n  background-color: rgba(0, 0, 0, 0.1);\n}\n<\/style>\n  <\/div>\n\n\n\n\t\t<\/div>\n\t\t\t\t\t<\/div>\n\n\t\n\n\t<div id=\"col-2038365501\" class=\"col small-12 large-12\"  >\n\t\t\t\t<div class=\"col-inner text-center dark\"  >\n\t\t\t\n\t\t\t\n\n\n  <div class=\"banner has-hover\" id=\"banner-1061759904\">\n          <div class=\"banner-inner fill\">\n        <div class=\"banner-bg fill\" >\n                                    <div class=\"overlay\"><\/div>            \n                    <\/div>\n\t\t\n        <div class=\"banner-layers container\">\n            <a class=\"fill\" href=\"https:\/\/lielupe.semarahhotels.com\/blogs\/\" target=\"_blank\" rel=\"noopener\" ><div class=\"fill banner-link\"><\/div><\/a>            \n\n   <div id=\"text-box-2004654524\" class=\"text-box banner-layer x50 md-x50 lg-x50 y50 md-y50 lg-y50 res-text\">\n                                <div class=\"text-box-content text dark\">\n              \n              <div class=\"text-inner text-center\">\n                  \n\n\t<div class=\"img has-hover x md-x lg-x y md-y lg-y\" id=\"image_792746391\">\n\t\t\t\t\t\t\t\t<div class=\"img-inner dark\" >\n\t\t\t<img loading=\"lazy\" decoding=\"async\" width=\"1020\" height=\"1020\" src=\"https:\/\/semarahhotels.com\/wp-content\/uploads\/2020\/09\/Lielupe_black_V2.svg\" class=\"attachment-large size-large\" alt=\"\" \/>\t\t\t\t\t\t\n\t\t\t\t\t<\/div>\n\t\t\t\t\t\t\t\t\n<style>\n#image_792746391 {\n  width: 80%;\n}\n@media (min-width:550px) {\n  #image_792746391 {\n    width: 100%;\n  }\n}\n<\/style>\n\t<\/div>\n\t\n\n\n              <\/div>\n           <\/div>\n                            \n<style>\n#text-box-2004654524 {\n  width: 60%;\n}\n#text-box-2004654524 .text-box-content {\n  font-size: 100%;\n}\n<\/style>\n    <\/div>\n \n\n        <\/div>\n      <\/div>\n\n            \n<style>\n#banner-1061759904 {\n  padding-top: 80px;\n  background-color: rgba(0, 0, 0, 0.05);\n}\n#banner-1061759904 .overlay {\n  background-color: rgba(0, 0, 0, 0.1);\n}\n<\/style>\n  <\/div>\n\n\n\n\t\t<\/div>\n\t\t\t\t\t<\/div>\n\n\t\n\n<\/div>\n\t\t<\/aside><\/ul>\n<p><\/p>\n\t\t<\/div>\n\t\t\t\t\t<\/div>\n\n\t\n<\/div>\n","protected":false},"excerpt":{"rendered":"","protected":false},"author":3,"featured_media":63133,"parent":0,"menu_order":31,"comment_status":"closed","ping_status":"closed","template":"","meta":{"_acf_changed":false,"inline_featured_image":false,"footnotes":""},"class_list":["post-60755","page","type-page","status-publish","has-post-thumbnail","hentry"],"acf":[],"yoast_head":"<!-- This site is optimized with the Yoast SEO plugin v26.2 - https:\/\/yoast.com\/wordpress\/plugins\/seo\/ -->\n<title>Blog - Semarah Hotels<\/title>\n<meta name=\"description\" content=\"Hotel network activities, exhibitions, events in Riga and J\u016brmala\" \/>\n<meta name=\"robots\" content=\"index, follow, max-snippet:-1, max-image-preview:large, max-video-preview:-1\" \/>\n<link rel=\"canonical\" href=\"https:\/\/semarahhotels.com\/en\/blog\/\" \/>\n<meta property=\"og:locale\" content=\"en_US\" \/>\n<meta property=\"og:type\" content=\"article\" \/>\n<meta property=\"og:title\" content=\"Blog - Semarah Hotels\" \/>\n<meta property=\"og:description\" content=\"Hotel network activities, exhibitions, events in Riga and J\u016brmala\" \/>\n<meta property=\"og:url\" content=\"https:\/\/semarahhotels.com\/en\/blog\/\" \/>\n<meta property=\"og:site_name\" content=\"Semarah Hotels\" \/>\n<meta property=\"article:publisher\" content=\"https:\/\/www.facebook.com\/semarahhotels\" \/>\n<meta property=\"article:modified_time\" content=\"2025-09-09T09:51:13+00:00\" \/>\n<meta property=\"og:image\" content=\"https:\/\/semarahhotels.com\/wp-content\/uploads\/2025\/05\/foto_LaumaKalnina-5906-scaled.jpg\" \/>\n\t<meta property=\"og:image:width\" content=\"2560\" \/>\n\t<meta property=\"og:image:height\" content=\"1707\" \/>\n\t<meta property=\"og:image:type\" content=\"image\/jpeg\" \/>\n<meta name=\"twitter:card\" content=\"summary_large_image\" \/>\n<script type=\"application\/ld+json\" class=\"yoast-schema-graph\">{\"@context\":\"https:\/\/schema.org\",\"@graph\":[{\"@type\":\"WebPage\",\"@id\":\"https:\/\/semarahhotels.com\/en\/blog\/\",\"url\":\"https:\/\/semarahhotels.com\/en\/blog\/\",\"name\":\"Blog - Semarah Hotels\",\"isPartOf\":{\"@id\":\"https:\/\/semarahhotels.com\/en\/#website\"},\"primaryImageOfPage\":{\"@id\":\"https:\/\/semarahhotels.com\/en\/blog\/#primaryimage\"},\"image\":{\"@id\":\"https:\/\/semarahhotels.com\/en\/blog\/#primaryimage\"},\"thumbnailUrl\":\"https:\/\/semarahhotels.com\/wp-content\/uploads\/2025\/05\/foto_LaumaKalnina-5906-scaled.jpg\",\"datePublished\":\"2020-07-27T07:54:26+00:00\",\"dateModified\":\"2025-09-09T09:51:13+00:00\",\"description\":\"Hotel network activities, exhibitions, events in Riga and J\u016brmala\",\"breadcrumb\":{\"@id\":\"https:\/\/semarahhotels.com\/en\/blog\/#breadcrumb\"},\"inLanguage\":\"en-US\",\"potentialAction\":[{\"@type\":\"ReadAction\",\"target\":[\"https:\/\/semarahhotels.com\/en\/blog\/\"]}]},{\"@type\":\"ImageObject\",\"inLanguage\":\"en-US\",\"@id\":\"https:\/\/semarahhotels.com\/en\/blog\/#primaryimage\",\"url\":\"https:\/\/semarahhotels.com\/wp-content\/uploads\/2025\/05\/foto_LaumaKalnina-5906-scaled.jpg\",\"contentUrl\":\"https:\/\/semarahhotels.com\/wp-content\/uploads\/2025\/05\/foto_LaumaKalnina-5906-scaled.jpg\",\"width\":2560,\"height\":1707},{\"@type\":\"BreadcrumbList\",\"@id\":\"https:\/\/semarahhotels.com\/en\/blog\/#breadcrumb\",\"itemListElement\":[{\"@type\":\"ListItem\",\"position\":1,\"name\":\"Home\",\"item\":\"https:\/\/semarahhotels.com\/en\/\"},{\"@type\":\"ListItem\",\"position\":2,\"name\":\"Blog\"}]},{\"@type\":\"WebSite\",\"@id\":\"https:\/\/semarahhotels.com\/en\/#website\",\"url\":\"https:\/\/semarahhotels.com\/en\/\",\"name\":\"Semarah Hotels\",\"description\":\"Semarah\",\"potentialAction\":[{\"@type\":\"SearchAction\",\"target\":{\"@type\":\"EntryPoint\",\"urlTemplate\":\"https:\/\/semarahhotels.com\/en\/?s={search_term_string}\"},\"query-input\":{\"@type\":\"PropertyValueSpecification\",\"valueRequired\":true,\"valueName\":\"search_term_string\"}}],\"inLanguage\":\"en-US\"}]}<\/script>\n<!-- \/ Yoast SEO plugin. -->","yoast_head_json":{"title":"Blog - Semarah Hotels","description":"Hotel network activities, exhibitions, events in Riga and J\u016brmala","robots":{"index":"index","follow":"follow","max-snippet":"max-snippet:-1","max-image-preview":"max-image-preview:large","max-video-preview":"max-video-preview:-1"},"canonical":"https:\/\/semarahhotels.com\/en\/blog\/","og_locale":"en_US","og_type":"article","og_title":"Blog - Semarah Hotels","og_description":"Hotel network activities, exhibitions, events in Riga and J\u016brmala","og_url":"https:\/\/semarahhotels.com\/en\/blog\/","og_site_name":"Semarah Hotels","article_publisher":"https:\/\/www.facebook.com\/semarahhotels","article_modified_time":"2025-09-09T09:51:13+00:00","og_image":[{"width":2560,"height":1707,"url":"https:\/\/semarahhotels.com\/wp-content\/uploads\/2025\/05\/foto_LaumaKalnina-5906-scaled.jpg","type":"image\/jpeg"}],"twitter_card":"summary_large_image","schema":{"@context":"https:\/\/schema.org","@graph":[{"@type":"WebPage","@id":"https:\/\/semarahhotels.com\/en\/blog\/","url":"https:\/\/semarahhotels.com\/en\/blog\/","name":"Blog - Semarah Hotels","isPartOf":{"@id":"https:\/\/semarahhotels.com\/en\/#website"},"primaryImageOfPage":{"@id":"https:\/\/semarahhotels.com\/en\/blog\/#primaryimage"},"image":{"@id":"https:\/\/semarahhotels.com\/en\/blog\/#primaryimage"},"thumbnailUrl":"https:\/\/semarahhotels.com\/wp-content\/uploads\/2025\/05\/foto_LaumaKalnina-5906-scaled.jpg","datePublished":"2020-07-27T07:54:26+00:00","dateModified":"2025-09-09T09:51:13+00:00","description":"Hotel network activities, exhibitions, events in Riga and J\u016brmala","breadcrumb":{"@id":"https:\/\/semarahhotels.com\/en\/blog\/#breadcrumb"},"inLanguage":"en-US","potentialAction":[{"@type":"ReadAction","target":["https:\/\/semarahhotels.com\/en\/blog\/"]}]},{"@type":"ImageObject","inLanguage":"en-US","@id":"https:\/\/semarahhotels.com\/en\/blog\/#primaryimage","url":"https:\/\/semarahhotels.com\/wp-content\/uploads\/2025\/05\/foto_LaumaKalnina-5906-scaled.jpg","contentUrl":"https:\/\/semarahhotels.com\/wp-content\/uploads\/2025\/05\/foto_LaumaKalnina-5906-scaled.jpg","width":2560,"height":1707},{"@type":"BreadcrumbList","@id":"https:\/\/semarahhotels.com\/en\/blog\/#breadcrumb","itemListElement":[{"@type":"ListItem","position":1,"name":"Home","item":"https:\/\/semarahhotels.com\/en\/"},{"@type":"ListItem","position":2,"name":"Blog"}]},{"@type":"WebSite","@id":"https:\/\/semarahhotels.com\/en\/#website","url":"https:\/\/semarahhotels.com\/en\/","name":"Semarah Hotels","description":"Semarah","potentialAction":[{"@type":"SearchAction","target":{"@type":"EntryPoint","urlTemplate":"https:\/\/semarahhotels.com\/en\/?s={search_term_string}"},"query-input":{"@type":"PropertyValueSpecification","valueRequired":true,"valueName":"search_term_string"}}],"inLanguage":"en-US"}]}},"_links":{"self":[{"href":"https:\/\/semarahhotels.com\/en\/wp-json\/wp\/v2\/pages\/60755","targetHints":{"allow":["GET"]}}],"collection":[{"href":"https:\/\/semarahhotels.com\/en\/wp-json\/wp\/v2\/pages"}],"about":[{"href":"https:\/\/semarahhotels.com\/en\/wp-json\/wp\/v2\/types\/page"}],"author":[{"embeddable":true,"href":"https:\/\/semarahhotels.com\/en\/wp-json\/wp\/v2\/users\/3"}],"replies":[{"embeddable":true,"href":"https:\/\/semarahhotels.com\/en\/wp-json\/wp\/v2\/comments?post=60755"}],"version-history":[{"count":2,"href":"https:\/\/semarahhotels.com\/en\/wp-json\/wp\/v2\/pages\/60755\/revisions"}],"predecessor-version":[{"id":65841,"href":"https:\/\/semarahhotels.com\/en\/wp-json\/wp\/v2\/pages\/60755\/revisions\/65841"}],"wp:featuredmedia":[{"embeddable":true,"href":"https:\/\/semarahhotels.com\/en\/wp-json\/wp\/v2\/media\/63133"}],"wp:attachment":[{"href":"https:\/\/semarahhotels.com\/en\/wp-json\/wp\/v2\/media?parent=60755"}],"curies":[{"name":"wp","href":"https:\/\/api.w.org\/{rel}","templated":true}]}}